{"id":14090,"date":"2025-12-04T17:32:30","date_gmt":"2025-12-04T16:32:30","guid":{"rendered":"https:\/\/damicoline.com\/product\/molla-frizione-ape-calessino-200-classic-400\/"},"modified":"2026-04-22T14:53:17","modified_gmt":"2026-04-22T12:53:17","slug":"kupplungsfeder-fur-piaggio-ape-calessino-200-und-classic-400","status":"publish","type":"product","link":"https:\/\/damicoline.com\/de\/produkt\/kupplungsfeder-fur-piaggio-ape-calessino-200-und-classic-400\/","title":{"rendered":"Kupplungsfeder f\u00fcr Piaggio Ape Calessino 200 und Classic 400"},"content":{"rendered":"<p><strong>Kupplungsfeder f\u00fcr Piaggio Ape Calessino 200 und Ape Classic 400<\/strong><\/p>\n<p>Kupplungsfeder kompatibel mit <strong>Piaggio Ape Calessino 200<\/strong> und <strong>Ape Classic 400<\/strong>. Gew\u00e4hrleistet den richtigen Druck des Kupplungspakets und sorgt f\u00fcr einen stabilen Eingriff, gleichm\u00e4\u00dfige Reaktion und Langlebigkeit. Elastisches Material, das hohen Temperaturen und Verschlei\u00df standh\u00e4lt.<\/p>\n<p><em>Hinweis:<\/em> F\u00fcr die vollst\u00e4ndige Montage der Kupplung werden <strong>6 Federn<\/strong> ben\u00f6tigt.<\/p>\n<div class=\"text-sm text-gray-800 font-medium mb-2\"><div class=\"text-sm text-gray-800 font-medium mb-2\"><strong>Referenzcodes:<\/strong>&#32;&#49;&#50;&#55;&#55;&#53;&#53;&#48;&#49;&#51;<\/div><\/div>\n<div class=\"oem-box mb-4\"><div class=\"oem-box mb-4\"><p class=\"text-sm text-gray-800 font-medium mb-2\">Typ: <strong>Original Piaggio<\/strong><\/p><p class=\"text-sm text-gray-700 mb-1\">Originalteil von Piaggio, f\u00fcr korrekte Passform und Leistung entwickelt.<\/p><p class=\"text-xs text-gray-500 mt-2\">Marken geh\u00f6ren den jeweiligen Inhabern.<\/p><\/div><\/div>\n<section class=\"compatibility-block mb-4\"><section class=\"compatibility-block mb-4\"><div class=\"product-extra-details hide-below-992\"><table class=\"woocommerce-product-attributes\"><tbody><tr><th colspan=\"2\"><span class=\"text-sm font-medium mb-2\">Kompatibel mit:<\/span><\/th><\/tr><tr><th>Fahrzeugmodell \u2013 Rahmenpr\u00e4fix:<\/th><td><a href=\"https:\/\/damicoline.com\/de\/shop\/?vx_brand=PIAGGIO&#038;vx_model=APE%20CALESSINO%20200%20E2%20(2013-2017)&#038;vx_engine=TBP4M&#038;vx_years=2013-2017\">\ud83d\ude9a PIAGGIO APE CALESSINO 200 E2 (2013-2017) TBP4M (2013-2017) - ZAPT42PMC, ZAPT42P00<\/a><\/td><\/tr><tr><th>Fahrzeugmodell \u2013 Rahmenpr\u00e4fix:<\/th><td><a href=\"https:\/\/damicoline.com\/de\/shop\/?vx_brand=PIAGGIO&#038;vx_model=APE%20CALESSINO%20200%20HPE%20E4%20(2017-2023)&#038;vx_engine=TBPDF&#038;vx_years=2017-2023\">\ud83d\ude9a PIAGGIO APE CALESSINO 200 HPE E4 (2017-2023) TBPDF (2017-2023) - ZAPT64P00<\/a><\/td><\/tr><tr><th>Fahrzeugmodell \u2013 Rahmenpr\u00e4fix:<\/th><td><a href=\"https:\/\/damicoline.com\/de\/shop\/?vx_brand=PIAGGIO&#038;vx_model=APE%20CLASSIC%20400%20IE%20E2%20(2014-2017)&#038;vx_engine=S4C8&#038;vx_years=2014-2017\">\ud83d\ude9a PIAGGIO APE CLASSIC 400 IE E2 (2014-2017) S4C8 (2014-2017) - MBX000T58RC<\/a><\/td><\/tr><tr><th>Fahrzeugmodell \u2013 Rahmenpr\u00e4fix:<\/th><td><a href=\"https:\/\/damicoline.com\/de\/shop\/?vx_brand=PIAGGIO&#038;vx_model=APE%20CLASSIC%20400%20IE%20E4%20(2017-2023)&#038;vx_engine=S6E8&#038;vx_years=2017-2023\">\ud83d\ude9a PIAGGIO APE CLASSIC 400 IE E4 (2017-2023) S6E8 (2017-2023) - MBX000T7BSE<\/a><\/td><\/tr><\/tbody><\/table><\/div><\/section><\/section>\n","protected":false},"excerpt":{"rendered":"<p>Kupplungsfeder f\u00fcr Piaggio Ape Calessino 200 und Ape Classic 400 Kupplungsfeder kompatibel mit Piaggio Ape Calessino 200 und Ape Classic 400. Gew\u00e4hrleistet den richtigen Druck des Kupplungspakets und sorgt f\u00fcr einen stabilen Eingriff, gleichm\u00e4\u00dfige Reaktion und Langlebigkeit. Elastisches Material, das hohen Temperaturen und Verschlei\u00df standh\u00e4lt. Hinweis: F\u00fcr die vollst\u00e4ndige Montage der Kupplung werden 6 Federn<\/p>\n<div class=\"klb-readmore button\"><a class=\"btn link\" href=\"https:\/\/damicoline.com\/de\/produkt\/kupplungsfeder-fur-piaggio-ape-calessino-200-und-classic-400\/\">Read More <i class=\"klbth-icon-right-arrow\"><\/i><\/a><\/div>\n","protected":false},"featured_media":14091,"template":"","meta":{"_sitemap_exclude":false,"_sitemap_priority":"","_sitemap_frequency":""},"product_brand":[2672],"product_cat":[563,418],"product_tag":[3040],"class_list":{"0":"post-14090","1":"product","2":"type-product","3":"status-publish","4":"has-post-thumbnail","6":"product_brand-piaggio","7":"product_cat-kupplung","8":"product_cat-motorteile","9":"product_tag-3040","11":"first","12":"instock","13":"sale","14":"taxable","15":"shipping-taxable","16":"purchasable","17":"product-type-simple"},"_links":{"self":[{"href":"https:\/\/damicoline.com\/de\/wp-json\/wp\/v2\/product\/14090","targetHints":{"allow":["GET"]}}],"collection":[{"href":"https:\/\/damicoline.com\/de\/wp-json\/wp\/v2\/product"}],"about":[{"href":"https:\/\/damicoline.com\/de\/wp-json\/wp\/v2\/types\/product"}],"wp:featuredmedia":[{"embeddable":true,"href":"https:\/\/damicoline.com\/de\/wp-json\/wp\/v2\/media\/14091"}],"wp:attachment":[{"href":"https:\/\/damicoline.com\/de\/wp-json\/wp\/v2\/media?parent=14090"}],"wp:term":[{"taxonomy":"product_brand","embeddable":true,"href":"https:\/\/damicoline.com\/de\/wp-json\/wp\/v2\/product_brand?post=14090"},{"taxonomy":"product_cat","embeddable":true,"href":"https:\/\/damicoline.com\/de\/wp-json\/wp\/v2\/product_cat?post=14090"},{"taxonomy":"product_tag","embeddable":true,"href":"https:\/\/damicoline.com\/de\/wp-json\/wp\/v2\/product_tag?post=14090"}],"curies":[{"name":"wp","href":"https:\/\/api.w.org\/{rel}","templated":true}]}}