{"id":14103,"date":"2025-12-04T17:51:15","date_gmt":"2025-12-04T16:51:15","guid":{"rendered":"https:\/\/damicoline.com\/product\/guarnizione-supporto-albero-camme-ape-classic-400\/"},"modified":"2025-12-04T17:53:17","modified_gmt":"2025-12-04T16:53:17","slug":"dichtung-fur-nockenwellenhalterung-fur-piaggio-ape-classic-400","status":"publish","type":"product","link":"https:\/\/damicoline.com\/de\/produkt\/dichtung-fur-nockenwellenhalterung-fur-piaggio-ape-classic-400\/","title":{"rendered":"Dichtung f\u00fcr Nockenwellenhalterung f\u00fcr Piaggio Ape Classic 400"},"content":{"rendered":"<p><strong>Dichtung f\u00fcr Nockenwellenhalterung f\u00fcr Piaggio Ape Classic 400<\/strong><\/p>\n<p>Dichtung f\u00fcr <strong>Nockenwellenhalterung<\/strong> kompatibel mit <strong>Piaggio Ape Classic 400<\/strong>. Gew\u00e4hrleistet eine effektive Abdichtung, verhindert \u00d6llecks und sorgt f\u00fcr den korrekten Betrieb der Steuerung. Zuverl\u00e4ssiges und langlebiges Ersatzteil.<\/p>\n<div class=\"text-sm text-gray-800 font-medium mb-2\"><div class=\"text-sm text-gray-800 font-medium mb-2\"><strong>Referenzcodes:<\/strong> E&#52;&#48;&#48;&#49;&#54;&#49;&#51;&#56;<\/div><\/div>\n<div class=\"oem-box mb-4\">\t\t\t\t<div class=\"oem-box mb-4\">\n\t\t\t\t\t<p class=\"text-sm text-gray-800 font-medium mb-2\">Typ: <strong>Original Piaggio<\/strong><\/p>\n\t\t\t\t\t<p class=\"text-sm text-gray-700 mb-1\">Originalteil von Piaggio, f\u00fcr korrekte Passform und Leistung entwickelt.<\/p>\n\t\t\t\t\t<p class=\"text-xs text-gray-500 mt-2\">*Marken geh\u00f6ren den jeweiligen Inhabern.<\/p>\n\t\t\t\t<\/div>\n\t\t\t<\/div>\n<section class=\"compatibility-block mb-4\"><section class=\"compatibility-block mb-4\"><div class=\"product-extra-details hide-below-992\"><table class=\"woocommerce-product-attributes\"><tbody><tr><th colspan=\"2\"><span class=\"text-sm font-medium mb-2\">Kompatibel mit:<\/span><\/th><\/tr><tr><th>Fahrzeugmodell \u2013 Rahmenpr\u00e4fix:<\/th><td><a href=\"https:\/\/damicoline.com\/de\/shop\/?vx_brand=PIAGGIO&#038;vx_model=APE%20CLASSIC%20400%20IE%20E2%20(2014-2017)&#038;vx_engine=S4C8&#038;vx_years=2014-2017\">\ud83d\ude9a PIAGGIO APE CLASSIC 400 IE E2 (2014-2017) S4C8 (2014-2017) - MBX000T58RC<\/a><\/td><\/tr><tr><th>Fahrzeugmodell \u2013 Rahmenpr\u00e4fix:<\/th><td><a href=\"https:\/\/damicoline.com\/de\/shop\/?vx_brand=PIAGGIO&#038;vx_model=APE%20CLASSIC%20400%20IE%20E4%20(2017-2023)&#038;vx_engine=S6E8&#038;vx_years=2017-2023\">\ud83d\ude9a PIAGGIO APE CLASSIC 400 IE E4 (2017-2023) S6E8 (2017-2023) - MBX000T7BSE<\/a><\/td><\/tr><\/tbody><\/table><\/div><\/section><\/section>\n","protected":false},"excerpt":{"rendered":"<p>Dichtung f\u00fcr Nockenwellenhalterung f\u00fcr Piaggio Ape Classic 400 Dichtung f\u00fcr Nockenwellenhalterung kompatibel mit Piaggio Ape Classic 400. Gew\u00e4hrleistet eine effektive Abdichtung, verhindert \u00d6llecks und sorgt f\u00fcr den korrekten Betrieb der Steuerung. Zuverl\u00e4ssiges und langlebiges Ersatzteil.<\/p>\n","protected":false},"featured_media":14104,"template":"","meta":{"_sitemap_exclude":false,"_sitemap_priority":"","_sitemap_frequency":""},"product_brand":[2672],"product_cat":[1125,418],"product_tag":[3046],"class_list":{"0":"post-14103","1":"product","2":"type-product","3":"status-publish","4":"has-post-thumbnail","6":"product_brand-piaggio","7":"product_cat-motordichtungen","8":"product_cat-motorteile","9":"product_tag-e40016138","11":"first","12":"instock","13":"sale","14":"taxable","15":"shipping-taxable","16":"purchasable","17":"product-type-simple"},"_links":{"self":[{"href":"https:\/\/damicoline.com\/de\/wp-json\/wp\/v2\/product\/14103","targetHints":{"allow":["GET"]}}],"collection":[{"href":"https:\/\/damicoline.com\/de\/wp-json\/wp\/v2\/product"}],"about":[{"href":"https:\/\/damicoline.com\/de\/wp-json\/wp\/v2\/types\/product"}],"wp:featuredmedia":[{"embeddable":true,"href":"https:\/\/damicoline.com\/de\/wp-json\/wp\/v2\/media\/14104"}],"wp:attachment":[{"href":"https:\/\/damicoline.com\/de\/wp-json\/wp\/v2\/media?parent=14103"}],"wp:term":[{"taxonomy":"product_brand","embeddable":true,"href":"https:\/\/damicoline.com\/de\/wp-json\/wp\/v2\/product_brand?post=14103"},{"taxonomy":"product_cat","embeddable":true,"href":"https:\/\/damicoline.com\/de\/wp-json\/wp\/v2\/product_cat?post=14103"},{"taxonomy":"product_tag","embeddable":true,"href":"https:\/\/damicoline.com\/de\/wp-json\/wp\/v2\/product_tag?post=14103"}],"curies":[{"name":"wp","href":"https:\/\/api.w.org\/{rel}","templated":true}]}}