{"id":14180,"date":"2025-12-09T17:05:10","date_gmt":"2025-12-09T16:05:10","guid":{"rendered":"https:\/\/damicoline.com\/product\/cornice-faro-destra-piaggio-ape-classic-400\/"},"modified":"2025-12-09T17:19:29","modified_gmt":"2025-12-09T16:19:29","slug":"scheinwerferrahmen-rechts-fur-piaggio-ape-classic-400-ersatzteil","status":"publish","type":"product","link":"https:\/\/damicoline.com\/de\/produkt\/scheinwerferrahmen-rechts-fur-piaggio-ape-classic-400-ersatzteil\/","title":{"rendered":"Scheinwerferrahmen rechts f\u00fcr Piaggio Ape Classic 400 Ersatzteil"},"content":{"rendered":"<p><strong>Scheinwerferrahmen rechte Seite f\u00fcr Piaggio Ape Classic 400<\/strong><\/p>\n<p>Scheinwerferrahmen <strong>rechte Seite<\/strong> kompatibel mit <strong>Piaggio Ape Classic 400<\/strong>. Entwickelt, um perfekt zur Karosserie zu passen, erm\u00f6glicht es die Wiederherstellung der Scheinwerferausrichtung und des \u00e4sthetischen Erscheinungsbildes des Fahrzeugs. Widerstandsf\u00e4higes und pr\u00e4zises Ersatzteil.<\/p>\n<div class=\"text-sm text-gray-800 font-medium mb-2\"><div class=\"text-sm text-gray-800 font-medium mb-2\"><strong>Referenzcodes:<\/strong> 616900<\/div><\/div>\n<div class=\"oem-box mb-4\">\t\t\t\t<div class=\"oem-box mb-4\">\n\t\t\t\t\t<p class=\"text-sm text-gray-800 font-medium mb-2\">Typ: <strong>Original Piaggio<\/strong><\/p>\n\t\t\t\t\t<p class=\"text-sm text-gray-700 mb-1\">Originalteil von Piaggio, f\u00fcr korrekte Passform und Leistung entwickelt.<\/p>\n\t\t\t\t\t<p class=\"text-xs text-gray-500 mt-2\">*Marken geh\u00f6ren den jeweiligen Inhabern.<\/p>\n\t\t\t\t<\/div>\n\t\t\t<\/div>\n<section class=\"compatibility-block mb-4\"><section class=\"compatibility-block mb-4\"><div class=\"product-extra-details hide-below-992\"><table class=\"woocommerce-product-attributes\"><tbody><tr><th colspan=\"2\"><span class=\"text-sm font-medium mb-2\">Kompatibel mit:<\/span><\/th><\/tr><tr><th>Fahrzeugmodell \u2013 Rahmenpr\u00e4fix:<\/th><td><a href=\"https:\/\/damicoline.com\/de\/shop\/?vx_brand=PIAGGIO&#038;vx_model=APE%20CLASSIC%20400%20IE%20E2%20(2014-2017)&#038;vx_engine=S4C8&#038;vx_years=2014-2017\">\ud83d\ude9a PIAGGIO APE CLASSIC 400 IE E2 (2014-2017) S4C8 (2014-2017) - MBX000T58RC<\/a><\/td><\/tr><\/tbody><\/table><\/div><\/section><\/section>\n","protected":false},"excerpt":{"rendered":"<p>Scheinwerferrahmen rechte Seite f\u00fcr Piaggio Ape Classic 400 Scheinwerferrahmen rechte Seite kompatibel mit Piaggio Ape Classic 400. Entwickelt, um perfekt zur Karosserie zu passen, erm\u00f6glicht es die Wiederherstellung der Scheinwerferausrichtung und des \u00e4sthetischen Erscheinungsbildes des Fahrzeugs. Widerstandsf\u00e4higes und pr\u00e4zises Ersatzteil.<\/p>\n","protected":false},"featured_media":14181,"template":"","meta":{"_sitemap_exclude":false,"_sitemap_priority":"","_sitemap_frequency":""},"product_brand":[2672],"product_cat":[398,3545],"product_tag":[3065],"class_list":{"0":"post-14180","1":"product","2":"type-product","3":"status-publish","4":"has-post-thumbnail","6":"product_brand-piaggio","7":"product_cat-scheinwerfer-und-beleuchtung","8":"product_cat-scheinwerferrahmen-und-blenden","9":"product_tag-3065","11":"first","12":"instock","13":"sale","14":"taxable","15":"shipping-taxable","16":"purchasable","17":"product-type-simple"},"_links":{"self":[{"href":"https:\/\/damicoline.com\/de\/wp-json\/wp\/v2\/product\/14180","targetHints":{"allow":["GET"]}}],"collection":[{"href":"https:\/\/damicoline.com\/de\/wp-json\/wp\/v2\/product"}],"about":[{"href":"https:\/\/damicoline.com\/de\/wp-json\/wp\/v2\/types\/product"}],"wp:featuredmedia":[{"embeddable":true,"href":"https:\/\/damicoline.com\/de\/wp-json\/wp\/v2\/media\/14181"}],"wp:attachment":[{"href":"https:\/\/damicoline.com\/de\/wp-json\/wp\/v2\/media?parent=14180"}],"wp:term":[{"taxonomy":"product_brand","embeddable":true,"href":"https:\/\/damicoline.com\/de\/wp-json\/wp\/v2\/product_brand?post=14180"},{"taxonomy":"product_cat","embeddable":true,"href":"https:\/\/damicoline.com\/de\/wp-json\/wp\/v2\/product_cat?post=14180"},{"taxonomy":"product_tag","embeddable":true,"href":"https:\/\/damicoline.com\/de\/wp-json\/wp\/v2\/product_tag?post=14180"}],"curies":[{"name":"wp","href":"https:\/\/api.w.org\/{rel}","templated":true}]}}