{"id":14206,"date":"2025-12-09T17:42:59","date_gmt":"2025-12-09T16:42:59","guid":{"rendered":"https:\/\/damicoline.com\/product\/sensore-indicatore-livello-carburante-piaggio-quargo\/"},"modified":"2025-12-09T18:07:12","modified_gmt":"2025-12-09T17:07:12","slug":"kraftstoffstandanzeigesensor-fur-piaggio-quargo","status":"publish","type":"product","link":"https:\/\/damicoline.com\/de\/produkt\/kraftstoffstandanzeigesensor-fur-piaggio-quargo\/","title":{"rendered":"Kraftstoffstandanzeigesensor f\u00fcr Piaggio Quargo"},"content":{"rendered":"<p><strong>Kraftstoffstandanzeigesensor f\u00fcr Piaggio Quargo<\/strong><\/p>\n<p>Sensor f\u00fcr <strong>Kraftstoffstandanzeige<\/strong> kompatibel mit <strong>Piaggio Quargo<\/strong>. Entwickelt, um die Kraftstoffmenge im Tank pr\u00e4zise zu erfassen und eine korrekte Anzeige auf dem Armaturenbrett zu gew\u00e4hrleisten. Zuverl\u00e4ssiges Ersatzteil, unerl\u00e4sslich zur Vermeidung falscher Werte und zur sicheren Verwaltung der Betankung.<\/p>\n<div class=\"text-sm text-gray-800 font-medium mb-2\"><div class=\"text-sm text-gray-800 font-medium mb-2\"><strong>Referenzcodes:<\/strong> CM086802<\/div><\/div>\n<div class=\"oem-box mb-4\">\t\t\t\t<div class=\"oem-box mb-4\">\n\t\t\t\t\t<p class=\"text-sm text-gray-800 font-medium mb-2\">Typ: <strong>Original Piaggio<\/strong><\/p>\n\t\t\t\t\t<p class=\"text-sm text-gray-700 mb-1\">Originalteil von Piaggio, f\u00fcr korrekte Passform und Leistung entwickelt.<\/p>\n\t\t\t\t\t<p class=\"text-xs text-gray-500 mt-2\">*Marken geh\u00f6ren den jeweiligen Inhabern.<\/p>\n\t\t\t\t<\/div>\n\t\t\t<\/div>\n<section class=\"compatibility-block mb-4\"><section class=\"compatibility-block mb-4\"><div class=\"product-extra-details hide-below-992\"><table class=\"woocommerce-product-attributes\"><tbody><tr><th colspan=\"2\"><span class=\"text-sm font-medium mb-2\">Kompatibel mit:<\/span><\/th><\/tr><tr><th>Fahrzeugmodell \u2013 Rahmenpr\u00e4fix:<\/th><td><a href=\"https:\/\/damicoline.com\/de\/shop\/?vx_brand=PIAGGIO&#038;vx_model=QUARGO%20702%20Diesel%20(2004-2006)&#038;vx_engine=LDW702\/P&#038;vx_years=2004-2006\">\ud83d\ude9a PIAGGIO QUARGO 702 Diesel (2004-2006) LDW702\/P (2004-2006) - ZAPP10000<\/a><\/td><\/tr><tr><th>Fahrzeugmodell \u2013 Rahmenpr\u00e4fix:<\/th><td><a href=\"https:\/\/damicoline.com\/de\/shop\/?vx_brand=PIAGGIO&#038;vx_model=QUARGO%20702%20Diesel%20(2007-2017)&#038;vx_engine=LDW702\/P&#038;vx_years=2007-2017\">\ud83d\ude9a PIAGGIO QUARGO 702 Diesel (2007-2017) LDW702\/P (2007-2017) - ZAP4P10000<\/a><\/td><\/tr><\/tbody><\/table><\/div><\/section><\/section>\n","protected":false},"excerpt":{"rendered":"<p>Kraftstoffstandanzeigesensor f\u00fcr Piaggio Quargo Sensor f\u00fcr Kraftstoffstandanzeige kompatibel mit Piaggio Quargo. Entwickelt, um die Kraftstoffmenge im Tank pr\u00e4zise zu erfassen und eine korrekte Anzeige auf dem Armaturenbrett zu gew\u00e4hrleisten. Zuverl\u00e4ssiges Ersatzteil, unerl\u00e4sslich zur Vermeidung falscher Werte und zur sicheren Verwaltung der Betankung.<\/p>\n","protected":false},"featured_media":14207,"template":"","meta":{"_sitemap_exclude":false,"_sitemap_priority":"","_sitemap_frequency":""},"product_brand":[2672],"product_cat":[1716,3080],"product_tag":[3081],"class_list":{"0":"post-14206","1":"product","2":"type-product","3":"status-publish","4":"has-post-thumbnail","6":"product_brand-piaggio","7":"product_cat-elektrische-anlage","8":"product_cat-sensore-livello-carburante","9":"product_tag-cm086802","11":"first","12":"instock","13":"sale","14":"taxable","15":"shipping-taxable","16":"purchasable","17":"product-type-simple"},"_links":{"self":[{"href":"https:\/\/damicoline.com\/de\/wp-json\/wp\/v2\/product\/14206","targetHints":{"allow":["GET"]}}],"collection":[{"href":"https:\/\/damicoline.com\/de\/wp-json\/wp\/v2\/product"}],"about":[{"href":"https:\/\/damicoline.com\/de\/wp-json\/wp\/v2\/types\/product"}],"wp:featuredmedia":[{"embeddable":true,"href":"https:\/\/damicoline.com\/de\/wp-json\/wp\/v2\/media\/14207"}],"wp:attachment":[{"href":"https:\/\/damicoline.com\/de\/wp-json\/wp\/v2\/media?parent=14206"}],"wp:term":[{"taxonomy":"product_brand","embeddable":true,"href":"https:\/\/damicoline.com\/de\/wp-json\/wp\/v2\/product_brand?post=14206"},{"taxonomy":"product_cat","embeddable":true,"href":"https:\/\/damicoline.com\/de\/wp-json\/wp\/v2\/product_cat?post=14206"},{"taxonomy":"product_tag","embeddable":true,"href":"https:\/\/damicoline.com\/de\/wp-json\/wp\/v2\/product_tag?post=14206"}],"curies":[{"name":"wp","href":"https:\/\/api.w.org\/{rel}","templated":true}]}}