{"id":14234,"date":"2025-12-09T18:38:27","date_gmt":"2025-12-09T17:38:27","guid":{"rendered":"https:\/\/damicoline.com\/product\/marmitta-scarico-piaggio-ape-classic-400-euro-2\/"},"modified":"2025-12-09T18:43:25","modified_gmt":"2025-12-09T17:43:25","slug":"auspuff-fur-piaggio-ape-classic-400-euro-2-ersatzteil","status":"publish","type":"product","link":"https:\/\/damicoline.com\/de\/produkt\/auspuff-fur-piaggio-ape-classic-400-euro-2-ersatzteil\/","title":{"rendered":"Auspuff f\u00fcr Piaggio Ape Classic 400 Euro 2 Ersatzteil"},"content":{"rendered":"<p><strong>Auspuff f\u00fcr Piaggio Ape Classic 400 Euro 2<\/strong><\/p>\n<p>Auspuff kompatibel mit <strong>Piaggio Ape Classic 400 Euro 2<\/strong>. Entwickelt, um eine korrekte Abgasabf\u00fchrung zu gew\u00e4hrleisten, die Ger\u00e4uschentwicklung zu reduzieren und die Motorleistung zu verbessern. Hochwertiges Ersatzteil, robust und langlebig.<\/p>\n<div class=\"text-sm text-gray-800 font-medium mb-2\"><div class=\"text-sm text-gray-800 font-medium mb-2\"><strong>Referenzcodes:<\/strong> E10A070003<\/div><\/div>\n<div class=\"oem-box mb-4\">\t\t\t\t<div class=\"oem-box mb-4\">\n\t\t\t\t\t<p class=\"text-sm text-gray-800 font-medium mb-2\">Typ: <strong>Original Piaggio<\/strong><\/p>\n\t\t\t\t\t<p class=\"text-sm text-gray-700 mb-1\">Originalteil von Piaggio, f\u00fcr korrekte Passform und Leistung entwickelt.<\/p>\n\t\t\t\t\t<p class=\"text-xs text-gray-500 mt-2\">*Marken geh\u00f6ren den jeweiligen Inhabern.<\/p>\n\t\t\t\t<\/div>\n\t\t\t<\/div>\n<section class=\"compatibility-block mb-4\"><section class=\"compatibility-block mb-4\"><div class=\"product-extra-details hide-below-992\"><table class=\"woocommerce-product-attributes\"><tbody><tr><th colspan=\"2\"><span class=\"text-sm font-medium mb-2\">Kompatibel mit:<\/span><\/th><\/tr><tr><th>Fahrzeugmodell \u2013 Rahmenpr\u00e4fix:<\/th><td><a href=\"https:\/\/damicoline.com\/de\/shop\/?vx_brand=PIAGGIO&#038;vx_model=APE%20CLASSIC%20400%20IE%20E2%20(2014-2017)&#038;vx_engine=S4C8&#038;vx_years=2014-2017\">\ud83d\ude9a PIAGGIO APE CLASSIC 400 IE E2 (2014-2017) S4C8 (2014-2017) - MBX000T58RC<\/a><\/td><\/tr><\/tbody><\/table><\/div><\/section><\/section>\n","protected":false},"excerpt":{"rendered":"<p>Auspuff f\u00fcr Piaggio Ape Classic 400 Euro 2 Auspuff kompatibel mit Piaggio Ape Classic 400 Euro 2. Entwickelt, um eine korrekte Abgasabf\u00fchrung zu gew\u00e4hrleisten, die Ger\u00e4uschentwicklung zu reduzieren und die Motorleistung zu verbessern. Hochwertiges Ersatzteil, robust und langlebig.<\/p>\n","protected":false},"featured_media":14235,"template":"","meta":{"_sitemap_exclude":false,"_sitemap_priority":"","_sitemap_frequency":""},"product_brand":[2672],"product_cat":[558,418],"product_tag":[3094],"class_list":{"0":"post-14234","1":"product","2":"type-product","3":"status-publish","4":"has-post-thumbnail","6":"product_brand-piaggio","7":"product_cat-abgasanlage","8":"product_cat-motorteile","9":"product_tag-e10a070003","11":"first","12":"outofstock","13":"sale","14":"taxable","15":"shipping-taxable","16":"purchasable","17":"product-type-simple"},"_links":{"self":[{"href":"https:\/\/damicoline.com\/de\/wp-json\/wp\/v2\/product\/14234","targetHints":{"allow":["GET"]}}],"collection":[{"href":"https:\/\/damicoline.com\/de\/wp-json\/wp\/v2\/product"}],"about":[{"href":"https:\/\/damicoline.com\/de\/wp-json\/wp\/v2\/types\/product"}],"wp:featuredmedia":[{"embeddable":true,"href":"https:\/\/damicoline.com\/de\/wp-json\/wp\/v2\/media\/14235"}],"wp:attachment":[{"href":"https:\/\/damicoline.com\/de\/wp-json\/wp\/v2\/media?parent=14234"}],"wp:term":[{"taxonomy":"product_brand","embeddable":true,"href":"https:\/\/damicoline.com\/de\/wp-json\/wp\/v2\/product_brand?post=14234"},{"taxonomy":"product_cat","embeddable":true,"href":"https:\/\/damicoline.com\/de\/wp-json\/wp\/v2\/product_cat?post=14234"},{"taxonomy":"product_tag","embeddable":true,"href":"https:\/\/damicoline.com\/de\/wp-json\/wp\/v2\/product_tag?post=14234"}],"curies":[{"name":"wp","href":"https:\/\/api.w.org\/{rel}","templated":true}]}}