{"id":14275,"date":"2025-12-10T15:11:24","date_gmt":"2025-12-10T14:11:24","guid":{"rendered":"https:\/\/damicoline.com\/product\/guarnizione-testa-1-65-2-tacche-ape-calessino-ldw422-lcs422\/"},"modified":"2026-04-22T14:54:11","modified_gmt":"2026-04-22T12:54:11","slug":"zylinderkopfdichtung-165-mm-2-kerben-fur-ape-calessino-und-703","status":"publish","type":"product","link":"https:\/\/damicoline.com\/de\/produkt\/zylinderkopfdichtung-165-mm-2-kerben-fur-ape-calessino-und-703\/","title":{"rendered":"Zylinderkopfdichtung 1,65 mm 2 Kerben f\u00fcr Ape Calessino und 703"},"content":{"rendered":"<p><strong>Zylinderkopfdichtung 1,65 mm (2 Kerben) f\u00fcr Piaggio Ape Calessino LDW 422 und Ape 703 TM Diesel LCS 422<\/strong><\/p>\n<p>Zylinderkopfdichtung mit einer St\u00e4rke von <strong>1,65 mm<\/strong>, erkennbar an <strong>2 Kerben<\/strong>. Kompatibel mit den Motoren <strong>LDW 422<\/strong> und <strong>LCS 422<\/strong>. Sie wird empfohlen, wenn nach der Bearbeitung des Zylinderkopfs oder der Kontrolle des Kolbenspiels eine gr\u00f6\u00dfere St\u00e4rke als die 1,50 mm Version erforderlich ist.<\/p>\n<p>Sie gew\u00e4hrleistet eine optimale Abdichtung der Brennkammer, thermische Stabilit\u00e4t und Langlebigkeit. Ideales Ersatzteil f\u00fcr diejenigen, die eine gr\u00fcndliche Motor\u00fcberholung durchf\u00fchren.<\/p>\n<div class=\"text-sm text-gray-800 font-medium mb-2\"><div class=\"text-sm text-gray-800 font-medium mb-2\"><strong>Referenzcodes:<\/strong> L&#52;&#55;&#55;&#53;&#54;&#50;&#57;&#48;<\/div><\/div>\n<div class=\"oem-box mb-4\"><div class=\"oem-box mb-4\"><p class=\"text-sm text-gray-800 font-medium mb-2\">Typ: <strong>Original Piaggio<\/strong><\/p><p class=\"text-sm text-gray-700 mb-1\">Originalteil von Piaggio, f\u00fcr korrekte Passform und Leistung entwickelt.<\/p><p class=\"text-xs text-gray-500 mt-2\">Marken geh\u00f6ren den jeweiligen Inhabern.<\/p><\/div><\/div>\n<section class=\"compatibility-block mb-4\"><section class=\"compatibility-block mb-4\"><div class=\"product-extra-details hide-below-992\"><table class=\"woocommerce-product-attributes\"><tbody><tr><th colspan=\"2\"><span class=\"text-sm font-medium mb-2\">Kompatibel mit:<\/span><\/th><\/tr><tr><th>Fahrzeugmodell \u2013 Rahmenpr\u00e4fix:<\/th><td><a href=\"https:\/\/damicoline.com\/de\/shop\/?vx_brand=PIAGGIO&#038;vx_model=APE%20CALESSINO%20422%20E2%20(2007-2012)&#038;vx_engine=LDW422&#038;vx_years=2007-2012\">\ud83d\ude9a PIAGGIO APE CALESSINO 422 E2 (2007-2012) LDW422 (2007-2012) - ZAPT2D4MC, ZAPT3E9AC<\/a><\/td><\/tr><tr><th>Fahrzeugmodell \u2013 Rahmenpr\u00e4fix:<\/th><td><a href=\"https:\/\/damicoline.com\/de\/shop\/?vx_brand=PIAGGIO&#038;vx_model=APE%20CLASSIC%20MP601%20E2%20(2006-2013)&#038;vx_engine=LDW422&#038;vx_years=2006-2013\">\ud83d\ude9a PIAGGIO APE CLASSIC MP601 E2 (2006-2013) LDW422 (2006-2013) - MC349B0D26B<\/a><\/td><\/tr><tr><th>Fahrzeugmodell \u2013 Rahmenpr\u00e4fix:<\/th><td><a href=\"https:\/\/damicoline.com\/de\/shop\/?vx_brand=PIAGGIO&#038;vx_model=APE%20TM703%20DIESEL%20LCS%20422%20E1%20(2005-2012)&#038;vx_engine=ATD2M&#038;vx_years=2005-2012\">\ud83d\ude9a PIAGGIO APE TM703 DIESEL LCS 422 E1 (2005-2012) ATD2M (2005-2012) - ZAPT10000<\/a><\/td><\/tr><\/tbody><\/table><\/div><\/section><\/section>\n","protected":false},"excerpt":{"rendered":"<p>Zylinderkopfdichtung 1,65 mm (2 Kerben) f\u00fcr Piaggio Ape Calessino LDW 422 und Ape 703 TM Diesel LCS 422 Zylinderkopfdichtung mit einer St\u00e4rke von 1,65 mm, erkennbar an 2 Kerben. Kompatibel mit den Motoren LDW 422 und LCS 422. Sie wird empfohlen, wenn nach der Bearbeitung des Zylinderkopfs oder der Kontrolle des Kolbenspiels eine gr\u00f6\u00dfere St\u00e4rke<\/p>\n<div class=\"klb-readmore button\"><a class=\"btn link\" href=\"https:\/\/damicoline.com\/de\/produkt\/zylinderkopfdichtung-165-mm-2-kerben-fur-ape-calessino-und-703\/\">Read More <i class=\"klbth-icon-right-arrow\"><\/i><\/a><\/div>\n","protected":false},"featured_media":14276,"template":"","meta":{"_sitemap_exclude":false,"_sitemap_priority":"","_sitemap_frequency":""},"product_brand":[2672],"product_cat":[418,1110],"product_tag":[3103],"class_list":{"0":"post-14275","1":"product","2":"type-product","3":"status-publish","4":"has-post-thumbnail","6":"product_brand-piaggio","7":"product_cat-motorteile","8":"product_cat-zylinderkopf","9":"product_tag-l47756290","11":"first","12":"outofstock","13":"sale","14":"taxable","15":"shipping-taxable","16":"purchasable","17":"product-type-simple"},"_links":{"self":[{"href":"https:\/\/damicoline.com\/de\/wp-json\/wp\/v2\/product\/14275","targetHints":{"allow":["GET"]}}],"collection":[{"href":"https:\/\/damicoline.com\/de\/wp-json\/wp\/v2\/product"}],"about":[{"href":"https:\/\/damicoline.com\/de\/wp-json\/wp\/v2\/types\/product"}],"wp:featuredmedia":[{"embeddable":true,"href":"https:\/\/damicoline.com\/de\/wp-json\/wp\/v2\/media\/14276"}],"wp:attachment":[{"href":"https:\/\/damicoline.com\/de\/wp-json\/wp\/v2\/media?parent=14275"}],"wp:term":[{"taxonomy":"product_brand","embeddable":true,"href":"https:\/\/damicoline.com\/de\/wp-json\/wp\/v2\/product_brand?post=14275"},{"taxonomy":"product_cat","embeddable":true,"href":"https:\/\/damicoline.com\/de\/wp-json\/wp\/v2\/product_cat?post=14275"},{"taxonomy":"product_tag","embeddable":true,"href":"https:\/\/damicoline.com\/de\/wp-json\/wp\/v2\/product_tag?post=14275"}],"curies":[{"name":"wp","href":"https:\/\/api.w.org\/{rel}","templated":true}]}}