{"id":14295,"date":"2025-12-10T15:11:25","date_gmt":"2025-12-10T14:11:25","guid":{"rendered":"https:\/\/damicoline.com\/product\/guarnizione-testa-1-80-3-tacche-ape-calessino-ldw422-lcs422\/"},"modified":"2026-04-22T14:54:17","modified_gmt":"2026-04-22T12:54:17","slug":"zylinderkopfdichtung-180-mm-3-kerben-fur-ape-calessino-und-703","status":"publish","type":"product","link":"https:\/\/damicoline.com\/de\/produkt\/zylinderkopfdichtung-180-mm-3-kerben-fur-ape-calessino-und-703\/","title":{"rendered":"Zylinderkopfdichtung 1,80 mm 3 Kerben f\u00fcr Ape Calessino und 703"},"content":{"rendered":"<p><strong>Zylinderkopfdichtung 1,80 mm (3 Kerben) f\u00fcr Piaggio Ape Calessino LDW 422 und Ape 703 TM Diesel LCS 422<\/strong><\/p>\n<p>Zylinderkopfdichtung mit einer Dicke von <strong>1,80 mm<\/strong>, identifiziert durch <strong>3 Kerben<\/strong>. Kompatibel mit Motoren <strong>LDW 422<\/strong> und <strong>LCS 422<\/strong>. Es ist die dickere Version, die verwendet wird, wenn die Motortoleranzen eine gr\u00f6\u00dfere Kompensation erfordern, zum Beispiel nach einer signifikanten Planbearbeitung des Zylinderkopfes.<\/p>\n<p>Bietet zuverl\u00e4ssige Abdichtung, h\u00e4lt das korrekte Verdichtungsverh\u00e4ltnis aufrecht und gew\u00e4hrleistet eine lange Lebensdauer des Motors. Widerstandsf\u00e4higes und hochwertiges Ersatzteil.<\/p>\n<div class=\"text-sm text-gray-800 font-medium mb-2\"><div class=\"text-sm text-gray-800 font-medium mb-2\"><strong>Referenzcodes:<\/strong> L&#52;&#55;&#55;&#53;&#54;&#51;&#48;&#48;<\/div><\/div>\n<div class=\"oem-box mb-4\"><div class=\"oem-box mb-4\"><p class=\"text-sm text-gray-800 font-medium mb-2\">Typ: <strong>Original Piaggio<\/strong><\/p><p class=\"text-sm text-gray-700 mb-1\">Originalteil von Piaggio, f\u00fcr korrekte Passform und Leistung entwickelt.<\/p><p class=\"text-xs text-gray-500 mt-2\">Marken geh\u00f6ren den jeweiligen Inhabern.<\/p><\/div><\/div>\n<section class=\"compatibility-block mb-4\"><section class=\"compatibility-block mb-4\"><div class=\"product-extra-details hide-below-992\"><table class=\"woocommerce-product-attributes\"><tbody><tr><th colspan=\"2\"><span class=\"text-sm font-medium mb-2\">Kompatibel mit:<\/span><\/th><\/tr><tr><th>Fahrzeugmodell \u2013 Rahmenpr\u00e4fix:<\/th><td><a href=\"https:\/\/damicoline.com\/de\/shop\/?vx_brand=PIAGGIO&#038;vx_model=APE%20CALESSINO%20422%20E2%20(2007-2012)&#038;vx_engine=LDW422&#038;vx_years=2007-2012\">\ud83d\ude9a PIAGGIO APE CALESSINO 422 E2 (2007-2012) LDW422 (2007-2012) - ZAPT2D4MC, ZAPT3E9AC<\/a><\/td><\/tr><tr><th>Fahrzeugmodell \u2013 Rahmenpr\u00e4fix:<\/th><td><a href=\"https:\/\/damicoline.com\/de\/shop\/?vx_brand=PIAGGIO&#038;vx_model=APE%20CLASSIC%20MP601%20E2%20(2006-2013)&#038;vx_engine=LDW422&#038;vx_years=2006-2013\">\ud83d\ude9a PIAGGIO APE CLASSIC MP601 E2 (2006-2013) LDW422 (2006-2013) - MC349B0D26B<\/a><\/td><\/tr><tr><th>Fahrzeugmodell \u2013 Rahmenpr\u00e4fix:<\/th><td><a href=\"https:\/\/damicoline.com\/de\/shop\/?vx_brand=PIAGGIO&#038;vx_model=APE%20TM703%20DIESEL%20LCS%20422%20E1%20(2005-2012)&#038;vx_engine=ATD2M&#038;vx_years=2005-2012\">\ud83d\ude9a PIAGGIO APE TM703 DIESEL LCS 422 E1 (2005-2012) ATD2M (2005-2012) - ZAPT10000<\/a><\/td><\/tr><\/tbody><\/table><\/div><\/section><\/section>\n","protected":false},"excerpt":{"rendered":"<p>Zylinderkopfdichtung 1,80 mm (3 Kerben) f\u00fcr Piaggio Ape Calessino LDW 422 und Ape 703 TM Diesel LCS 422 Zylinderkopfdichtung mit einer Dicke von 1,80 mm, identifiziert durch 3 Kerben. Kompatibel mit Motoren LDW 422 und LCS 422. Es ist die dickere Version, die verwendet wird, wenn die Motortoleranzen eine gr\u00f6\u00dfere Kompensation erfordern, zum Beispiel nach<\/p>\n<div class=\"klb-readmore button\"><a class=\"btn link\" href=\"https:\/\/damicoline.com\/de\/produkt\/zylinderkopfdichtung-180-mm-3-kerben-fur-ape-calessino-und-703\/\">Read More <i class=\"klbth-icon-right-arrow\"><\/i><\/a><\/div>\n","protected":false},"featured_media":14296,"template":"","meta":{"_sitemap_exclude":false,"_sitemap_priority":"","_sitemap_frequency":""},"product_brand":[2672],"product_cat":[418,1110],"product_tag":[3113],"class_list":{"0":"post-14295","1":"product","2":"type-product","3":"status-publish","4":"has-post-thumbnail","6":"product_brand-piaggio","7":"product_cat-motorteile","8":"product_cat-zylinderkopf","9":"product_tag-l47756300","11":"first","12":"outofstock","13":"sale","14":"taxable","15":"shipping-taxable","16":"purchasable","17":"product-type-simple"},"_links":{"self":[{"href":"https:\/\/damicoline.com\/de\/wp-json\/wp\/v2\/product\/14295","targetHints":{"allow":["GET"]}}],"collection":[{"href":"https:\/\/damicoline.com\/de\/wp-json\/wp\/v2\/product"}],"about":[{"href":"https:\/\/damicoline.com\/de\/wp-json\/wp\/v2\/types\/product"}],"wp:featuredmedia":[{"embeddable":true,"href":"https:\/\/damicoline.com\/de\/wp-json\/wp\/v2\/media\/14296"}],"wp:attachment":[{"href":"https:\/\/damicoline.com\/de\/wp-json\/wp\/v2\/media?parent=14295"}],"wp:term":[{"taxonomy":"product_brand","embeddable":true,"href":"https:\/\/damicoline.com\/de\/wp-json\/wp\/v2\/product_brand?post=14295"},{"taxonomy":"product_cat","embeddable":true,"href":"https:\/\/damicoline.com\/de\/wp-json\/wp\/v2\/product_cat?post=14295"},{"taxonomy":"product_tag","embeddable":true,"href":"https:\/\/damicoline.com\/de\/wp-json\/wp\/v2\/product_tag?post=14295"}],"curies":[{"name":"wp","href":"https:\/\/api.w.org\/{rel}","templated":true}]}}