{"id":14321,"date":"2025-12-10T18:37:57","date_gmt":"2025-12-10T17:37:57","guid":{"rendered":"https:\/\/damicoline.com\/product\/pompa-olio-tenuta-oring-ape-calessino-ldw422-lcs422\/"},"modified":"2026-04-22T14:54:27","modified_gmt":"2026-04-22T12:54:27","slug":"olpumpe-mit-o-ring-dichtung-fur-ape-calessino-und-703-diesel","status":"publish","type":"product","link":"https:\/\/damicoline.com\/de\/produkt\/olpumpe-mit-o-ring-dichtung-fur-ape-calessino-und-703-diesel\/","title":{"rendered":"\u00d6lpumpe mit O-Ring-Dichtung f\u00fcr Ape Calessino und 703 Diesel"},"content":{"rendered":"<p><strong>\u00d6lpumpe mit O-Ring-Dichtung f\u00fcr Piaggio Ape Calessino LDW 422 und Ape 703 TM Diesel LCS 422<\/strong><\/p>\n<p>\u00d6lpumpe in der Version mit <strong>Dichtung durch O-Ring<\/strong>, kompatibel mit den Motoren <strong>LDW 422<\/strong> und <strong>LCS 422<\/strong>. In dieser Variante erfolgt die Abdichtung zwischen Pumpe und Geh\u00e4use nicht durch eine Flachdichtung, sondern durch einen <strong>O-Ring<\/strong> mit hoher Dichtf\u00e4higkeit.<\/p>\n<p>Diese Version gew\u00e4hrleistet eine schnellere Montage, hervorragende \u00d6lundurchl\u00e4ssigkeit und eine bessere Kompensation der thermischen Ausdehnungen. Empfohlen, wenn der Motor die modernere Konfiguration verwendet oder wenn eine vollst\u00e4ndige \u00dcberholung der Schmiergruppe durchgef\u00fchrt wird.<\/p>\n<div class=\"text-sm text-gray-800 font-medium mb-2\"><div class=\"text-sm text-gray-800 font-medium mb-2\"><strong>Referenzcodes:<\/strong> L6605121<\/div><\/div>\n<div class=\"oem-box mb-4\"><div class=\"oem-box mb-4\"><p class=\"text-sm text-gray-800 font-medium mb-2\">Typ: <strong>Original Piaggio<\/strong><\/p><p class=\"text-sm text-gray-700 mb-1\">Originalteil von Piaggio, f\u00fcr korrekte Passform und Leistung entwickelt.<\/p><p class=\"text-xs text-gray-500 mt-2\">Marken geh\u00f6ren den jeweiligen Inhabern.<\/p><\/div><\/div>\n<section class=\"compatibility-block mb-4\"><section class=\"compatibility-block mb-4\"><div class=\"product-extra-details hide-below-992\"><table class=\"woocommerce-product-attributes\"><tbody><tr><th colspan=\"2\"><span class=\"text-sm font-medium mb-2\">Kompatibel mit:<\/span><\/th><\/tr><tr><th>Fahrzeugmodell \u2013 Rahmenpr\u00e4fix:<\/th><td><a href=\"https:\/\/damicoline.com\/de\/shop\/?vx_brand=PIAGGIO&#038;vx_model=APE%20CALESSINO%20422%20E2%20(2007-2012)&#038;vx_engine=LDW422&#038;vx_years=2007-2012\">\ud83d\ude9a PIAGGIO APE CALESSINO 422 E2 (2007-2012) LDW422 (2007-2012) - ZAPT2D4MC, ZAPT3E9AC<\/a><\/td><\/tr><tr><th>Fahrzeugmodell \u2013 Rahmenpr\u00e4fix:<\/th><td><a href=\"https:\/\/damicoline.com\/de\/shop\/?vx_brand=PIAGGIO&#038;vx_model=APE%20CLASSIC%20MP601%20E2%20(2006-2013)&#038;vx_engine=LDW422&#038;vx_years=2006-2013\">\ud83d\ude9a PIAGGIO APE CLASSIC MP601 E2 (2006-2013) LDW422 (2006-2013) - MC349B0D26B<\/a><\/td><\/tr><tr><th>Fahrzeugmodell \u2013 Rahmenpr\u00e4fix:<\/th><td><a href=\"https:\/\/damicoline.com\/de\/shop\/?vx_brand=PIAGGIO&#038;vx_model=APE%20TM703%20DIESEL%20LCS%20422%20E1%20(2005-2012)&#038;vx_engine=ATD2M&#038;vx_years=2005-2012\">\ud83d\ude9a PIAGGIO APE TM703 DIESEL LCS 422 E1 (2005-2012) ATD2M (2005-2012) - ZAPT10000<\/a><\/td><\/tr><\/tbody><\/table><\/div><\/section><\/section>\n","protected":false},"excerpt":{"rendered":"<p>\u00d6lpumpe mit O-Ring-Dichtung f\u00fcr Piaggio Ape Calessino LDW 422 und Ape 703 TM Diesel LCS 422 \u00d6lpumpe in der Version mit Dichtung durch O-Ring, kompatibel mit den Motoren LDW 422 und LCS 422. In dieser Variante erfolgt die Abdichtung zwischen Pumpe und Geh\u00e4use nicht durch eine Flachdichtung, sondern durch einen O-Ring mit hoher Dichtf\u00e4higkeit. Diese<\/p>\n<div class=\"klb-readmore button\"><a class=\"btn link\" href=\"https:\/\/damicoline.com\/de\/produkt\/olpumpe-mit-o-ring-dichtung-fur-ape-calessino-und-703-diesel\/\">Read More <i class=\"klbth-icon-right-arrow\"><\/i><\/a><\/div>\n","protected":false},"featured_media":14322,"template":"","meta":{"_sitemap_exclude":false,"_sitemap_priority":"","_sitemap_frequency":""},"product_brand":[2672],"product_cat":[418,2626],"product_tag":[3120],"class_list":{"0":"post-14321","1":"product","2":"type-product","3":"status-publish","4":"has-post-thumbnail","6":"product_brand-piaggio","7":"product_cat-motorteile","8":"product_cat-olpumpe","9":"product_tag-l6605121","11":"first","12":"outofstock","13":"sale","14":"taxable","15":"shipping-taxable","16":"purchasable","17":"product-type-simple"},"_links":{"self":[{"href":"https:\/\/damicoline.com\/de\/wp-json\/wp\/v2\/product\/14321","targetHints":{"allow":["GET"]}}],"collection":[{"href":"https:\/\/damicoline.com\/de\/wp-json\/wp\/v2\/product"}],"about":[{"href":"https:\/\/damicoline.com\/de\/wp-json\/wp\/v2\/types\/product"}],"wp:featuredmedia":[{"embeddable":true,"href":"https:\/\/damicoline.com\/de\/wp-json\/wp\/v2\/media\/14322"}],"wp:attachment":[{"href":"https:\/\/damicoline.com\/de\/wp-json\/wp\/v2\/media?parent=14321"}],"wp:term":[{"taxonomy":"product_brand","embeddable":true,"href":"https:\/\/damicoline.com\/de\/wp-json\/wp\/v2\/product_brand?post=14321"},{"taxonomy":"product_cat","embeddable":true,"href":"https:\/\/damicoline.com\/de\/wp-json\/wp\/v2\/product_cat?post=14321"},{"taxonomy":"product_tag","embeddable":true,"href":"https:\/\/damicoline.com\/de\/wp-json\/wp\/v2\/product_tag?post=14321"}],"curies":[{"name":"wp","href":"https:\/\/api.w.org\/{rel}","templated":true}]}}