{"id":14374,"date":"2025-12-11T09:40:04","date_gmt":"2025-12-11T08:40:04","guid":{"rendered":"https:\/\/damicoline.com\/product\/cavo-acceleratore-piaggio-ape-calessino-ldw422\/"},"modified":"2026-04-22T14:54:38","modified_gmt":"2026-04-22T12:54:38","slug":"gaszug-fur-piaggio-ape-calessino-ldw422-ersatzteil","status":"publish","type":"product","link":"https:\/\/damicoline.com\/de\/produkt\/gaszug-fur-piaggio-ape-calessino-ldw422-ersatzteil\/","title":{"rendered":"Gaszug f\u00fcr Piaggio Ape Calessino LDW422 Ersatzteil"},"content":{"rendered":"<p><strong>Gaszug f\u00fcr Piaggio Ape Calessino LDW422<\/strong><\/p>\n<p>Gaszug kompatibel mit <strong>Piaggio Ape Calessino LDW422<\/strong>. Sorgt f\u00fcr eine reibungslose Gasannahme und eine pr\u00e4zise Steuerung der Drosselklappen\u00f6ffnung. Robustes Ersatzteil, entwickelt f\u00fcr Langlebigkeit und Zuverl\u00e4ssigkeit.<\/p>\n<div class=\"text-sm text-gray-800 font-medium mb-2\"><div class=\"text-sm text-gray-800 font-medium mb-2\"><strong>Referenzcodes:<\/strong> 661765<\/div><\/div>\n<div class=\"oem-box mb-4\"><div class=\"oem-box mb-4\"><p class=\"text-sm text-gray-800 font-medium mb-2\">Typ: <strong>Original Piaggio<\/strong><\/p><p class=\"text-sm text-gray-700 mb-1\">Originalteil von Piaggio, f\u00fcr korrekte Passform und Leistung entwickelt.<\/p><p class=\"text-xs text-gray-500 mt-2\">Marken geh\u00f6ren den jeweiligen Inhabern.<\/p><\/div><\/div>\n<section class=\"compatibility-block mb-4\"><section class=\"compatibility-block mb-4\"><div class=\"product-extra-details hide-below-992\"><table class=\"woocommerce-product-attributes\"><tbody><tr><th colspan=\"2\"><span class=\"text-sm font-medium mb-2\">Kompatibel mit:<\/span><\/th><\/tr><tr><th>Fahrzeugmodell \u2013 Rahmenpr\u00e4fix:<\/th><td><a href=\"https:\/\/damicoline.com\/de\/shop\/?vx_brand=PIAGGIO&#038;vx_model=APE%20CALESSINO%20422%20E2%20(2007-2012)&#038;vx_engine=LDW422&#038;vx_years=2007-2012\">\ud83d\ude9a PIAGGIO APE CALESSINO 422 E2 (2007-2012) LDW422 (2007-2012) - ZAPT2D4MC, ZAPT3E9AC<\/a><\/td><\/tr><\/tbody><\/table><\/div><\/section><\/section>\n","protected":false},"excerpt":{"rendered":"<p>Gaszug f\u00fcr Piaggio Ape Calessino LDW422 Gaszug kompatibel mit Piaggio Ape Calessino LDW422. Sorgt f\u00fcr eine reibungslose Gasannahme und eine pr\u00e4zise Steuerung der Drosselklappen\u00f6ffnung. Robustes Ersatzteil, entwickelt f\u00fcr Langlebigkeit und Zuverl\u00e4ssigkeit.<\/p>\n","protected":false},"featured_media":14375,"template":"","meta":{"_sitemap_exclude":false,"_sitemap_priority":"","_sitemap_frequency":""},"product_brand":[2672],"product_cat":[3140,2647],"product_tag":[3150],"class_list":{"0":"post-14374","1":"product","2":"type-product","3":"status-publish","4":"has-post-thumbnail","6":"product_brand-piaggio","7":"product_cat-gaszuge","8":"product_cat-getriebe-und-seilzuge","9":"product_tag-3150","11":"first","12":"instock","13":"sale","14":"taxable","15":"shipping-taxable","16":"purchasable","17":"product-type-simple"},"_links":{"self":[{"href":"https:\/\/damicoline.com\/de\/wp-json\/wp\/v2\/product\/14374","targetHints":{"allow":["GET"]}}],"collection":[{"href":"https:\/\/damicoline.com\/de\/wp-json\/wp\/v2\/product"}],"about":[{"href":"https:\/\/damicoline.com\/de\/wp-json\/wp\/v2\/types\/product"}],"wp:featuredmedia":[{"embeddable":true,"href":"https:\/\/damicoline.com\/de\/wp-json\/wp\/v2\/media\/14375"}],"wp:attachment":[{"href":"https:\/\/damicoline.com\/de\/wp-json\/wp\/v2\/media?parent=14374"}],"wp:term":[{"taxonomy":"product_brand","embeddable":true,"href":"https:\/\/damicoline.com\/de\/wp-json\/wp\/v2\/product_brand?post=14374"},{"taxonomy":"product_cat","embeddable":true,"href":"https:\/\/damicoline.com\/de\/wp-json\/wp\/v2\/product_cat?post=14374"},{"taxonomy":"product_tag","embeddable":true,"href":"https:\/\/damicoline.com\/de\/wp-json\/wp\/v2\/product_tag?post=14374"}],"curies":[{"name":"wp","href":"https:\/\/api.w.org\/{rel}","templated":true}]}}