{"id":14384,"date":"2025-12-11T09:40:05","date_gmt":"2025-12-11T08:40:05","guid":{"rendered":"https:\/\/damicoline.com\/product\/cavo-contachilometri-piaggio-ape-calessino-ldw422\/"},"modified":"2025-12-11T10:11:51","modified_gmt":"2025-12-11T09:11:51","slug":"tachowellenkabel-fur-piaggio-ape-calessino-ldw422","status":"publish","type":"product","link":"https:\/\/damicoline.com\/de\/produkt\/tachowellenkabel-fur-piaggio-ape-calessino-ldw422\/","title":{"rendered":"Tachowellenkabel f\u00fcr Piaggio Ape Calessino LDW422"},"content":{"rendered":"<p><strong>Tachowellenkabel f\u00fcr Piaggio Ape Calessino LDW422<\/strong><\/p>\n<p>Tachowellenkabel kompatibel mit <strong>Piaggio Ape Calessino LDW422<\/strong>. Gew\u00e4hrleistet eine pr\u00e4zise \u00dcbertragung der Bewegung vom Rad zum Tachometer und sorgt f\u00fcr eine korrekte Geschwindigkeitsanzeige. Hochwertiges Ersatzteil, langlebig und zuverl\u00e4ssig.<\/p>\n<div class=\"text-sm text-gray-800 font-medium mb-2\"><div class=\"text-sm text-gray-800 font-medium mb-2\"><strong>Referenzcodes:<\/strong> 661769<\/div><\/div>\n<div class=\"oem-box mb-4\">\t\t\t\t<div class=\"oem-box mb-4\">\n\t\t\t\t\t<p class=\"text-sm text-gray-800 font-medium mb-2\">Typ: <strong>Original Piaggio<\/strong><\/p>\n\t\t\t\t\t<p class=\"text-sm text-gray-700 mb-1\">Originalteil von Piaggio, f\u00fcr korrekte Passform und Leistung entwickelt.<\/p>\n\t\t\t\t\t<p class=\"text-xs text-gray-500 mt-2\">*Marken geh\u00f6ren den jeweiligen Inhabern.<\/p>\n\t\t\t\t<\/div>\n\t\t\t<\/div>\n<section class=\"compatibility-block mb-4\"><section class=\"compatibility-block mb-4\"><div class=\"product-extra-details hide-below-992\"><table class=\"woocommerce-product-attributes\"><tbody><tr><th colspan=\"2\"><span class=\"text-sm font-medium mb-2\">Kompatibel mit:<\/span><\/th><\/tr><tr><th>Fahrzeugmodell \u2013 Rahmenpr\u00e4fix:<\/th><td><a href=\"https:\/\/damicoline.com\/de\/shop\/?vx_brand=PIAGGIO&#038;vx_model=APE%20CALESSINO%20422%20E2%20(2007-2012)&#038;vx_engine=LDW422&#038;vx_years=2007-2012\">\ud83d\ude9a PIAGGIO APE CALESSINO 422 E2 (2007-2012) LDW422 (2007-2012) - ZAPT2D4MC, ZAPT3E9AC<\/a><\/td><\/tr><\/tbody><\/table><\/div><\/section><\/section>\n","protected":false},"excerpt":{"rendered":"<p>Tachowellenkabel f\u00fcr Piaggio Ape Calessino LDW422 Tachowellenkabel kompatibel mit Piaggio Ape Calessino LDW422. Gew\u00e4hrleistet eine pr\u00e4zise \u00dcbertragung der Bewegung vom Rad zum Tachometer und sorgt f\u00fcr eine korrekte Geschwindigkeitsanzeige. Hochwertiges Ersatzteil, langlebig und zuverl\u00e4ssig.<\/p>\n","protected":false},"featured_media":14385,"template":"","meta":{"_sitemap_exclude":false,"_sitemap_priority":"","_sitemap_frequency":""},"product_brand":[2672],"product_cat":[2647,3145],"product_tag":[3155],"class_list":{"0":"post-14384","1":"product","2":"type-product","3":"status-publish","4":"has-post-thumbnail","6":"product_brand-piaggio","7":"product_cat-getriebe-und-seilzuge","8":"product_cat-tachowellen","9":"product_tag-3155","11":"first","12":"instock","13":"sale","14":"taxable","15":"shipping-taxable","16":"purchasable","17":"product-type-simple"},"_links":{"self":[{"href":"https:\/\/damicoline.com\/de\/wp-json\/wp\/v2\/product\/14384","targetHints":{"allow":["GET"]}}],"collection":[{"href":"https:\/\/damicoline.com\/de\/wp-json\/wp\/v2\/product"}],"about":[{"href":"https:\/\/damicoline.com\/de\/wp-json\/wp\/v2\/types\/product"}],"wp:featuredmedia":[{"embeddable":true,"href":"https:\/\/damicoline.com\/de\/wp-json\/wp\/v2\/media\/14385"}],"wp:attachment":[{"href":"https:\/\/damicoline.com\/de\/wp-json\/wp\/v2\/media?parent=14384"}],"wp:term":[{"taxonomy":"product_brand","embeddable":true,"href":"https:\/\/damicoline.com\/de\/wp-json\/wp\/v2\/product_brand?post=14384"},{"taxonomy":"product_cat","embeddable":true,"href":"https:\/\/damicoline.com\/de\/wp-json\/wp\/v2\/product_cat?post=14384"},{"taxonomy":"product_tag","embeddable":true,"href":"https:\/\/damicoline.com\/de\/wp-json\/wp\/v2\/product_tag?post=14384"}],"curies":[{"name":"wp","href":"https:\/\/api.w.org\/{rel}","templated":true}]}}