{"id":14779,"date":"2025-12-29T17:44:55","date_gmt":"2025-12-29T16:44:55","guid":{"rendered":"https:\/\/damicoline.com\/prodotto\/faro-proiettore-destro-piaggio-porter-assetto-manuale\/"},"modified":"2026-04-22T14:55:37","modified_gmt":"2026-04-22T12:55:37","slug":"rechter-scheinwerfer-fur-piaggio-porter-mit-manueller-einstellung","status":"publish","type":"product","link":"https:\/\/damicoline.com\/de\/produkt\/rechter-scheinwerfer-fur-piaggio-porter-mit-manueller-einstellung\/","title":{"rendered":"Rechter Scheinwerfer f\u00fcr Piaggio Porter mit manueller Einstellung"},"content":{"rendered":"<p><strong>Rechter Scheinwerfer f\u00fcr Piaggio Porter mit manueller Einstellung<\/strong><\/p>\n<p>Rechter <strong>Vorderscheinwerfer<\/strong> kompatibel mit <strong>Piaggio Porter<\/strong>. Version mit <strong>manueller Scheinwerferh\u00f6henverstellung<\/strong>, entwickelt f\u00fcr effektive Beleuchtung und korrekte Einstellung des Lichtstrahls.<\/p>\n<p><strong>Wichtig:<\/strong> Dieser Scheinwerfer ist <strong>NICHT f\u00fcr den elektrischen Stellmotor<\/strong> der H\u00f6henverstellung vorgesehen.<\/p>\n<p><strong>\u2757 \u00dcberpr\u00fcfen Sie, dass Ihr Fahrzeug KEINEN elektrischen Stellmotor f\u00fcr die Scheinwerferh\u00f6henverstellung hat, bevor Sie kaufen.<\/strong><\/p>\n<div class=\"text-sm text-gray-800 font-medium mb-2\"><div class=\"text-sm text-gray-800 font-medium mb-2\"><strong>Referenzcodes:<\/strong> 8111087Z11000<\/div><\/div>\n<div class=\"oem-box mb-4\"><div class=\"oem-box mb-4\"><p class=\"text-sm text-gray-800 font-medium mb-2\">Typ: <strong>Aftermarket<\/strong><\/p><p class=\"text-sm text-gray-700 mb-1\">Aftermarket-Komponente in Profiqualit\u00e4t, kompatibel mit den auf dieser Seite aufgef\u00fchrten Fahrzeugen.<\/p><p class=\"text-xs text-gray-500 mt-2\">Nicht von Piaggio hergestellt oder gebrandet. Marken geh\u00f6ren den jeweiligen Inhabern.<\/p><\/div><\/div>\n<section class=\"compatibility-block mb-4\"><section class=\"compatibility-block mb-4\"><div class=\"product-extra-details hide-below-992\"><table class=\"woocommerce-product-attributes\"><tbody><tr><th colspan=\"2\"><span class=\"text-sm font-medium mb-2\">Kompatibel mit:<\/span><\/th><\/tr><tr><th>Fahrzeugmodell \u2013 Rahmenpr\u00e4fix:<\/th><td><a href=\"https:\/\/damicoline.com\/de\/shop\/?vx_brand=PIAGGIO&#038;vx_model=PORTER%20Pianale%20piatto%201.4%20D%20(1998-2005)&#038;vx_engine=LDW1404\/P&#038;vx_years=1998-2005\">\ud83d\ude9a PIAGGIO PORTER Pianale piatto 1.4 D (1998-2005) LDW1404\/P (1998-2005) - ZAPS&#56;&#53;&#48;&#48;&#48;&#48;&#48;&#52;, ZAPS&#56;&#53;&#48;&#48;&#48;&#48;&#48;&#55;, ZAPS85V00004, ZAPS85V00007<\/a><\/td><\/tr><tr><th>Fahrzeugmodell \u2013 Rahmenpr\u00e4fix:<\/th><td><a href=\"https:\/\/damicoline.com\/de\/shop\/?vx_brand=PIAGGIO&#038;vx_model=PORTER%20Pianale%20piatto\/Telaio%201.3%2016V%20(1998-2009)&#038;vx_engine=HC-EL&#038;vx_years=1998-2009\">\ud83d\ude9a PIAGGIO PORTER Pianale piatto\/Telaio 1.3 16V (1998-2009) HC-EL (1998-2009) - ZAPS85000, ZAPS85V00<\/a><\/td><\/tr><\/tbody><\/table><\/div><\/section><\/section>\n","protected":false},"excerpt":{"rendered":"<p>Rechter Scheinwerfer f\u00fcr Piaggio Porter mit manueller Einstellung Rechter Vorderscheinwerfer kompatibel mit Piaggio Porter. Version mit manueller Scheinwerferh\u00f6henverstellung, entwickelt f\u00fcr effektive Beleuchtung und korrekte Einstellung des Lichtstrahls. Wichtig: Dieser Scheinwerfer ist NICHT f\u00fcr den elektrischen Stellmotor der H\u00f6henverstellung vorgesehen. \u2757 \u00dcberpr\u00fcfen Sie, dass Ihr Fahrzeug KEINEN elektrischen Stellmotor f\u00fcr die Scheinwerferh\u00f6henverstellung hat, bevor Sie kaufen.<\/p>\n","protected":false},"featured_media":14780,"template":"","meta":{"_sitemap_exclude":false,"_sitemap_priority":"","_sitemap_frequency":""},"product_brand":[2670],"product_cat":[3055,398],"product_tag":[1173],"class_list":{"0":"post-14779","1":"product","2":"type-product","3":"status-publish","4":"has-post-thumbnail","6":"product_brand-aftermarket","7":"product_cat-frontscheinwerfer-blinker","8":"product_cat-scheinwerfer-und-beleuchtung","9":"product_tag-8111087z11000","11":"first","12":"outofstock","13":"sale","14":"taxable","15":"shipping-taxable","16":"purchasable","17":"product-type-simple"},"_links":{"self":[{"href":"https:\/\/damicoline.com\/de\/wp-json\/wp\/v2\/product\/14779","targetHints":{"allow":["GET"]}}],"collection":[{"href":"https:\/\/damicoline.com\/de\/wp-json\/wp\/v2\/product"}],"about":[{"href":"https:\/\/damicoline.com\/de\/wp-json\/wp\/v2\/types\/product"}],"wp:featuredmedia":[{"embeddable":true,"href":"https:\/\/damicoline.com\/de\/wp-json\/wp\/v2\/media\/14780"}],"wp:attachment":[{"href":"https:\/\/damicoline.com\/de\/wp-json\/wp\/v2\/media?parent=14779"}],"wp:term":[{"taxonomy":"product_brand","embeddable":true,"href":"https:\/\/damicoline.com\/de\/wp-json\/wp\/v2\/product_brand?post=14779"},{"taxonomy":"product_cat","embeddable":true,"href":"https:\/\/damicoline.com\/de\/wp-json\/wp\/v2\/product_cat?post=14779"},{"taxonomy":"product_tag","embeddable":true,"href":"https:\/\/damicoline.com\/de\/wp-json\/wp\/v2\/product_tag?post=14779"}],"curies":[{"name":"wp","href":"https:\/\/api.w.org\/{rel}","templated":true}]}}