{"id":14829,"date":"2026-01-02T12:23:06","date_gmt":"2026-01-02T11:23:06","guid":{"rendered":"https:\/\/damicoline.com\/prodotto\/molla-ammortizzatore-anteriore-piaggio-porter-pick-up\/"},"modified":"2026-05-13T12:31:18","modified_gmt":"2026-05-13T10:31:18","slug":"vorderer-stosdampferfeder-piaggio-porter-pick-up","status":"publish","type":"product","link":"https:\/\/damicoline.com\/de\/produkt\/vorderer-stosdampferfeder-piaggio-porter-pick-up\/","title":{"rendered":"Vorderer Sto\u00dfd\u00e4mpferfeder Piaggio Porter Pick-Up"},"content":{"rendered":"<p><strong>Vorderer Sto\u00dfd\u00e4mpferfeder f\u00fcr Piaggio Porter Version Pick-Up<\/strong><\/p>\n<p>Feder f\u00fcr <strong>vorderen Sto\u00dfd\u00e4mpfer<\/strong> kompatibel mit <strong>Piaggio Porter Version Pick-Up<\/strong>. Entwickelt, um die Last korrekt zu tragen, gew\u00e4hrleistet sie eine stabile Fahrwerkslage, Fahrkomfort und eine effektive Reaktion der Federung. Qualit\u00e4tsersatzteil f\u00fcr Zuverl\u00e4ssigkeit und Langlebigkeit.<\/p>\n<div class=\"text-sm text-gray-800 font-medium mb-2\"><div class=\"text-sm text-gray-800 font-medium mb-2\"><strong>Referenzcodes:<\/strong> D4813187Z196<\/div><\/div>\n<div class=\"oem-box mb-4\"><div class=\"oem-box mb-4\"><p class=\"text-sm text-gray-800 font-medium mb-2\">Typ: <strong>Original Piaggio<\/strong><\/p><p class=\"text-sm text-gray-700 mb-1\">Originalteil von Piaggio, f\u00fcr korrekte Passform und Leistung entwickelt.<\/p><p class=\"text-xs text-gray-500 mt-2\">Marken geh\u00f6ren den jeweiligen Inhabern.<\/p><\/div><\/div>\n<section class=\"compatibility-block mb-4\"><section class=\"compatibility-block mb-4\"><div class=\"product-extra-details\"><table class=\"woocommerce-product-attributes\"><tbody><tr><th colspan=\"2\"><span class=\"text-sm font-medium mb-2\">Kompatibel mit:<\/span><\/th><\/tr><tr><th>Fahrzeugmodell \u2013 Rahmenpr\u00e4fix:<\/th><td>\ud83d\ude9a PIAGGIO PORTER Pianale piatto 1.4 D (1998-2005) LDW1404\/P (1998-2005) - ZAPS&#56;&#53;&#48;&#48;&#48;&#48;&#48;&#52;, ZAPS&#56;&#53;&#48;&#48;&#48;&#48;&#48;&#55;, ZAPS85V00004, ZAPS85V00007<\/td><\/tr><tr><th>Fahrzeugmodell \u2013 Rahmenpr\u00e4fix:<\/th><td>\ud83d\ude9a PIAGGIO PORTER Pianale piatto\/Telaio 1.3 (2010-2015) DA471QLR (2010-2015) - ZAPS90CJ, ZAPS90PJ, ZAPS90TJ, ZAPS90VJ<\/td><\/tr><tr><th>Fahrzeugmodell \u2013 Rahmenpr\u00e4fix:<\/th><td>\ud83d\ude9a PIAGGIO PORTER Pianale piatto\/Telaio 1.3 16V (1998-2009) HC-EL (1998-2009) - ZAPS85000, ZAPS85V00<\/td><\/tr><tr><th>Fahrzeugmodell \u2013 Rahmenpr\u00e4fix:<\/th><td>\ud83d\ude9a PIAGGIO PORTER Pianale piatto\/Telaio 1.3 16V Up-Date E3 (2009-2010) HC-EL (2009-2010) - ZAPS90CH, ZAPS90PH, ZAPS90TH, ZAPS90VH<\/td><\/tr><tr><th>Fahrzeugmodell \u2013 Rahmenpr\u00e4fix:<\/th><td>\ud83d\ude9a PIAGGIO PORTER Pianale piatto\/Telaio 1.3 LPG (2015-2020) DAM13R (2015-2020) - ZAPS89CGW, ZAPS89PGW, ZAPS90VGW, ZAPS90TGW, ZAPS90PGW, ZAPS90CGW<\/td><\/tr><\/tbody><\/table><\/div><\/section><\/section>\n<p><em>Technischer Hinweis:<\/em> Um die korrekte Fahrwerkslage des Fahrzeugs zu erhalten, wird der <strong>paarweise Austausch<\/strong> der vorderen Federn empfohlen.<\/p>\n","protected":false},"excerpt":{"rendered":"<p>Vorderer Sto\u00dfd\u00e4mpferfeder f\u00fcr Piaggio Porter Version Pick-Up Feder f\u00fcr vorderen Sto\u00dfd\u00e4mpfer kompatibel mit Piaggio Porter Version Pick-Up. Entwickelt, um die Last korrekt zu tragen, gew\u00e4hrleistet sie eine stabile Fahrwerkslage, Fahrkomfort und eine effektive Reaktion der Federung. Qualit\u00e4tsersatzteil f\u00fcr Zuverl\u00e4ssigkeit und Langlebigkeit. Technischer Hinweis: Um die korrekte Fahrwerkslage des Fahrzeugs zu erhalten, wird der paarweise Austausch<\/p>\n<div class=\"klb-readmore button\"><a class=\"btn link\" href=\"https:\/\/damicoline.com\/de\/produkt\/vorderer-stosdampferfeder-piaggio-porter-pick-up\/\">Read More <i class=\"klbth-icon-right-arrow\"><\/i><\/a><\/div>\n","protected":false},"featured_media":14830,"template":"","meta":[],"product_brand":[3911],"product_cat":[433,443],"product_tag":[3263],"class_list":{"0":"post-14829","1":"product","2":"type-product","3":"status-publish","4":"has-post-thumbnail","6":"product_brand-piaggio","7":"product_cat-lenkungsteile","8":"product_cat-vordere-stosdampfer","9":"product_tag-d4813187z196","11":"first","12":"outofstock","13":"sale","14":"taxable","15":"shipping-taxable","16":"purchasable","17":"product-type-simple"},"_links":{"self":[{"href":"https:\/\/damicoline.com\/de\/wp-json\/wp\/v2\/product\/14829","targetHints":{"allow":["GET"]}}],"collection":[{"href":"https:\/\/damicoline.com\/de\/wp-json\/wp\/v2\/product"}],"about":[{"href":"https:\/\/damicoline.com\/de\/wp-json\/wp\/v2\/types\/product"}],"wp:featuredmedia":[{"embeddable":true,"href":"https:\/\/damicoline.com\/de\/wp-json\/wp\/v2\/media\/14830"}],"wp:attachment":[{"href":"https:\/\/damicoline.com\/de\/wp-json\/wp\/v2\/media?parent=14829"}],"wp:term":[{"taxonomy":"product_brand","embeddable":true,"href":"https:\/\/damicoline.com\/de\/wp-json\/wp\/v2\/product_brand?post=14829"},{"taxonomy":"product_cat","embeddable":true,"href":"https:\/\/damicoline.com\/de\/wp-json\/wp\/v2\/product_cat?post=14829"},{"taxonomy":"product_tag","embeddable":true,"href":"https:\/\/damicoline.com\/de\/wp-json\/wp\/v2\/product_tag?post=14829"}],"curies":[{"name":"wp","href":"https:\/\/api.w.org\/{rel}","templated":true}]}}