{"id":15061,"date":"2026-01-05T18:13:48","date_gmt":"2026-01-05T17:13:48","guid":{"rendered":"https:\/\/damicoline.com\/prodotto\/cornice-maschera-faro-lato-destro-piaggio-quargo\/"},"modified":"2026-01-05T18:28:39","modified_gmt":"2026-01-05T17:28:39","slug":"scheinwerfermaskenrahmen-rechte-seite-fur-piaggio-quargo","status":"publish","type":"product","link":"https:\/\/damicoline.com\/de\/produkt\/scheinwerfermaskenrahmen-rechte-seite-fur-piaggio-quargo\/","title":{"rendered":"Scheinwerfermaskenrahmen rechte Seite f\u00fcr Piaggio Quargo"},"content":{"rendered":"<p><strong>Scheinwerfermaskenrahmen rechte Seite f\u00fcr Piaggio Quargo<\/strong><\/p>\n<p>Scheinwerfermaskenrahmen <strong>vordere rechte Seite<\/strong> kompatibel mit <strong>Piaggio Quargo<\/strong>. Gew\u00e4hrleistet die korrekte Aufnahme der Scheinwerfereinheit, verbessert die \u00c4sthetik des Fahrzeugs und sch\u00fctzt den Scheinwerfer. Hochwertiges Ersatzteil, robust und langlebig.<\/p>\n<p><em>Hinweis:<\/em> Auch der <strong>Scheinwerfermaskenrahmen linke Seite<\/strong> ist verf\u00fcgbar.<\/p>\n<div class=\"text-sm text-gray-800 font-medium mb-2\"><div class=\"text-sm text-gray-800 font-medium mb-2\"><strong>Referenzcodes:<\/strong> 615275<\/div><\/div>\n<div class=\"oem-box mb-4\">\t\t\t\t<div class=\"oem-box mb-4\">\n\t\t\t\t\t<p class=\"text-sm text-gray-800 font-medium mb-2\">Typ: <strong>Original Piaggio<\/strong><\/p>\n\t\t\t\t\t<p class=\"text-sm text-gray-700 mb-1\">Originalteil von Piaggio, f\u00fcr korrekte Passform und Leistung entwickelt.<\/p>\n\t\t\t\t\t<p class=\"text-xs text-gray-500 mt-2\">*Marken geh\u00f6ren den jeweiligen Inhabern.<\/p>\n\t\t\t\t<\/div>\n\t\t\t<\/div>\n<section class=\"compatibility-block mb-4\"><section class=\"compatibility-block mb-4\"><div class=\"product-extra-details hide-below-992\"><table class=\"woocommerce-product-attributes\"><tbody><tr><th colspan=\"2\"><span class=\"text-sm font-medium mb-2\">Kompatibel mit:<\/span><\/th><\/tr><tr><th>Fahrzeugmodell \u2013 Rahmenpr\u00e4fix:<\/th><td><a href=\"https:\/\/damicoline.com\/de\/shop\/?vx_brand=PIAGGIO&#038;vx_model=QUARGO%20702%20Diesel%20(2004-2006)&#038;vx_engine=LDW702\/P&#038;vx_years=2004-2006\">\ud83d\ude9a PIAGGIO QUARGO 702 Diesel (2004-2006) LDW702\/P (2004-2006) - ZAPP10000<\/a><\/td><\/tr><tr><th>Fahrzeugmodell \u2013 Rahmenpr\u00e4fix:<\/th><td><a href=\"https:\/\/damicoline.com\/de\/shop\/?vx_brand=PIAGGIO&#038;vx_model=QUARGO%20702%20Diesel%20(2007-2017)&#038;vx_engine=LDW702\/P&#038;vx_years=2007-2017\">\ud83d\ude9a PIAGGIO QUARGO 702 Diesel (2007-2017) LDW702\/P (2007-2017) - ZAP4P10000<\/a><\/td><\/tr><\/tbody><\/table><\/div><\/section><\/section>\n","protected":false},"excerpt":{"rendered":"<p>Scheinwerfermaskenrahmen rechte Seite f\u00fcr Piaggio Quargo Scheinwerfermaskenrahmen vordere rechte Seite kompatibel mit Piaggio Quargo. Gew\u00e4hrleistet die korrekte Aufnahme der Scheinwerfereinheit, verbessert die \u00c4sthetik des Fahrzeugs und sch\u00fctzt den Scheinwerfer. Hochwertiges Ersatzteil, robust und langlebig. Hinweis: Auch der Scheinwerfermaskenrahmen linke Seite ist verf\u00fcgbar.<\/p>\n","protected":false},"featured_media":15062,"template":"","meta":{"_sitemap_exclude":false,"_sitemap_priority":"","_sitemap_frequency":""},"product_brand":[2672],"product_cat":[398,3545],"product_tag":[3366],"class_list":{"0":"post-15061","1":"product","2":"type-product","3":"status-publish","4":"has-post-thumbnail","6":"product_brand-piaggio","7":"product_cat-scheinwerfer-und-beleuchtung","8":"product_cat-scheinwerferrahmen-und-blenden","9":"product_tag-3366","11":"first","12":"instock","13":"sale","14":"taxable","15":"shipping-taxable","16":"purchasable","17":"product-type-simple"},"_links":{"self":[{"href":"https:\/\/damicoline.com\/de\/wp-json\/wp\/v2\/product\/15061","targetHints":{"allow":["GET"]}}],"collection":[{"href":"https:\/\/damicoline.com\/de\/wp-json\/wp\/v2\/product"}],"about":[{"href":"https:\/\/damicoline.com\/de\/wp-json\/wp\/v2\/types\/product"}],"wp:featuredmedia":[{"embeddable":true,"href":"https:\/\/damicoline.com\/de\/wp-json\/wp\/v2\/media\/15062"}],"wp:attachment":[{"href":"https:\/\/damicoline.com\/de\/wp-json\/wp\/v2\/media?parent=15061"}],"wp:term":[{"taxonomy":"product_brand","embeddable":true,"href":"https:\/\/damicoline.com\/de\/wp-json\/wp\/v2\/product_brand?post=15061"},{"taxonomy":"product_cat","embeddable":true,"href":"https:\/\/damicoline.com\/de\/wp-json\/wp\/v2\/product_cat?post=15061"},{"taxonomy":"product_tag","embeddable":true,"href":"https:\/\/damicoline.com\/de\/wp-json\/wp\/v2\/product_tag?post=15061"}],"curies":[{"name":"wp","href":"https:\/\/api.w.org\/{rel}","templated":true}]}}