{"id":15071,"date":"2026-01-05T18:13:49","date_gmt":"2026-01-05T17:13:49","guid":{"rendered":"https:\/\/damicoline.com\/prodotto\/cornice-maschera-faro-lato-sinistro-piaggio-quargo\/"},"modified":"2026-01-05T18:30:33","modified_gmt":"2026-01-05T17:30:33","slug":"scheinwerfermaskenrahmen-linke-seite-fur-piaggio-quargo","status":"publish","type":"product","link":"https:\/\/damicoline.com\/de\/produkt\/scheinwerfermaskenrahmen-linke-seite-fur-piaggio-quargo\/","title":{"rendered":"Scheinwerfermaskenrahmen linke Seite f\u00fcr Piaggio Quargo"},"content":{"rendered":"<p><strong>Scheinwerfermaskenrahmen linke Seite f\u00fcr Piaggio Quargo<\/strong><\/p>\n<p>Scheinwerfermaskenrahmen <strong>vordere linke Seite<\/strong> kompatibel mit <strong>Piaggio Quargo<\/strong>. Entwickelt, um die korrekte Befestigung der Lichtgruppe zu gew\u00e4hrleisten, stellt die Front\u00e4sthetik wieder her und sch\u00fctzt den Scheinwerfer. Hochwertiges Ersatzteil, langlebig und pr\u00e4zise.<\/p>\n<p><em>Hinweis:<\/em> Auch der <strong>Scheinwerfermaskenrahmen rechte Seite<\/strong> ist verf\u00fcgbar.<\/p>\n<div class=\"text-sm text-gray-800 font-medium mb-2\"><div class=\"text-sm text-gray-800 font-medium mb-2\"><strong>Referenzcodes:<\/strong> 615274<\/div><\/div>\n<div class=\"oem-box mb-4\">\t\t\t\t<div class=\"oem-box mb-4\">\n\t\t\t\t\t<p class=\"text-sm text-gray-800 font-medium mb-2\">Typ: <strong>Original Piaggio<\/strong><\/p>\n\t\t\t\t\t<p class=\"text-sm text-gray-700 mb-1\">Originalteil von Piaggio, f\u00fcr korrekte Passform und Leistung entwickelt.<\/p>\n\t\t\t\t\t<p class=\"text-xs text-gray-500 mt-2\">*Marken geh\u00f6ren den jeweiligen Inhabern.<\/p>\n\t\t\t\t<\/div>\n\t\t\t<\/div>\n<section class=\"compatibility-block mb-4\"><section class=\"compatibility-block mb-4\"><div class=\"product-extra-details hide-below-992\"><table class=\"woocommerce-product-attributes\"><tbody><tr><th colspan=\"2\"><span class=\"text-sm font-medium mb-2\">Kompatibel mit:<\/span><\/th><\/tr><tr><th>Fahrzeugmodell \u2013 Rahmenpr\u00e4fix:<\/th><td><a href=\"https:\/\/damicoline.com\/de\/shop\/?vx_brand=PIAGGIO&#038;vx_model=QUARGO%20702%20Diesel%20(2004-2006)&#038;vx_engine=LDW702\/P&#038;vx_years=2004-2006\">\ud83d\ude9a PIAGGIO QUARGO 702 Diesel (2004-2006) LDW702\/P (2004-2006) - ZAPP10000<\/a><\/td><\/tr><tr><th>Fahrzeugmodell \u2013 Rahmenpr\u00e4fix:<\/th><td><a href=\"https:\/\/damicoline.com\/de\/shop\/?vx_brand=PIAGGIO&#038;vx_model=QUARGO%20702%20Diesel%20(2007-2017)&#038;vx_engine=LDW702\/P&#038;vx_years=2007-2017\">\ud83d\ude9a PIAGGIO QUARGO 702 Diesel (2007-2017) LDW702\/P (2007-2017) - ZAP4P10000<\/a><\/td><\/tr><\/tbody><\/table><\/div><\/section><\/section>\n","protected":false},"excerpt":{"rendered":"<p>Scheinwerfermaskenrahmen linke Seite f\u00fcr Piaggio Quargo Scheinwerfermaskenrahmen vordere linke Seite kompatibel mit Piaggio Quargo. Entwickelt, um die korrekte Befestigung der Lichtgruppe zu gew\u00e4hrleisten, stellt die Front\u00e4sthetik wieder her und sch\u00fctzt den Scheinwerfer. Hochwertiges Ersatzteil, langlebig und pr\u00e4zise. Hinweis: Auch der Scheinwerfermaskenrahmen rechte Seite ist verf\u00fcgbar.<\/p>\n","protected":false},"featured_media":15072,"template":"","meta":{"_sitemap_exclude":false,"_sitemap_priority":"","_sitemap_frequency":""},"product_brand":[2672],"product_cat":[398,3545],"product_tag":[3371],"class_list":{"0":"post-15071","1":"product","2":"type-product","3":"status-publish","4":"has-post-thumbnail","6":"product_brand-piaggio","7":"product_cat-scheinwerfer-und-beleuchtung","8":"product_cat-scheinwerferrahmen-und-blenden","9":"product_tag-3371","11":"first","12":"instock","13":"sale","14":"taxable","15":"shipping-taxable","16":"purchasable","17":"product-type-simple"},"_links":{"self":[{"href":"https:\/\/damicoline.com\/de\/wp-json\/wp\/v2\/product\/15071","targetHints":{"allow":["GET"]}}],"collection":[{"href":"https:\/\/damicoline.com\/de\/wp-json\/wp\/v2\/product"}],"about":[{"href":"https:\/\/damicoline.com\/de\/wp-json\/wp\/v2\/types\/product"}],"wp:featuredmedia":[{"embeddable":true,"href":"https:\/\/damicoline.com\/de\/wp-json\/wp\/v2\/media\/15072"}],"wp:attachment":[{"href":"https:\/\/damicoline.com\/de\/wp-json\/wp\/v2\/media?parent=15071"}],"wp:term":[{"taxonomy":"product_brand","embeddable":true,"href":"https:\/\/damicoline.com\/de\/wp-json\/wp\/v2\/product_brand?post=15071"},{"taxonomy":"product_cat","embeddable":true,"href":"https:\/\/damicoline.com\/de\/wp-json\/wp\/v2\/product_cat?post=15071"},{"taxonomy":"product_tag","embeddable":true,"href":"https:\/\/damicoline.com\/de\/wp-json\/wp\/v2\/product_tag?post=15071"}],"curies":[{"name":"wp","href":"https:\/\/api.w.org\/{rel}","templated":true}]}}