{"id":15142,"date":"2026-01-07T12:06:04","date_gmt":"2026-01-07T11:06:04","guid":{"rendered":"https:\/\/damicoline.com\/prodotto\/tubo-manicotto-raffreddamento-superiore-piaggio-quargo\/"},"modified":"2026-04-22T14:57:44","modified_gmt":"2026-04-22T12:57:44","slug":"oberer-kuhlerschlauch-fur-piaggio-quargo","status":"publish","type":"product","link":"https:\/\/damicoline.com\/de\/produkt\/oberer-kuhlerschlauch-fur-piaggio-quargo\/","title":{"rendered":"Oberer K\u00fchlerschlauch f\u00fcr Piaggio Quargo"},"content":{"rendered":"<p><strong>Oberer K\u00fchlerschlauch f\u00fcr Piaggio Quargo<\/strong><\/p>\n<p>Oberer K\u00fchlerschlauch, kompatibel mit <strong>Piaggio Quargo<\/strong>. Verbindet das Hauptrohr mit dem Motor und sorgt f\u00fcr den korrekten K\u00fchlmittelfluss und eine stabile Betriebstemperatur. Hergestellt aus widerstandsf\u00e4higem Material, um Dichtigkeit, Zuverl\u00e4ssigkeit und Langlebigkeit zu gew\u00e4hrleisten.<\/p>\n<div class=\"text-sm text-gray-800 font-medium mb-2\"><div class=\"text-sm text-gray-800 font-medium mb-2\"><strong>Referenzcodes:<\/strong> 614848<\/div><\/div>\n<div class=\"oem-box mb-4\"><div class=\"oem-box mb-4\"><p class=\"text-sm text-gray-800 font-medium mb-2\">Typ: <strong>Original Piaggio<\/strong><\/p><p class=\"text-sm text-gray-700 mb-1\">Originalteil von Piaggio, f\u00fcr korrekte Passform und Leistung entwickelt.<\/p><p class=\"text-xs text-gray-500 mt-2\">Marken geh\u00f6ren den jeweiligen Inhabern.<\/p><\/div><\/div>\n<section class=\"compatibility-block mb-4\"><section class=\"compatibility-block mb-4\"><div class=\"product-extra-details hide-below-992\"><table class=\"woocommerce-product-attributes\"><tbody><tr><th colspan=\"2\"><span class=\"text-sm font-medium mb-2\">Kompatibel mit:<\/span><\/th><\/tr><tr><th>Fahrzeugmodell \u2013 Rahmenpr\u00e4fix:<\/th><td><a href=\"https:\/\/damicoline.com\/de\/shop\/?vx_brand=PIAGGIO&#038;vx_model=QUARGO%20702%20Diesel%20(2004-2006)&#038;vx_engine=LDW702\/P&#038;vx_years=2004-2006\">\ud83d\ude9a PIAGGIO QUARGO 702 Diesel (2004-2006) LDW702\/P (2004-2006) - ZAPP10000<\/a><\/td><\/tr><tr><th>Fahrzeugmodell \u2013 Rahmenpr\u00e4fix:<\/th><td><a href=\"https:\/\/damicoline.com\/de\/shop\/?vx_brand=PIAGGIO&#038;vx_model=QUARGO%20702%20Diesel%20(2007-2017)&#038;vx_engine=LDW702\/P&#038;vx_years=2007-2017\">\ud83d\ude9a PIAGGIO QUARGO 702 Diesel (2007-2017) LDW702\/P (2007-2017) - ZAP4P10000<\/a><\/td><\/tr><\/tbody><\/table><\/div><\/section><\/section>\n","protected":false},"excerpt":{"rendered":"<p>Oberer K\u00fchlerschlauch f\u00fcr Piaggio Quargo Oberer K\u00fchlerschlauch, kompatibel mit Piaggio Quargo. Verbindet das Hauptrohr mit dem Motor und sorgt f\u00fcr den korrekten K\u00fchlmittelfluss und eine stabile Betriebstemperatur. Hergestellt aus widerstandsf\u00e4higem Material, um Dichtigkeit, Zuverl\u00e4ssigkeit und Langlebigkeit zu gew\u00e4hrleisten.<\/p>\n","protected":false},"featured_media":15143,"template":"","meta":{"_sitemap_exclude":false,"_sitemap_priority":"","_sitemap_frequency":""},"product_brand":[2672],"product_cat":[403,3391],"product_tag":[3399],"class_list":{"0":"post-15142","1":"product","2":"type-product","3":"status-publish","4":"has-post-thumbnail","6":"product_brand-piaggio","7":"product_cat-kuhlsystem","8":"product_cat-schlauche-und-rohre","9":"product_tag-3399","11":"first","12":"instock","13":"sale","14":"taxable","15":"shipping-taxable","16":"purchasable","17":"product-type-simple"},"_links":{"self":[{"href":"https:\/\/damicoline.com\/de\/wp-json\/wp\/v2\/product\/15142","targetHints":{"allow":["GET"]}}],"collection":[{"href":"https:\/\/damicoline.com\/de\/wp-json\/wp\/v2\/product"}],"about":[{"href":"https:\/\/damicoline.com\/de\/wp-json\/wp\/v2\/types\/product"}],"wp:featuredmedia":[{"embeddable":true,"href":"https:\/\/damicoline.com\/de\/wp-json\/wp\/v2\/media\/15143"}],"wp:attachment":[{"href":"https:\/\/damicoline.com\/de\/wp-json\/wp\/v2\/media?parent=15142"}],"wp:term":[{"taxonomy":"product_brand","embeddable":true,"href":"https:\/\/damicoline.com\/de\/wp-json\/wp\/v2\/product_brand?post=15142"},{"taxonomy":"product_cat","embeddable":true,"href":"https:\/\/damicoline.com\/de\/wp-json\/wp\/v2\/product_cat?post=15142"},{"taxonomy":"product_tag","embeddable":true,"href":"https:\/\/damicoline.com\/de\/wp-json\/wp\/v2\/product_tag?post=15142"}],"curies":[{"name":"wp","href":"https:\/\/api.w.org\/{rel}","templated":true}]}}