{"id":15173,"date":"2026-01-07T18:34:56","date_gmt":"2026-01-07T17:34:56","guid":{"rendered":"https:\/\/damicoline.com\/prodotto\/termostato-raffreddamento-piaggio-porter-multitech-euro-4-5-82-gradi\/"},"modified":"2026-04-22T14:58:11","modified_gmt":"2026-04-22T12:58:11","slug":"kuhlthermostat-piaggio-porter-multitech-euro-4-und-5","status":"publish","type":"product","link":"https:\/\/damicoline.com\/de\/produkt\/kuhlthermostat-piaggio-porter-multitech-euro-4-und-5\/","title":{"rendered":"K\u00fchlthermostat Piaggio Porter Multitech Euro 4 und 5"},"content":{"rendered":"<p><strong>K\u00fchlthermostat f\u00fcr Piaggio Porter Multitech Euro 4 und 5<\/strong><\/p>\n<p>K\u00fchlthermostat kompatibel mit <strong>Piaggio Porter Multitech Euro 4 und Euro 5<\/strong>, mit einer \u00d6ffnungstemperatur von <strong>82 \u00b0C<\/strong>. Sorgt f\u00fcr eine korrekte Regulierung des K\u00fchlmittelflusses, f\u00f6rdert das schnelle Erreichen der Betriebstemperatur und verhindert eine \u00dcberhitzung des Motors. Zuverl\u00e4ssiges und qualitativ hochwertiges Ersatzteil.<\/p>\n<div class=\"text-sm text-gray-800 font-medium mb-2\"><div class=\"text-sm text-gray-800 font-medium mb-2\"><strong>Referenzcodes:<\/strong> B0101865<\/div><\/div>\n<div class=\"oem-box mb-4\"><div class=\"oem-box mb-4\"><p class=\"text-sm text-gray-800 font-medium mb-2\">Typ: <strong>Aftermarket<\/strong><\/p><p class=\"text-sm text-gray-700 mb-1\">Aftermarket-Komponente in Profiqualit\u00e4t, kompatibel mit den auf dieser Seite aufgef\u00fchrten Fahrzeugen.<\/p><p class=\"text-xs text-gray-500 mt-2\">Nicht von Piaggio hergestellt oder gebrandet. Marken geh\u00f6ren den jeweiligen Inhabern.<\/p><\/div><\/div>\n<section class=\"compatibility-block mb-4\"><section class=\"compatibility-block mb-4\"><div class=\"product-extra-details hide-below-992\"><table class=\"woocommerce-product-attributes\"><tbody><tr><th colspan=\"2\"><span class=\"text-sm font-medium mb-2\">Kompatibel mit:<\/span><\/th><\/tr><tr><th>Fahrzeugmodell \u2013 Rahmenpr\u00e4fix:<\/th><td><a href=\"https:\/\/damicoline.com\/de\/shop\/?vx_brand=PIAGGIO&#038;vx_model=PORTER%20Maxxi%201.3%20(2010-2015)&#038;vx_engine=DA471QLR&#038;vx_years=2010-2015\">\ud83d\ude9a PIAGGIO PORTER Maxxi 1.3 (2010-2015) DA471QLR (2010-2015) - ZAPS90DJ, ZAPS90AJ, ZAPS90RJ<\/a><\/td><\/tr><tr><th>Fahrzeugmodell \u2013 Rahmenpr\u00e4fix:<\/th><td><a href=\"https:\/\/damicoline.com\/de\/shop\/?vx_brand=PIAGGIO&#038;vx_model=PORTER%20Pianale%20piatto\/Telaio%201.3%20(2010-2015)&#038;vx_engine=DA471QLR&#038;vx_years=2010-2015\">\ud83d\ude9a PIAGGIO PORTER Pianale piatto\/Telaio 1.3 (2010-2015) DA471QLR (2010-2015) - ZAPS90CJ, ZAPS90PJ, ZAPS90TJ, ZAPS90VJ<\/a><\/td><\/tr><\/tbody><\/table><\/div><\/section><\/section>\n","protected":false},"excerpt":{"rendered":"<p>K\u00fchlthermostat f\u00fcr Piaggio Porter Multitech Euro 4 und 5 K\u00fchlthermostat kompatibel mit Piaggio Porter Multitech Euro 4 und Euro 5, mit einer \u00d6ffnungstemperatur von 82 \u00b0C. Sorgt f\u00fcr eine korrekte Regulierung des K\u00fchlmittelflusses, f\u00f6rdert das schnelle Erreichen der Betriebstemperatur und verhindert eine \u00dcberhitzung des Motors. Zuverl\u00e4ssiges und qualitativ hochwertiges Ersatzteil.<\/p>\n","protected":false},"featured_media":15174,"template":"","meta":{"_sitemap_exclude":false,"_sitemap_priority":"","_sitemap_frequency":""},"product_brand":[2670],"product_cat":[403,1404],"product_tag":[3415],"class_list":{"0":"post-15173","1":"product","2":"type-product","3":"status-publish","4":"has-post-thumbnail","6":"product_brand-aftermarket","7":"product_cat-kuhlsystem","8":"product_cat-thermostat-de","9":"product_tag-b0101865","11":"first","12":"instock","13":"sale","14":"taxable","15":"shipping-taxable","16":"purchasable","17":"product-type-simple"},"_links":{"self":[{"href":"https:\/\/damicoline.com\/de\/wp-json\/wp\/v2\/product\/15173","targetHints":{"allow":["GET"]}}],"collection":[{"href":"https:\/\/damicoline.com\/de\/wp-json\/wp\/v2\/product"}],"about":[{"href":"https:\/\/damicoline.com\/de\/wp-json\/wp\/v2\/types\/product"}],"wp:featuredmedia":[{"embeddable":true,"href":"https:\/\/damicoline.com\/de\/wp-json\/wp\/v2\/media\/15174"}],"wp:attachment":[{"href":"https:\/\/damicoline.com\/de\/wp-json\/wp\/v2\/media?parent=15173"}],"wp:term":[{"taxonomy":"product_brand","embeddable":true,"href":"https:\/\/damicoline.com\/de\/wp-json\/wp\/v2\/product_brand?post=15173"},{"taxonomy":"product_cat","embeddable":true,"href":"https:\/\/damicoline.com\/de\/wp-json\/wp\/v2\/product_cat?post=15173"},{"taxonomy":"product_tag","embeddable":true,"href":"https:\/\/damicoline.com\/de\/wp-json\/wp\/v2\/product_tag?post=15173"}],"curies":[{"name":"wp","href":"https:\/\/api.w.org\/{rel}","templated":true}]}}