{"id":15239,"date":"2026-01-08T09:44:11","date_gmt":"2026-01-08T08:44:11","guid":{"rendered":"https:\/\/damicoline.com\/prodotto\/anello-boccola-ritegno-cuscinetto-semiasse-piaggio-porter-1998-2011\/"},"modified":"2026-01-08T11:07:57","modified_gmt":"2026-01-08T10:07:57","slug":"haltebuchse-lagerwelle-piaggio-porter-1998-2011","status":"publish","type":"product","link":"https:\/\/damicoline.com\/de\/produkt\/haltebuchse-lagerwelle-piaggio-porter-1998-2011\/","title":{"rendered":"Haltebuchse Lagerwelle Piaggio Porter 1998-2011"},"content":{"rendered":"<p><strong>Haltebuchse Lagerwelle f\u00fcr Piaggio Porter<\/strong><\/p>\n<p>Haltebuchse f\u00fcr <strong>Lagerwelle<\/strong> kompatibel mit <strong>Piaggio Porter 1998\u20132011<\/strong>. Ein wesentliches Bauteil f\u00fcr die korrekte Positionierung des Lagers, verhindert axiale Bewegungen und gew\u00e4hrleistet Stabilit\u00e4t und Langlebigkeit der Welle. Zuverl\u00e4ssiges und langlebiges Ersatzteil.<\/p>\n<div class=\"text-sm text-gray-800 font-medium mb-2\"><div class=\"text-sm text-gray-800 font-medium mb-2\"><strong>Referenzcodes:<\/strong> 4242387Z01000<\/div><\/div>\n<div class=\"oem-box mb-4\">\t\t\t\t<div class=\"oem-box mb-4\">\n\t\t\t\t\t<p class=\"text-sm text-gray-800 font-medium mb-2\">Typ: <strong>Original Piaggio<\/strong><\/p>\n\t\t\t\t\t<p class=\"text-sm text-gray-700 mb-1\">Originalteil von Piaggio, f\u00fcr korrekte Passform und Leistung entwickelt.<\/p>\n\t\t\t\t\t<p class=\"text-xs text-gray-500 mt-2\">*Marken geh\u00f6ren den jeweiligen Inhabern.<\/p>\n\t\t\t\t<\/div>\n\t\t\t<\/div>\n<section class=\"compatibility-block mb-4\"><section class=\"compatibility-block mb-4\"><div class=\"product-extra-details hide-below-992\"><table class=\"woocommerce-product-attributes\"><tbody><tr><th colspan=\"2\"><span class=\"text-sm font-medium mb-2\">Kompatibel mit:<\/span><\/th><\/tr><tr><th>Fahrzeugmodell \u2013 Rahmenpr\u00e4fix:<\/th><td><a href=\"https:\/\/damicoline.com\/de\/shop\/?vx_brand=PIAGGIO&#038;vx_model=PORTER%20Pianale%20piatto%201.4%20D%20(1998-2005)&#038;vx_engine=LDW1404\/P&#038;vx_years=1998-2005\">\ud83d\ude9a PIAGGIO PORTER Pianale piatto 1.4 D (1998-2005) LDW1404\/P (1998-2005) - ZAPS&#56;&#53;&#48;&#48;&#48;&#48;&#48;&#52;, ZAPS&#56;&#53;&#48;&#48;&#48;&#48;&#48;&#55;, ZAPS85V00004, ZAPS85V00007<\/a><\/td><\/tr><tr><th>Fahrzeugmodell \u2013 Rahmenpr\u00e4fix:<\/th><td><a href=\"https:\/\/damicoline.com\/de\/shop\/?vx_brand=PIAGGIO&#038;vx_model=PORTER%20Pianale%20piatto\/Telaio%201.2%20D%20(2010-2015)&#038;vx_engine=P120&#038;vx_years=2010-2015\">\ud83d\ude9a PIAGGIO PORTER Pianale piatto\/Telaio 1.2 D (2010-2015) P120 (2010-2015) - ZAPS90CKW, ZAPS90PKW, ZAPS90TKW, ZAPS90VKW<\/a><\/td><\/tr><tr><th>Fahrzeugmodell \u2013 Rahmenpr\u00e4fix:<\/th><td><a href=\"https:\/\/damicoline.com\/de\/shop\/?vx_brand=PIAGGIO&#038;vx_model=PORTER%20Pianale%20piatto\/Telaio%201.3%2016V%20(1998-2009)&#038;vx_engine=HC-EL&#038;vx_years=1998-2009\">\ud83d\ude9a PIAGGIO PORTER Pianale piatto\/Telaio 1.3 16V (1998-2009) HC-EL (1998-2009) - ZAPS85000, ZAPS85V00<\/a><\/td><\/tr><tr><th>Fahrzeugmodell \u2013 Rahmenpr\u00e4fix:<\/th><td><a href=\"https:\/\/damicoline.com\/de\/shop\/?vx_brand=PIAGGIO&#038;vx_model=PORTER%20Pianale%20piatto\/Telaio%201.3%2016V%20Up-Date%20E3%20(2009-2010)&#038;vx_engine=HC-EL&#038;vx_years=2009-2010\">\ud83d\ude9a PIAGGIO PORTER Pianale piatto\/Telaio 1.3 16V Up-Date E3 (2009-2010) HC-EL (2009-2010) - ZAPS90CH, ZAPS90PH, ZAPS90TH, ZAPS90VH<\/a><\/td><\/tr><\/tbody><\/table><\/div><\/section><\/section>\n","protected":false},"excerpt":{"rendered":"<p>Haltebuchse Lagerwelle f\u00fcr Piaggio Porter Haltebuchse f\u00fcr Lagerwelle kompatibel mit Piaggio Porter 1998\u20132011. Ein wesentliches Bauteil f\u00fcr die korrekte Positionierung des Lagers, verhindert axiale Bewegungen und gew\u00e4hrleistet Stabilit\u00e4t und Langlebigkeit der Welle. Zuverl\u00e4ssiges und langlebiges Ersatzteil.<\/p>\n","protected":false},"featured_media":15240,"template":"","meta":{"_sitemap_exclude":false,"_sitemap_priority":"","_sitemap_frequency":""},"product_brand":[2672],"product_cat":[1430,1425],"product_tag":[3449],"class_list":{"0":"post-15239","1":"product","2":"type-product","3":"status-publish","4":"has-post-thumbnail","6":"product_brand-piaggio","7":"product_cat-antriebswelle","8":"product_cat-hintere-kraftubertragung","9":"product_tag-4242387z01000","11":"first","12":"outofstock","13":"sale","14":"taxable","15":"shipping-taxable","16":"purchasable","17":"product-type-simple"},"_links":{"self":[{"href":"https:\/\/damicoline.com\/de\/wp-json\/wp\/v2\/product\/15239","targetHints":{"allow":["GET"]}}],"collection":[{"href":"https:\/\/damicoline.com\/de\/wp-json\/wp\/v2\/product"}],"about":[{"href":"https:\/\/damicoline.com\/de\/wp-json\/wp\/v2\/types\/product"}],"wp:featuredmedia":[{"embeddable":true,"href":"https:\/\/damicoline.com\/de\/wp-json\/wp\/v2\/media\/15240"}],"wp:attachment":[{"href":"https:\/\/damicoline.com\/de\/wp-json\/wp\/v2\/media?parent=15239"}],"wp:term":[{"taxonomy":"product_brand","embeddable":true,"href":"https:\/\/damicoline.com\/de\/wp-json\/wp\/v2\/product_brand?post=15239"},{"taxonomy":"product_cat","embeddable":true,"href":"https:\/\/damicoline.com\/de\/wp-json\/wp\/v2\/product_cat?post=15239"},{"taxonomy":"product_tag","embeddable":true,"href":"https:\/\/damicoline.com\/de\/wp-json\/wp\/v2\/product_tag?post=15239"}],"curies":[{"name":"wp","href":"https:\/\/api.w.org\/{rel}","templated":true}]}}