{"id":15256,"date":"2026-01-08T09:52:37","date_gmt":"2026-01-08T08:52:37","guid":{"rendered":"https:\/\/damicoline.com\/prodotto\/cuscinetto-semiasse-piaggio-porter-1998-2011-6306\/"},"modified":"2026-04-22T14:58:22","modified_gmt":"2026-04-22T12:58:22","slug":"achslager-piaggio-porter-1998-2011-6306-hq","status":"publish","type":"product","link":"https:\/\/damicoline.com\/de\/produkt\/achslager-piaggio-porter-1998-2011-6306-hq\/","title":{"rendered":"Achslager Piaggio Porter 1998-2011 6306 HQ"},"content":{"rendered":"<p><strong>Achslager f\u00fcr Piaggio Porter 1998\u20132011<\/strong><\/p>\n<p>Lager <strong>6306 von hoher Qualit\u00e4t<\/strong> f\u00fcr <strong>Achse<\/strong> kompatibel mit <strong>Piaggio Porter 1998\u20132011<\/strong>. Gew\u00e4hrleistet einen reibungslosen Lauf, Reduzierung der Vibrationen und lange Lebensdauer. Zuverl\u00e4ssiger Ersatz f\u00fcr eine stabile und sichere \u00dcbertragung.<\/p>\n<p><em>Empfohlen bei der Montage:<\/em><\/p>\n<ul>\n<li><strong>Dichtungsring<\/strong> \u2013 Code<br \/>\n<a href=\"\/?s=&#57;&#48;&#48;&#52;&#51;&#49;&#48;&#48;&#54;&#55;&#48;&#48;&#48;&amp;post_type=product\"><code>&#57;&#48;&#48;&#52;&#51;&#49;&#48;&#48;&#54;&#55;&#48;&#48;&#48;<\/code><\/a><\/li>\n<li><strong>Buchse zur Lagerbefestigung<\/strong> \u2013 Code<br \/>\n<a href=\"\/?s=4242387Z01000&amp;post_type=product\"><code>4242387Z01000<\/code><\/a><\/li>\n<\/ul>\n<div class=\"text-sm text-gray-800 font-medium mb-2\"><div class=\"text-sm text-gray-800 font-medium mb-2\"><strong>Referenzcodes:<\/strong>&#32;&#57;&#48;&#48;&#52;&#51;&#54;&#51;&#50;&#52;&#51;&#48;&#48;0<\/div><\/div>\n<div class=\"oem-box mb-4\"><div class=\"oem-box mb-4\"><p class=\"text-sm text-gray-800 font-medium mb-2\">Typ: <strong>Aftermarket<\/strong><\/p><p class=\"text-sm text-gray-700 mb-1\">Aftermarket-Komponente in Profiqualit\u00e4t, kompatibel mit den auf dieser Seite aufgef\u00fchrten Fahrzeugen.<\/p><p class=\"text-xs text-gray-500 mt-2\">Nicht von Piaggio hergestellt oder gebrandet. Marken geh\u00f6ren den jeweiligen Inhabern.<\/p><\/div><\/div>\n<section class=\"compatibility-block mb-4\"><section class=\"compatibility-block mb-4\"><div class=\"product-extra-details hide-below-992\"><table class=\"woocommerce-product-attributes\"><tbody><tr><th colspan=\"2\"><span class=\"text-sm font-medium mb-2\">Kompatibel mit:<\/span><\/th><\/tr><tr><th>Fahrzeugmodell \u2013 Rahmenpr\u00e4fix:<\/th><td><a href=\"https:\/\/damicoline.com\/de\/shop\/?vx_brand=PIAGGIO&#038;vx_model=PORTER%20Pianale%20piatto%201.4%20D%20(1998-2005)&#038;vx_engine=LDW1404\/P&#038;vx_years=1998-2005\">\ud83d\ude9a PIAGGIO PORTER Pianale piatto 1.4 D (1998-2005) LDW1404\/P (1998-2005) - ZAPS&#56;&#53;&#48;&#48;&#48;&#48;&#48;&#52;, ZAPS&#56;&#53;&#48;&#48;&#48;&#48;&#48;&#55;, ZAPS85V00004, ZAPS85V00007<\/a><\/td><\/tr><tr><th>Fahrzeugmodell \u2013 Rahmenpr\u00e4fix:<\/th><td><a href=\"https:\/\/damicoline.com\/de\/shop\/?vx_brand=PIAGGIO&#038;vx_model=PORTER%20Pianale%20piatto\/Telaio%201.2%20D%20(2010-2015)&#038;vx_engine=P120&#038;vx_years=2010-2015\">\ud83d\ude9a PIAGGIO PORTER Pianale piatto\/Telaio 1.2 D (2010-2015) P120 (2010-2015) - ZAPS90CKW, ZAPS90PKW, ZAPS90TKW, ZAPS90VKW<\/a><\/td><\/tr><tr><th>Fahrzeugmodell \u2013 Rahmenpr\u00e4fix:<\/th><td><a href=\"https:\/\/damicoline.com\/de\/shop\/?vx_brand=PIAGGIO&#038;vx_model=PORTER%20Pianale%20piatto\/Telaio%201.3%2016V%20(1998-2009)&#038;vx_engine=HC-EL&#038;vx_years=1998-2009\">\ud83d\ude9a PIAGGIO PORTER Pianale piatto\/Telaio 1.3 16V (1998-2009) HC-EL (1998-2009) - ZAPS85000, ZAPS85V00<\/a><\/td><\/tr><tr><th>Fahrzeugmodell \u2013 Rahmenpr\u00e4fix:<\/th><td><a href=\"https:\/\/damicoline.com\/de\/shop\/?vx_brand=PIAGGIO&#038;vx_model=PORTER%20Pianale%20piatto\/Telaio%201.3%2016V%20Up-Date%20E3%20(2009-2010)&#038;vx_engine=HC-EL&#038;vx_years=2009-2010\">\ud83d\ude9a PIAGGIO PORTER Pianale piatto\/Telaio 1.3 16V Up-Date E3 (2009-2010) HC-EL (2009-2010) - ZAPS90CH, ZAPS90PH, ZAPS90TH, ZAPS90VH<\/a><\/td><\/tr><\/tbody><\/table><\/div><\/section><\/section>\n","protected":false},"excerpt":{"rendered":"<p>Achslager f\u00fcr Piaggio Porter 1998\u20132011 Lager 6306 von hoher Qualit\u00e4t f\u00fcr Achse kompatibel mit Piaggio Porter 1998\u20132011. Gew\u00e4hrleistet einen reibungslosen Lauf, Reduzierung der Vibrationen und lange Lebensdauer. Zuverl\u00e4ssiger Ersatz f\u00fcr eine stabile und sichere \u00dcbertragung. Empfohlen bei der Montage: Dichtungsring \u2013 Code &#57;&#48;&#48;&#52;&#51;&#49;&#48;&#48;&#54;&#55;&#48;&#48;&#48; Buchse zur Lagerbefestigung \u2013 Code 4242387Z01000<\/p>\n","protected":false},"featured_media":15257,"template":"","meta":{"_sitemap_exclude":false,"_sitemap_priority":"","_sitemap_frequency":""},"product_brand":[2670],"product_cat":[1430,1425],"product_tag":[3454],"class_list":{"0":"post-15256","1":"product","2":"type-product","3":"status-publish","4":"has-post-thumbnail","6":"product_brand-aftermarket","7":"product_cat-antriebswelle","8":"product_cat-hintere-kraftubertragung","9":"product_tag-3454","11":"first","12":"instock","13":"sale","14":"taxable","15":"shipping-taxable","16":"purchasable","17":"product-type-simple"},"_links":{"self":[{"href":"https:\/\/damicoline.com\/de\/wp-json\/wp\/v2\/product\/15256","targetHints":{"allow":["GET"]}}],"collection":[{"href":"https:\/\/damicoline.com\/de\/wp-json\/wp\/v2\/product"}],"about":[{"href":"https:\/\/damicoline.com\/de\/wp-json\/wp\/v2\/types\/product"}],"wp:featuredmedia":[{"embeddable":true,"href":"https:\/\/damicoline.com\/de\/wp-json\/wp\/v2\/media\/15257"}],"wp:attachment":[{"href":"https:\/\/damicoline.com\/de\/wp-json\/wp\/v2\/media?parent=15256"}],"wp:term":[{"taxonomy":"product_brand","embeddable":true,"href":"https:\/\/damicoline.com\/de\/wp-json\/wp\/v2\/product_brand?post=15256"},{"taxonomy":"product_cat","embeddable":true,"href":"https:\/\/damicoline.com\/de\/wp-json\/wp\/v2\/product_cat?post=15256"},{"taxonomy":"product_tag","embeddable":true,"href":"https:\/\/damicoline.com\/de\/wp-json\/wp\/v2\/product_tag?post=15256"}],"curies":[{"name":"wp","href":"https:\/\/api.w.org\/{rel}","templated":true}]}}