{"id":15482,"date":"2026-01-09T14:36:23","date_gmt":"2026-01-09T13:36:23","guid":{"rendered":"https:\/\/damicoline.com\/prodotto\/cavo-frizione-piaggio-porter-multitech-euro-4-5\/"},"modified":"2026-01-09T15:29:18","modified_gmt":"2026-01-09T14:29:18","slug":"kupplungsseil-fur-piaggio-porter-multitech-euro-4-und-5","status":"publish","type":"product","link":"https:\/\/damicoline.com\/de\/produkt\/kupplungsseil-fur-piaggio-porter-multitech-euro-4-und-5\/","title":{"rendered":"Kupplungsseil f\u00fcr Piaggio Porter Multitech Euro 4 und 5"},"content":{"rendered":"<p><strong>Kupplungsseil f\u00fcr Piaggio Porter Multitech Euro 4 und 5<\/strong><\/p>\n<p>Kupplungsseil f\u00fcr <strong>Bet\u00e4tigung der Kupplungssteuerung<\/strong> kompatibel mit <strong>Piaggio Porter Multitech Euro 4 und Euro 5<\/strong>. Sorgt f\u00fcr ein sanftes Einr\u00fccken der Kupplung, reduziert den Pedalaufwand und gew\u00e4hrleistet eine pr\u00e4zise Kontrolle w\u00e4hrend der Fahrt. Qualit\u00e4tsersatzteil, entwickelt f\u00fcr Langlebigkeit und Zuverl\u00e4ssigkeit.<\/p>\n<div class=\"text-sm text-gray-800 font-medium mb-2\"><div class=\"text-sm text-gray-800 font-medium mb-2\"><strong>Referenzcodes:<\/strong> CM256201<\/div><\/div>\n<div class=\"oem-box mb-4\">\t\t\t\t<div class=\"oem-box mb-4\">\n\t\t\t\t\t<p class=\"text-sm text-gray-800 font-medium mb-2\">Typ: <strong>Original Piaggio<\/strong><\/p>\n\t\t\t\t\t<p class=\"text-sm text-gray-700 mb-1\">Originalteil von Piaggio, f\u00fcr korrekte Passform und Leistung entwickelt.<\/p>\n\t\t\t\t\t<p class=\"text-xs text-gray-500 mt-2\">*Marken geh\u00f6ren den jeweiligen Inhabern.<\/p>\n\t\t\t\t<\/div>\n\t\t\t<\/div>\n<section class=\"compatibility-block mb-4\"><section class=\"compatibility-block mb-4\"><div class=\"product-extra-details hide-below-992\"><table class=\"woocommerce-product-attributes\"><tbody><tr><th colspan=\"2\"><span class=\"text-sm font-medium mb-2\">Kompatibel mit:<\/span><\/th><\/tr><tr><th>Fahrzeugmodell \u2013 Rahmenpr\u00e4fix:<\/th><td><a href=\"https:\/\/damicoline.com\/de\/shop\/?vx_brand=PIAGGIO&#038;vx_model=PORTER%20Maxxi%201.3%20(2010-2015)&#038;vx_engine=DA471QLR&#038;vx_years=2010-2015\">\ud83d\ude9a PIAGGIO PORTER Maxxi 1.3 (2010-2015) DA471QLR (2010-2015) - ZAPS90DJ, ZAPS90AJ, ZAPS90RJ<\/a><\/td><\/tr><tr><th>Fahrzeugmodell \u2013 Rahmenpr\u00e4fix:<\/th><td><a href=\"https:\/\/damicoline.com\/de\/shop\/?vx_brand=PIAGGIO&#038;vx_model=PORTER%20Pianale%20piatto\/Telaio%201.3%20(2010-2015)&#038;vx_engine=DA471QLR&#038;vx_years=2010-2015\">\ud83d\ude9a PIAGGIO PORTER Pianale piatto\/Telaio 1.3 (2010-2015) DA471QLR (2010-2015) - ZAPS90CJ, ZAPS90PJ, ZAPS90TJ, ZAPS90VJ<\/a><\/td><\/tr><\/tbody><\/table><\/div><\/section><\/section>\n","protected":false},"excerpt":{"rendered":"<p>Kupplungsseil f\u00fcr Piaggio Porter Multitech Euro 4 und 5 Kupplungsseil f\u00fcr Bet\u00e4tigung der Kupplungssteuerung kompatibel mit Piaggio Porter Multitech Euro 4 und Euro 5. Sorgt f\u00fcr ein sanftes Einr\u00fccken der Kupplung, reduziert den Pedalaufwand und gew\u00e4hrleistet eine pr\u00e4zise Kontrolle w\u00e4hrend der Fahrt. Qualit\u00e4tsersatzteil, entwickelt f\u00fcr Langlebigkeit und Zuverl\u00e4ssigkeit.<\/p>\n","protected":false},"featured_media":15483,"template":"","meta":{"_sitemap_exclude":false,"_sitemap_priority":"","_sitemap_frequency":""},"product_brand":[2672],"product_cat":[2647,3427],"product_tag":[3508],"class_list":{"0":"post-15482","1":"product","2":"type-product","3":"status-publish","4":"has-post-thumbnail","6":"product_brand-piaggio","7":"product_cat-getriebe-und-seilzuge","8":"product_cat-kupplungszuge","9":"product_tag-cm256201","11":"first","12":"instock","13":"sale","14":"taxable","15":"shipping-taxable","16":"purchasable","17":"product-type-simple"},"_links":{"self":[{"href":"https:\/\/damicoline.com\/de\/wp-json\/wp\/v2\/product\/15482","targetHints":{"allow":["GET"]}}],"collection":[{"href":"https:\/\/damicoline.com\/de\/wp-json\/wp\/v2\/product"}],"about":[{"href":"https:\/\/damicoline.com\/de\/wp-json\/wp\/v2\/types\/product"}],"wp:featuredmedia":[{"embeddable":true,"href":"https:\/\/damicoline.com\/de\/wp-json\/wp\/v2\/media\/15483"}],"wp:attachment":[{"href":"https:\/\/damicoline.com\/de\/wp-json\/wp\/v2\/media?parent=15482"}],"wp:term":[{"taxonomy":"product_brand","embeddable":true,"href":"https:\/\/damicoline.com\/de\/wp-json\/wp\/v2\/product_brand?post=15482"},{"taxonomy":"product_cat","embeddable":true,"href":"https:\/\/damicoline.com\/de\/wp-json\/wp\/v2\/product_cat?post=15482"},{"taxonomy":"product_tag","embeddable":true,"href":"https:\/\/damicoline.com\/de\/wp-json\/wp\/v2\/product_tag?post=15482"}],"curies":[{"name":"wp","href":"https:\/\/api.w.org\/{rel}","templated":true}]}}