{"id":15510,"date":"2026-01-09T16:10:02","date_gmt":"2026-01-09T15:10:02","guid":{"rendered":"https:\/\/damicoline.com\/prodotto\/supporto-elastico-motore-lato-sinistro-piaggio-porter-diesel-ldw1404\/"},"modified":"2026-01-09T16:22:26","modified_gmt":"2026-01-09T15:22:26","slug":"elastische-motorhalterung-linke-seite-piaggio-porter-diesel","status":"publish","type":"product","link":"https:\/\/damicoline.com\/de\/produkt\/elastische-motorhalterung-linke-seite-piaggio-porter-diesel\/","title":{"rendered":"Elastische Motorhalterung linke Seite Piaggio Porter Diesel"},"content":{"rendered":"<p><strong>Elastische Motorhalterung linke Seite f\u00fcr Piaggio Porter Diesel<\/strong><\/p>\n<p>Elastische <strong>Motorhalterung linke Seite<\/strong> kompatibel mit <strong>Piaggio Porter Diesel<\/strong> Motor <strong>LDW1404\/P<\/strong>. Reduziert Vibrationen und Bewegungen des Motors, was zu einer sanfteren Fahrt und zum Schutz des Getriebes beitr\u00e4gt. Qualit\u00e4tsersatzteil, entwickelt f\u00fcr lange Lebensdauer.<\/p>\n<p><em>Hinweis:<\/em> Auch die <strong>elastische Motorhalterung rechte Seite<\/strong> ist verf\u00fcgbar, empfohlen f\u00fcr einen vollst\u00e4ndigen und ausgewogenen Austausch.<\/p>\n<div class=\"text-sm text-gray-800 font-medium mb-2\"><div class=\"text-sm text-gray-800 font-medium mb-2\"><strong>Referenzcodes:<\/strong> B004758<\/div><\/div>\n<div class=\"oem-box mb-4\">\t\t\t\t<div class=\"oem-box mb-4\">\n\t\t\t\t\t<p class=\"text-sm text-gray-800 font-medium mb-2\">Typ: <strong>Original Piaggio<\/strong><\/p>\n\t\t\t\t\t<p class=\"text-sm text-gray-700 mb-1\">Originalteil von Piaggio, f\u00fcr korrekte Passform und Leistung entwickelt.<\/p>\n\t\t\t\t\t<p class=\"text-xs text-gray-500 mt-2\">*Marken geh\u00f6ren den jeweiligen Inhabern.<\/p>\n\t\t\t\t<\/div>\n\t\t\t<\/div>\n<section class=\"compatibility-block mb-4\"><section class=\"compatibility-block mb-4\"><div class=\"product-extra-details hide-below-992\"><table class=\"woocommerce-product-attributes\"><tbody><tr><th colspan=\"2\"><span class=\"text-sm font-medium mb-2\">Kompatibel mit:<\/span><\/th><\/tr><tr><th>Fahrzeugmodell \u2013 Rahmenpr\u00e4fix:<\/th><td><a href=\"https:\/\/damicoline.com\/de\/shop\/?vx_brand=PIAGGIO&#038;vx_model=PORTER%20Pianale%20piatto%201.4%20D%20(1998-2005)&#038;vx_engine=LDW1404\/P&#038;vx_years=1998-2005\">\ud83d\ude9a PIAGGIO PORTER Pianale piatto 1.4 D (1998-2005) LDW1404\/P (1998-2005) - ZAPS&#56;&#53;&#48;&#48;&#48;&#48;&#48;&#52;, ZAPS&#56;&#53;&#48;&#48;&#48;&#48;&#48;&#55;, ZAPS85V00004, ZAPS85V00007<\/a><\/td><\/tr><\/tbody><\/table><\/div><\/section><\/section>\n","protected":false},"excerpt":{"rendered":"<p>Elastische Motorhalterung linke Seite f\u00fcr Piaggio Porter Diesel Elastische Motorhalterung linke Seite kompatibel mit Piaggio Porter Diesel Motor LDW1404\/P. Reduziert Vibrationen und Bewegungen des Motors, was zu einer sanfteren Fahrt und zum Schutz des Getriebes beitr\u00e4gt. Qualit\u00e4tsersatzteil, entwickelt f\u00fcr lange Lebensdauer. Hinweis: Auch die elastische Motorhalterung rechte Seite ist verf\u00fcgbar, empfohlen f\u00fcr einen vollst\u00e4ndigen und<\/p>\n<div class=\"klb-readmore button\"><a class=\"btn link\" href=\"https:\/\/damicoline.com\/de\/produkt\/elastische-motorhalterung-linke-seite-piaggio-porter-diesel\/\">Read More <i class=\"klbth-icon-right-arrow\"><\/i><\/a><\/div>\n","protected":false},"featured_media":15511,"template":"","meta":{"_sitemap_exclude":false,"_sitemap_priority":"","_sitemap_frequency":""},"product_brand":[2672],"product_cat":[492,2295],"product_tag":[3523],"class_list":{"0":"post-15510","1":"product","2":"type-product","3":"status-publish","4":"has-post-thumbnail","6":"product_brand-piaggio","7":"product_cat-fahrwerksteile","8":"product_cat-motorlager","9":"product_tag-b004758","11":"first","12":"outofstock","13":"sale","14":"taxable","15":"shipping-taxable","16":"purchasable","17":"product-type-simple"},"_links":{"self":[{"href":"https:\/\/damicoline.com\/de\/wp-json\/wp\/v2\/product\/15510","targetHints":{"allow":["GET"]}}],"collection":[{"href":"https:\/\/damicoline.com\/de\/wp-json\/wp\/v2\/product"}],"about":[{"href":"https:\/\/damicoline.com\/de\/wp-json\/wp\/v2\/types\/product"}],"wp:featuredmedia":[{"embeddable":true,"href":"https:\/\/damicoline.com\/de\/wp-json\/wp\/v2\/media\/15511"}],"wp:attachment":[{"href":"https:\/\/damicoline.com\/de\/wp-json\/wp\/v2\/media?parent=15510"}],"wp:term":[{"taxonomy":"product_brand","embeddable":true,"href":"https:\/\/damicoline.com\/de\/wp-json\/wp\/v2\/product_brand?post=15510"},{"taxonomy":"product_cat","embeddable":true,"href":"https:\/\/damicoline.com\/de\/wp-json\/wp\/v2\/product_cat?post=15510"},{"taxonomy":"product_tag","embeddable":true,"href":"https:\/\/damicoline.com\/de\/wp-json\/wp\/v2\/product_tag?post=15510"}],"curies":[{"name":"wp","href":"https:\/\/api.w.org\/{rel}","templated":true}]}}