{"id":15645,"date":"2026-01-13T13:11:17","date_gmt":"2026-01-13T12:11:17","guid":{"rendered":"https:\/\/damicoline.com\/prodotto\/cornice-maschera-faro-sinistro-piaggio-porter-1998-2009\/"},"modified":"2026-01-13T14:25:50","modified_gmt":"2026-01-13T13:25:50","slug":"scheinwerfermaskenrahmen-links-fur-piaggio-porter-1998-2009","status":"publish","type":"product","link":"https:\/\/damicoline.com\/de\/produkt\/scheinwerfermaskenrahmen-links-fur-piaggio-porter-1998-2009\/","title":{"rendered":"Scheinwerfermaskenrahmen links f\u00fcr Piaggio Porter 1998\u20132009"},"content":{"rendered":"<p><strong>Scheinwerfermaskenrahmen auf der linken Seite f\u00fcr Piaggio Porter 1998\u20132009<\/strong><\/p>\n<p>Scheinwerfermaskenrahmen f\u00fcr <strong>linken Frontscheinwerfer<\/strong> kompatibel mit <strong>Piaggio Porter<\/strong> von <strong>1998 bis 2009<\/strong>. Ideal zum Ersetzen besch\u00e4digter oder abgenutzter Teile, gew\u00e4hrleistet korrekte Befestigung des Scheinwerfers und Einheitlichkeit der Front.<\/p>\n<p><em>Wichtiger Hinweis:<\/em> Der Rahmen wird <strong>roh zum Lackieren<\/strong> geliefert. Die Farbe des Kunststoffs kann, da roh, im Ton von der Abbildung abweichen. <strong>Das Teil muss vor der Montage lackiert werden.<\/strong><\/p>\n<div class=\"text-sm text-gray-800 font-medium mb-2\"><div class=\"text-sm text-gray-800 font-medium mb-2\"><strong>Referenzcodes:<\/strong> 566067<\/div><\/div>\n<div class=\"oem-box mb-4\">\t\t\t\t<div class=\"oem-box mb-4\">\n\t\t\t\t\t<p class=\"text-sm text-gray-800 font-medium mb-2\">Typ: <strong>Original Piaggio<\/strong><\/p>\n\t\t\t\t\t<p class=\"text-sm text-gray-700 mb-1\">Originalteil von Piaggio, f\u00fcr korrekte Passform und Leistung entwickelt.<\/p>\n\t\t\t\t\t<p class=\"text-xs text-gray-500 mt-2\">*Marken geh\u00f6ren den jeweiligen Inhabern.<\/p>\n\t\t\t\t<\/div>\n\t\t\t<\/div>\n<section class=\"compatibility-block mb-4\"><section class=\"compatibility-block mb-4\"><div class=\"product-extra-details hide-below-992\"><table class=\"woocommerce-product-attributes\"><tbody><tr><th colspan=\"2\"><span class=\"text-sm font-medium mb-2\">Kompatibel mit:<\/span><\/th><\/tr><tr><th>Fahrzeugmodell \u2013 Rahmenpr\u00e4fix:<\/th><td><a href=\"https:\/\/damicoline.com\/de\/shop\/?vx_brand=PIAGGIO&#038;vx_model=PORTER%20Maxxi%201.3%2016V%20(2007-2009)&#038;vx_engine=HC-EL&#038;vx_years=2007-2009\">\ud83d\ude9a PIAGGIO PORTER Maxxi 1.3 16V (2007-2009) HC-EL (2007-2009) - ZAPS95000<\/a><\/td><\/tr><tr><th>Fahrzeugmodell \u2013 Rahmenpr\u00e4fix:<\/th><td><a href=\"https:\/\/damicoline.com\/de\/shop\/?vx_brand=PIAGGIO&#038;vx_model=PORTER%20Pianale%20piatto%201.4%20D%20(1998-2005)&#038;vx_engine=LDW1404\/P&#038;vx_years=1998-2005\">\ud83d\ude9a PIAGGIO PORTER Pianale piatto 1.4 D (1998-2005) LDW1404\/P (1998-2005) - ZAPS&#56;&#53;&#48;&#48;&#48;&#48;&#48;&#52;, ZAPS&#56;&#53;&#48;&#48;&#48;&#48;&#48;&#55;, ZAPS85V00004, ZAPS85V00007<\/a><\/td><\/tr><tr><th>Fahrzeugmodell \u2013 Rahmenpr\u00e4fix:<\/th><td><a href=\"https:\/\/damicoline.com\/de\/shop\/?vx_brand=PIAGGIO&#038;vx_model=PORTER%20Pianale%20piatto\/Telaio%201.3%2016V%20(1998-2009)&#038;vx_engine=HC-EL&#038;vx_years=1998-2009\">\ud83d\ude9a PIAGGIO PORTER Pianale piatto\/Telaio 1.3 16V (1998-2009) HC-EL (1998-2009) - ZAPS85000, ZAPS85V00<\/a><\/td><\/tr><\/tbody><\/table><\/div><\/section><\/section>\n","protected":false},"excerpt":{"rendered":"<p>Scheinwerfermaskenrahmen auf der linken Seite f\u00fcr Piaggio Porter 1998\u20132009 Scheinwerfermaskenrahmen f\u00fcr linken Frontscheinwerfer kompatibel mit Piaggio Porter von 1998 bis 2009. Ideal zum Ersetzen besch\u00e4digter oder abgenutzter Teile, gew\u00e4hrleistet korrekte Befestigung des Scheinwerfers und Einheitlichkeit der Front. Wichtiger Hinweis: Der Rahmen wird roh zum Lackieren geliefert. Die Farbe des Kunststoffs kann, da roh, im Ton<\/p>\n<div class=\"klb-readmore button\"><a class=\"btn link\" href=\"https:\/\/damicoline.com\/de\/produkt\/scheinwerfermaskenrahmen-links-fur-piaggio-porter-1998-2009\/\">Read More <i class=\"klbth-icon-right-arrow\"><\/i><\/a><\/div>\n","protected":false},"featured_media":15640,"template":"","meta":{"_sitemap_exclude":false,"_sitemap_priority":"","_sitemap_frequency":""},"product_brand":[2672],"product_cat":[398,3545],"product_tag":[3570],"class_list":{"0":"post-15645","1":"product","2":"type-product","3":"status-publish","4":"has-post-thumbnail","6":"product_brand-piaggio","7":"product_cat-scheinwerfer-und-beleuchtung","8":"product_cat-scheinwerferrahmen-und-blenden","9":"product_tag-3570","11":"first","12":"instock","13":"sale","14":"taxable","15":"shipping-taxable","16":"purchasable","17":"product-type-simple"},"_links":{"self":[{"href":"https:\/\/damicoline.com\/de\/wp-json\/wp\/v2\/product\/15645","targetHints":{"allow":["GET"]}}],"collection":[{"href":"https:\/\/damicoline.com\/de\/wp-json\/wp\/v2\/product"}],"about":[{"href":"https:\/\/damicoline.com\/de\/wp-json\/wp\/v2\/types\/product"}],"wp:featuredmedia":[{"embeddable":true,"href":"https:\/\/damicoline.com\/de\/wp-json\/wp\/v2\/media\/15640"}],"wp:attachment":[{"href":"https:\/\/damicoline.com\/de\/wp-json\/wp\/v2\/media?parent=15645"}],"wp:term":[{"taxonomy":"product_brand","embeddable":true,"href":"https:\/\/damicoline.com\/de\/wp-json\/wp\/v2\/product_brand?post=15645"},{"taxonomy":"product_cat","embeddable":true,"href":"https:\/\/damicoline.com\/de\/wp-json\/wp\/v2\/product_cat?post=15645"},{"taxonomy":"product_tag","embeddable":true,"href":"https:\/\/damicoline.com\/de\/wp-json\/wp\/v2\/product_tag?post=15645"}],"curies":[{"name":"wp","href":"https:\/\/api.w.org\/{rel}","templated":true}]}}