{"id":15697,"date":"2026-01-14T19:07:57","date_gmt":"2026-01-14T18:07:57","guid":{"rendered":"https:\/\/damicoline.com\/prodotto\/alternatore-motore-piaggio-porter-diesel-ldw-1404-p\/"},"modified":"2026-04-22T15:00:12","modified_gmt":"2026-04-22T13:00:12","slug":"motorlichtmaschine-fur-piaggio-porter-diesel-ldw-1404-p-oem","status":"publish","type":"product","link":"https:\/\/damicoline.com\/de\/produkt\/motorlichtmaschine-fur-piaggio-porter-diesel-ldw-1404-p-oem\/","title":{"rendered":"Motorlichtmaschine f\u00fcr Piaggio Porter Diesel LDW-1404\/P OEM"},"content":{"rendered":"<p><strong>Motorlichtmaschine f\u00fcr Piaggio Porter Diesel LDW-1404\/P<\/strong><\/p>\n<p>Motorlichtmaschine kompatibel mit <strong>Piaggio Porter Diesel<\/strong> mit Motor <strong>LDW-1404\/P<\/strong>. Gew\u00e4hrleistet stabile Batterieladung, korrekte Stromversorgung des elektrischen Systems und zuverl\u00e4ssige Starts. Qualit\u00e4tsersatzteil, entwickelt f\u00fcr Langlebigkeit und konstante Leistung.<\/p>\n<div class=\"text-sm text-gray-800 font-medium mb-2\"><div class=\"text-sm text-gray-800 font-medium mb-2\"><strong>Referenzcodes:<\/strong> 493002<\/div><\/div>\n<div class=\"oem-box mb-4\"><div class=\"oem-box mb-4\"><p class=\"text-sm text-gray-800 font-medium mb-2\">Typ: <strong>Aftermarket<\/strong><\/p><p class=\"text-sm text-gray-700 mb-1\">Aftermarket-Komponente in Profiqualit\u00e4t, kompatibel mit den auf dieser Seite aufgef\u00fchrten Fahrzeugen.<\/p><p class=\"text-xs text-gray-500 mt-2\">Nicht von Piaggio hergestellt oder gebrandet. Marken geh\u00f6ren den jeweiligen Inhabern.<\/p><\/div><\/div>\n<section class=\"compatibility-block mb-4\"><section class=\"compatibility-block mb-4\"><div class=\"product-extra-details hide-below-992\"><table class=\"woocommerce-product-attributes\"><tbody><tr><th colspan=\"2\"><span class=\"text-sm font-medium mb-2\">Kompatibel mit:<\/span><\/th><\/tr><tr><th>Fahrzeugmodell \u2013 Rahmenpr\u00e4fix:<\/th><td><a href=\"https:\/\/damicoline.com\/de\/shop\/?vx_brand=PIAGGIO&#038;vx_model=PORTER%20Pianale%20piatto%201.4%20D%20(1998-2005)&#038;vx_engine=LDW1404\/P&#038;vx_years=1998-2005\">\ud83d\ude9a PIAGGIO PORTER Pianale piatto 1.4 D (1998-2005) LDW1404\/P (1998-2005) - ZAPS&#56;&#53;&#48;&#48;&#48;&#48;&#48;&#52;, ZAPS&#56;&#53;&#48;&#48;&#48;&#48;&#48;&#55;, ZAPS85V00004, ZAPS85V00007<\/a><\/td><\/tr><\/tbody><\/table><\/div><\/section><\/section>\n","protected":false},"excerpt":{"rendered":"<p>Motorlichtmaschine f\u00fcr Piaggio Porter Diesel LDW-1404\/P Motorlichtmaschine kompatibel mit Piaggio Porter Diesel mit Motor LDW-1404\/P. Gew\u00e4hrleistet stabile Batterieladung, korrekte Stromversorgung des elektrischen Systems und zuverl\u00e4ssige Starts. Qualit\u00e4tsersatzteil, entwickelt f\u00fcr Langlebigkeit und konstante Leistung.<\/p>\n","protected":false},"featured_media":15689,"template":"","meta":{"_sitemap_exclude":false,"_sitemap_priority":"","_sitemap_frequency":""},"product_brand":[2670],"product_cat":[2117,418],"product_tag":[3581],"class_list":{"0":"post-15697","1":"product","2":"type-product","3":"status-publish","4":"has-post-thumbnail","6":"product_brand-aftermarket","7":"product_cat-lichtmaschine","8":"product_cat-motorteile","9":"product_tag-3581","11":"first","12":"outofstock","13":"sale","14":"taxable","15":"shipping-taxable","16":"purchasable","17":"product-type-simple"},"_links":{"self":[{"href":"https:\/\/damicoline.com\/de\/wp-json\/wp\/v2\/product\/15697","targetHints":{"allow":["GET"]}}],"collection":[{"href":"https:\/\/damicoline.com\/de\/wp-json\/wp\/v2\/product"}],"about":[{"href":"https:\/\/damicoline.com\/de\/wp-json\/wp\/v2\/types\/product"}],"wp:featuredmedia":[{"embeddable":true,"href":"https:\/\/damicoline.com\/de\/wp-json\/wp\/v2\/media\/15689"}],"wp:attachment":[{"href":"https:\/\/damicoline.com\/de\/wp-json\/wp\/v2\/media?parent=15697"}],"wp:term":[{"taxonomy":"product_brand","embeddable":true,"href":"https:\/\/damicoline.com\/de\/wp-json\/wp\/v2\/product_brand?post=15697"},{"taxonomy":"product_cat","embeddable":true,"href":"https:\/\/damicoline.com\/de\/wp-json\/wp\/v2\/product_cat?post=15697"},{"taxonomy":"product_tag","embeddable":true,"href":"https:\/\/damicoline.com\/de\/wp-json\/wp\/v2\/product_tag?post=15697"}],"curies":[{"name":"wp","href":"https:\/\/api.w.org\/{rel}","templated":true}]}}