{"id":15713,"date":"2026-01-14T19:32:56","date_gmt":"2026-01-14T18:32:56","guid":{"rendered":"https:\/\/damicoline.com\/prodotto\/piatto-coperchio-frizione-piaggio-porter-multitech-euro-6-dam13r\/"},"modified":"2026-04-22T15:00:23","modified_gmt":"2026-04-22T13:00:23","slug":"kupplungsdeckelplatte-piaggio-porter-multitech-euro-6-dam13r","status":"publish","type":"product","link":"https:\/\/damicoline.com\/de\/produkt\/kupplungsdeckelplatte-piaggio-porter-multitech-euro-6-dam13r\/","title":{"rendered":"Kupplungsdeckelplatte Piaggio Porter Multitech Euro 6 DAM13R"},"content":{"rendered":"<p><strong>Kupplungsdeckelplatte f\u00fcr Piaggio Porter Multitech Euro 6 DAM13R<\/strong><\/p>\n<p>Kupplungsdeckelplatte kompatibel mit <strong>Piaggio Porter Multitech Euro 6<\/strong> mit Motor <strong>DAM13R<\/strong>. Sorgt f\u00fcr gleichm\u00e4\u00dfigen Druck auf die Kupplungsscheibe und verbessert Zuverl\u00e4ssigkeit, Haltbarkeit und Ansprechverhalten der \u00dcbertragung. Robustes und pr\u00e4zises Ersatzteil.<\/p>\n<div class=\"text-sm text-gray-800 font-medium mb-2\"><div class=\"text-sm text-gray-800 font-medium mb-2\"><strong>Referenzcodes:<\/strong> 1A005149<\/div><\/div>\n<div class=\"oem-box mb-4\"><div class=\"oem-box mb-4\"><p class=\"text-sm text-gray-800 font-medium mb-2\">Typ: <strong>OEM (Foton)<\/strong><\/p><p class=\"text-sm text-gray-700 mb-1\">OEM-Niveau-Komponente von Foton, nach Originalspezifikation f\u00fcr korrekte Passform und Funktion.<\/p><p class=\"text-xs text-gray-500 mt-2\">Nicht von Piaggio gebrandet. Marken geh\u00f6ren den jeweiligen Inhabern.<\/p><\/div><\/div>\n<section class=\"compatibility-block mb-4\"><section class=\"compatibility-block mb-4\"><div class=\"product-extra-details hide-below-992\"><table class=\"woocommerce-product-attributes\"><tbody><tr><th colspan=\"2\"><span class=\"text-sm font-medium mb-2\">Kompatibel mit:<\/span><\/th><\/tr><tr><th>Fahrzeugmodell \u2013 Rahmenpr\u00e4fix:<\/th><td><a href=\"https:\/\/damicoline.com\/de\/shop\/?vx_brand=PIAGGIO&#038;vx_model=PORTER%20Maxxi%201.3%20LPG%20(2015-2020)&#038;vx_engine=DAM13R&#038;vx_years=2015-2020\">\ud83d\ude9a PIAGGIO PORTER Maxxi 1.3 LPG (2015-2020) DAM13R (2015-2020) - ZAPS90AG, ZAPS90DG, ZAPS90RG<\/a><\/td><\/tr><tr><th>Fahrzeugmodell \u2013 Rahmenpr\u00e4fix:<\/th><td><a href=\"https:\/\/damicoline.com\/de\/shop\/?vx_brand=PIAGGIO&#038;vx_model=PORTER%20Pianale%20piatto\/Telaio%201.3%20LPG%20(2015-2020)&#038;vx_engine=DAM13R&#038;vx_years=2015-2020\">\ud83d\ude9a PIAGGIO PORTER Pianale piatto\/Telaio 1.3 LPG (2015-2020) DAM13R (2015-2020) - ZAPS89CGW, ZAPS89PGW, ZAPS90VGW, ZAPS90TGW, ZAPS90PGW, ZAPS90CGW<\/a><\/td><\/tr><\/tbody><\/table><\/div><\/section><\/section>\n","protected":false},"excerpt":{"rendered":"<p>Kupplungsdeckelplatte f\u00fcr Piaggio Porter Multitech Euro 6 DAM13R Kupplungsdeckelplatte kompatibel mit Piaggio Porter Multitech Euro 6 mit Motor DAM13R. Sorgt f\u00fcr gleichm\u00e4\u00dfigen Druck auf die Kupplungsscheibe und verbessert Zuverl\u00e4ssigkeit, Haltbarkeit und Ansprechverhalten der \u00dcbertragung. Robustes und pr\u00e4zises Ersatzteil.<\/p>\n","protected":false},"featured_media":15708,"template":"","meta":{"_sitemap_exclude":false,"_sitemap_priority":"","_sitemap_frequency":""},"product_brand":[2671],"product_cat":[563,418],"product_tag":[1091],"class_list":{"0":"post-15713","1":"product","2":"type-product","3":"status-publish","4":"has-post-thumbnail","6":"product_brand-foton","7":"product_cat-kupplung","8":"product_cat-motorteile","9":"product_tag-1a005149","11":"first","12":"instock","13":"sale","14":"taxable","15":"shipping-taxable","16":"purchasable","17":"product-type-simple"},"_links":{"self":[{"href":"https:\/\/damicoline.com\/de\/wp-json\/wp\/v2\/product\/15713","targetHints":{"allow":["GET"]}}],"collection":[{"href":"https:\/\/damicoline.com\/de\/wp-json\/wp\/v2\/product"}],"about":[{"href":"https:\/\/damicoline.com\/de\/wp-json\/wp\/v2\/types\/product"}],"wp:featuredmedia":[{"embeddable":true,"href":"https:\/\/damicoline.com\/de\/wp-json\/wp\/v2\/media\/15708"}],"wp:attachment":[{"href":"https:\/\/damicoline.com\/de\/wp-json\/wp\/v2\/media?parent=15713"}],"wp:term":[{"taxonomy":"product_brand","embeddable":true,"href":"https:\/\/damicoline.com\/de\/wp-json\/wp\/v2\/product_brand?post=15713"},{"taxonomy":"product_cat","embeddable":true,"href":"https:\/\/damicoline.com\/de\/wp-json\/wp\/v2\/product_cat?post=15713"},{"taxonomy":"product_tag","embeddable":true,"href":"https:\/\/damicoline.com\/de\/wp-json\/wp\/v2\/product_tag?post=15713"}],"curies":[{"name":"wp","href":"https:\/\/api.w.org\/{rel}","templated":true}]}}