{"id":15747,"date":"2026-01-15T12:59:54","date_gmt":"2026-01-15T11:59:54","guid":{"rendered":"https:\/\/damicoline.com\/prodotto\/guarnizione-collettore-aspirazione-piaggio-porter-multitech-euro-4-5\/"},"modified":"2026-04-22T15:00:28","modified_gmt":"2026-04-22T13:00:28","slug":"dichtung-ansaugkrummer-piaggio-porter-multitech-e4-e5","status":"publish","type":"product","link":"https:\/\/damicoline.com\/de\/produkt\/dichtung-ansaugkrummer-piaggio-porter-multitech-e4-e5\/","title":{"rendered":"Dichtung Ansaugkr\u00fcmmer Piaggio Porter Multitech E4\u2013E5"},"content":{"rendered":"<p><strong>Dichtung Ansaugkr\u00fcmmer f\u00fcr Piaggio Porter Multitech Euro 4 und 5<\/strong><\/p>\n<p>Dichtung f\u00fcr <strong>Ansaugkr\u00fcmmer<\/strong> kompatibel mit <strong>Piaggio Porter Multitech Euro 4 und Euro 5<\/strong>. Gew\u00e4hrleistet die perfekte Abdichtung zwischen Kr\u00fcmmer und Zylinderkopf, um Lufteinlass und Leistungsverluste zu vermeiden. Essenziell f\u00fcr die Aufrechterhaltung des korrekten Luft-Kraftstoff-Gemischs und den reibungslosen Betrieb des Motors.<\/p>\n<div class=\"text-sm text-gray-800 font-medium mb-2\"><div class=\"text-sm text-gray-800 font-medium mb-2\"><strong>Referenzcodes:<\/strong> B010167<\/div><\/div>\n<div class=\"oem-box mb-4\"><div class=\"oem-box mb-4\"><p class=\"text-sm text-gray-800 font-medium mb-2\">Typ: <strong>Original Piaggio<\/strong><\/p><p class=\"text-sm text-gray-700 mb-1\">Originalteil von Piaggio, f\u00fcr korrekte Passform und Leistung entwickelt.<\/p><p class=\"text-xs text-gray-500 mt-2\">Marken geh\u00f6ren den jeweiligen Inhabern.<\/p><\/div><\/div>\n<section class=\"compatibility-block mb-4\"><section class=\"compatibility-block mb-4\"><div class=\"product-extra-details hide-below-992\"><table class=\"woocommerce-product-attributes\"><tbody><tr><th colspan=\"2\"><span class=\"text-sm font-medium mb-2\">Kompatibel mit:<\/span><\/th><\/tr><tr><th>Fahrzeugmodell \u2013 Rahmenpr\u00e4fix:<\/th><td><a href=\"https:\/\/damicoline.com\/de\/shop\/?vx_brand=PIAGGIO&#038;vx_model=PORTER%20Maxxi%201.3%20(2010-2015)&#038;vx_engine=DA471QLR&#038;vx_years=2010-2015\">\ud83d\ude9a PIAGGIO PORTER Maxxi 1.3 (2010-2015) DA471QLR (2010-2015) - ZAPS90DJ, ZAPS90AJ, ZAPS90RJ<\/a><\/td><\/tr><tr><th>Fahrzeugmodell \u2013 Rahmenpr\u00e4fix:<\/th><td><a href=\"https:\/\/damicoline.com\/de\/shop\/?vx_brand=PIAGGIO&#038;vx_model=PORTER%20Pianale%20piatto\/Telaio%201.3%20(2010-2015)&#038;vx_engine=DA471QLR&#038;vx_years=2010-2015\">\ud83d\ude9a PIAGGIO PORTER Pianale piatto\/Telaio 1.3 (2010-2015) DA471QLR (2010-2015) - ZAPS90CJ, ZAPS90PJ, ZAPS90TJ, ZAPS90VJ<\/a><\/td><\/tr><\/tbody><\/table><\/div><\/section><\/section>\n","protected":false},"excerpt":{"rendered":"<p>Dichtung Ansaugkr\u00fcmmer f\u00fcr Piaggio Porter Multitech Euro 4 und 5 Dichtung f\u00fcr Ansaugkr\u00fcmmer kompatibel mit Piaggio Porter Multitech Euro 4 und Euro 5. Gew\u00e4hrleistet die perfekte Abdichtung zwischen Kr\u00fcmmer und Zylinderkopf, um Lufteinlass und Leistungsverluste zu vermeiden. Essenziell f\u00fcr die Aufrechterhaltung des korrekten Luft-Kraftstoff-Gemischs und den reibungslosen Betrieb des Motors.<\/p>\n","protected":false},"featured_media":15742,"template":"","meta":{"_sitemap_exclude":false,"_sitemap_priority":"","_sitemap_frequency":""},"product_brand":[2672],"product_cat":[1125,418],"product_tag":[3590],"class_list":{"0":"post-15747","1":"product","2":"type-product","3":"status-publish","4":"has-post-thumbnail","6":"product_brand-piaggio","7":"product_cat-motordichtungen","8":"product_cat-motorteile","9":"product_tag-b010167","11":"first","12":"instock","13":"sale","14":"taxable","15":"shipping-taxable","16":"purchasable","17":"product-type-simple"},"_links":{"self":[{"href":"https:\/\/damicoline.com\/de\/wp-json\/wp\/v2\/product\/15747","targetHints":{"allow":["GET"]}}],"collection":[{"href":"https:\/\/damicoline.com\/de\/wp-json\/wp\/v2\/product"}],"about":[{"href":"https:\/\/damicoline.com\/de\/wp-json\/wp\/v2\/types\/product"}],"wp:featuredmedia":[{"embeddable":true,"href":"https:\/\/damicoline.com\/de\/wp-json\/wp\/v2\/media\/15742"}],"wp:attachment":[{"href":"https:\/\/damicoline.com\/de\/wp-json\/wp\/v2\/media?parent=15747"}],"wp:term":[{"taxonomy":"product_brand","embeddable":true,"href":"https:\/\/damicoline.com\/de\/wp-json\/wp\/v2\/product_brand?post=15747"},{"taxonomy":"product_cat","embeddable":true,"href":"https:\/\/damicoline.com\/de\/wp-json\/wp\/v2\/product_cat?post=15747"},{"taxonomy":"product_tag","embeddable":true,"href":"https:\/\/damicoline.com\/de\/wp-json\/wp\/v2\/product_tag?post=15747"}],"curies":[{"name":"wp","href":"https:\/\/api.w.org\/{rel}","templated":true}]}}