{"id":15842,"date":"2026-01-20T15:19:05","date_gmt":"2026-01-20T14:19:05","guid":{"rendered":"https:\/\/damicoline.com\/prodotto\/tubo-raffreddamento-superiore-con-tappo-piaggio-porter-ldw-1404\/"},"modified":"2026-04-22T15:01:06","modified_gmt":"2026-04-22T13:01:06","slug":"oberer-kuhlerschlauch-mit-deckel-piaggio-porter-ldw-1404","status":"publish","type":"product","link":"https:\/\/damicoline.com\/de\/produkt\/oberer-kuhlerschlauch-mit-deckel-piaggio-porter-ldw-1404\/","title":{"rendered":"Oberer K\u00fchlerschlauch mit Deckel Piaggio Porter LDW 1404"},"content":{"rendered":"<p><strong>Oberer K\u00fchlerschlauch mit Deckel f\u00fcr Piaggio Porter Diesel LDW 1404<\/strong><\/p>\n<p>Oberer <strong>K\u00fchlerschlauch mit Deckel<\/strong> kompatibel mit <strong>Piaggio Porter Diesel<\/strong> mit <strong>Lombardini LDW 1404<\/strong> Motor. Er befindet sich <strong>unter dem Beifahrersitz<\/strong> und <strong>\u00fcber dem Zylinderkopfdeckel<\/strong>.<\/p>\n<p>Ein wesentliches Element f\u00fcr das <strong>Bef\u00fcllen und Entl\u00fcften des K\u00fchlsystems<\/strong>, erm\u00f6glicht es die korrekte Zufuhr des K\u00fchlmittels zum Motor, verhindert \u00dcberhitzung und gew\u00e4hrleistet einen stabilen und zuverl\u00e4ssigen Betrieb.<\/p>\n<div class=\"text-sm text-gray-800 font-medium mb-2\"><div class=\"text-sm text-gray-800 font-medium mb-2\"><strong>Referenzcodes:<\/strong> 566749<\/div><\/div>\n<div class=\"oem-box mb-4\"><div class=\"oem-box mb-4\"><p class=\"text-sm text-gray-800 font-medium mb-2\">Typ: <strong>Original Piaggio<\/strong><\/p><p class=\"text-sm text-gray-700 mb-1\">Originalteil von Piaggio, f\u00fcr korrekte Passform und Leistung entwickelt.<\/p><p class=\"text-xs text-gray-500 mt-2\">Marken geh\u00f6ren den jeweiligen Inhabern.<\/p><\/div><\/div>\n<section class=\"compatibility-block mb-4\"><section class=\"compatibility-block mb-4\"><div class=\"product-extra-details hide-below-992\"><table class=\"woocommerce-product-attributes\"><tbody><tr><th colspan=\"2\"><span class=\"text-sm font-medium mb-2\">Kompatibel mit:<\/span><\/th><\/tr><tr><th>Fahrzeugmodell \u2013 Rahmenpr\u00e4fix:<\/th><td><a href=\"https:\/\/damicoline.com\/de\/shop\/?vx_brand=PIAGGIO&#038;vx_model=PORTER%20Pianale%20piatto%201.4%20D%20(1998-2005)&#038;vx_engine=LDW1404\/P&#038;vx_years=1998-2005\">\ud83d\ude9a PIAGGIO PORTER Pianale piatto 1.4 D (1998-2005) LDW1404\/P (1998-2005) - ZAPS&#56;&#53;&#48;&#48;&#48;&#48;&#48;&#52;, ZAPS&#56;&#53;&#48;&#48;&#48;&#48;&#48;&#55;, ZAPS85V00004, ZAPS85V00007<\/a><\/td><\/tr><\/tbody><\/table><\/div><\/section><\/section>\n","protected":false},"excerpt":{"rendered":"<p>Oberer K\u00fchlerschlauch mit Deckel f\u00fcr Piaggio Porter Diesel LDW 1404 Oberer K\u00fchlerschlauch mit Deckel kompatibel mit Piaggio Porter Diesel mit Lombardini LDW 1404 Motor. Er befindet sich unter dem Beifahrersitz und \u00fcber dem Zylinderkopfdeckel. Ein wesentliches Element f\u00fcr das Bef\u00fcllen und Entl\u00fcften des K\u00fchlsystems, erm\u00f6glicht es die korrekte Zufuhr des K\u00fchlmittels zum Motor, verhindert \u00dcberhitzung<\/p>\n<div class=\"klb-readmore button\"><a class=\"btn link\" href=\"https:\/\/damicoline.com\/de\/produkt\/oberer-kuhlerschlauch-mit-deckel-piaggio-porter-ldw-1404\/\">Read More <i class=\"klbth-icon-right-arrow\"><\/i><\/a><\/div>\n","protected":false},"featured_media":15837,"template":"","meta":{"_sitemap_exclude":false,"_sitemap_priority":"","_sitemap_frequency":""},"product_brand":[2672],"product_cat":[403,3391],"product_tag":[3613],"class_list":{"0":"post-15842","1":"product","2":"type-product","3":"status-publish","4":"has-post-thumbnail","6":"product_brand-piaggio","7":"product_cat-kuhlsystem","8":"product_cat-schlauche-und-rohre","9":"product_tag-3613","11":"first","12":"instock","13":"sale","14":"taxable","15":"shipping-taxable","16":"purchasable","17":"product-type-simple"},"_links":{"self":[{"href":"https:\/\/damicoline.com\/de\/wp-json\/wp\/v2\/product\/15842","targetHints":{"allow":["GET"]}}],"collection":[{"href":"https:\/\/damicoline.com\/de\/wp-json\/wp\/v2\/product"}],"about":[{"href":"https:\/\/damicoline.com\/de\/wp-json\/wp\/v2\/types\/product"}],"wp:featuredmedia":[{"embeddable":true,"href":"https:\/\/damicoline.com\/de\/wp-json\/wp\/v2\/media\/15837"}],"wp:attachment":[{"href":"https:\/\/damicoline.com\/de\/wp-json\/wp\/v2\/media?parent=15842"}],"wp:term":[{"taxonomy":"product_brand","embeddable":true,"href":"https:\/\/damicoline.com\/de\/wp-json\/wp\/v2\/product_brand?post=15842"},{"taxonomy":"product_cat","embeddable":true,"href":"https:\/\/damicoline.com\/de\/wp-json\/wp\/v2\/product_cat?post=15842"},{"taxonomy":"product_tag","embeddable":true,"href":"https:\/\/damicoline.com\/de\/wp-json\/wp\/v2\/product_tag?post=15842"}],"curies":[{"name":"wp","href":"https:\/\/api.w.org\/{rel}","templated":true}]}}