{"id":15889,"date":"2026-01-20T16:18:35","date_gmt":"2026-01-20T15:18:35","guid":{"rendered":"https:\/\/damicoline.com\/prodotto\/tubo-ferro-uscita-pompa-acqua-piaggio-porter-multitech-euro-4-5\/"},"modified":"2026-04-22T15:01:17","modified_gmt":"2026-04-22T13:01:17","slug":"eisenrohr-wasserauslass-fur-piaggio-porter-multitech-euro-4-und-5","status":"publish","type":"product","link":"https:\/\/damicoline.com\/de\/produkt\/eisenrohr-wasserauslass-fur-piaggio-porter-multitech-euro-4-und-5\/","title":{"rendered":"Eisenrohr Wasserauslass f\u00fcr Piaggio Porter Multitech Euro 4 und 5"},"content":{"rendered":"<p><strong>Eisenrohr Wasserauslass f\u00fcr Piaggio Porter Multitech Euro 4 und 5<\/strong><\/p>\n<p>Eisenrohr f\u00fcr den <strong>Wasserauslass<\/strong> kompatibel mit <strong>Piaggio Porter Multitech Euro 4 und Euro 5<\/strong>. Leitet das K\u00fchlmittel korrekt vom Pumpenk\u00f6rper ab, gew\u00e4hrleistet einen konstanten Kreislauf und verhindert Leckagen oder \u00dcberhitzung.<\/p>\n<p>Hergestellt aus widerstandsf\u00e4higem Metallmaterial, ist es so konzipiert, dass es hohem Druck und hohen Temperaturen standh\u00e4lt, was Zuverl\u00e4ssigkeit und Langlebigkeit gew\u00e4hrleistet. Idealer Ersatz bei Korrosion, Leckagen oder Austausch der Wasserpumpe.<\/p>\n<div class=\"text-sm text-gray-800 font-medium mb-2\"><div class=\"text-sm text-gray-800 font-medium mb-2\"><strong>Referenzcodes:<\/strong> B010238<\/div><\/div>\n<div class=\"oem-box mb-4\"><div class=\"oem-box mb-4\"><p class=\"text-sm text-gray-800 font-medium mb-2\">Typ: <strong>Original Piaggio<\/strong><\/p><p class=\"text-sm text-gray-700 mb-1\">Originalteil von Piaggio, f\u00fcr korrekte Passform und Leistung entwickelt.<\/p><p class=\"text-xs text-gray-500 mt-2\">Marken geh\u00f6ren den jeweiligen Inhabern.<\/p><\/div><\/div>\n<section class=\"compatibility-block mb-4\"><section class=\"compatibility-block mb-4\"><div class=\"product-extra-details hide-below-992\"><table class=\"woocommerce-product-attributes\"><tbody><tr><th colspan=\"2\"><span class=\"text-sm font-medium mb-2\">Kompatibel mit:<\/span><\/th><\/tr><tr><th>Fahrzeugmodell \u2013 Rahmenpr\u00e4fix:<\/th><td><a href=\"https:\/\/damicoline.com\/de\/shop\/?vx_brand=PIAGGIO&#038;vx_model=PORTER%20Maxxi%201.3%20(2010-2015)&#038;vx_engine=DA471QLR&#038;vx_years=2010-2015\">\ud83d\ude9a PIAGGIO PORTER Maxxi 1.3 (2010-2015) DA471QLR (2010-2015) - ZAPS90DJ, ZAPS90AJ, ZAPS90RJ<\/a><\/td><\/tr><tr><th>Fahrzeugmodell \u2013 Rahmenpr\u00e4fix:<\/th><td><a href=\"https:\/\/damicoline.com\/de\/shop\/?vx_brand=PIAGGIO&#038;vx_model=PORTER%20Pianale%20piatto\/Telaio%201.3%20(2010-2015)&#038;vx_engine=DA471QLR&#038;vx_years=2010-2015\">\ud83d\ude9a PIAGGIO PORTER Pianale piatto\/Telaio 1.3 (2010-2015) DA471QLR (2010-2015) - ZAPS90CJ, ZAPS90PJ, ZAPS90TJ, ZAPS90VJ<\/a><\/td><\/tr><\/tbody><\/table><\/div><\/section><\/section>\n","protected":false},"excerpt":{"rendered":"<p>Eisenrohr Wasserauslass f\u00fcr Piaggio Porter Multitech Euro 4 und 5 Eisenrohr f\u00fcr den Wasserauslass kompatibel mit Piaggio Porter Multitech Euro 4 und Euro 5. Leitet das K\u00fchlmittel korrekt vom Pumpenk\u00f6rper ab, gew\u00e4hrleistet einen konstanten Kreislauf und verhindert Leckagen oder \u00dcberhitzung. Hergestellt aus widerstandsf\u00e4higem Metallmaterial, ist es so konzipiert, dass es hohem Druck und hohen Temperaturen<\/p>\n<div class=\"klb-readmore button\"><a class=\"btn link\" href=\"https:\/\/damicoline.com\/de\/produkt\/eisenrohr-wasserauslass-fur-piaggio-porter-multitech-euro-4-und-5\/\">Read More <i class=\"klbth-icon-right-arrow\"><\/i><\/a><\/div>\n","protected":false},"featured_media":15884,"template":"","meta":{"_sitemap_exclude":false,"_sitemap_priority":"","_sitemap_frequency":""},"product_brand":[2672],"product_cat":[403,3391],"product_tag":[3635],"class_list":{"0":"post-15889","1":"product","2":"type-product","3":"status-publish","4":"has-post-thumbnail","6":"product_brand-piaggio","7":"product_cat-kuhlsystem","8":"product_cat-schlauche-und-rohre","9":"product_tag-b010238","11":"first","12":"outofstock","13":"sale","14":"taxable","15":"shipping-taxable","16":"purchasable","17":"product-type-simple"},"_links":{"self":[{"href":"https:\/\/damicoline.com\/de\/wp-json\/wp\/v2\/product\/15889","targetHints":{"allow":["GET"]}}],"collection":[{"href":"https:\/\/damicoline.com\/de\/wp-json\/wp\/v2\/product"}],"about":[{"href":"https:\/\/damicoline.com\/de\/wp-json\/wp\/v2\/types\/product"}],"wp:featuredmedia":[{"embeddable":true,"href":"https:\/\/damicoline.com\/de\/wp-json\/wp\/v2\/media\/15884"}],"wp:attachment":[{"href":"https:\/\/damicoline.com\/de\/wp-json\/wp\/v2\/media?parent=15889"}],"wp:term":[{"taxonomy":"product_brand","embeddable":true,"href":"https:\/\/damicoline.com\/de\/wp-json\/wp\/v2\/product_brand?post=15889"},{"taxonomy":"product_cat","embeddable":true,"href":"https:\/\/damicoline.com\/de\/wp-json\/wp\/v2\/product_cat?post=15889"},{"taxonomy":"product_tag","embeddable":true,"href":"https:\/\/damicoline.com\/de\/wp-json\/wp\/v2\/product_tag?post=15889"}],"curies":[{"name":"wp","href":"https:\/\/api.w.org\/{rel}","templated":true}]}}