{"id":16020,"date":"2026-01-27T12:57:27","date_gmt":"2026-01-27T11:57:27","guid":{"rendered":"https:\/\/damicoline.com\/prodotto\/tubo-ferro-raffreddamento-superiore-piaggio-porter-diesel-ldw-1404\/"},"modified":"2026-01-27T14:35:43","modified_gmt":"2026-01-27T13:35:43","slug":"oberer-kuhlrohr-aus-eisen-fur-piaggio-porter-diesel-ldw-1404","status":"publish","type":"product","link":"https:\/\/damicoline.com\/de\/produkt\/oberer-kuhlrohr-aus-eisen-fur-piaggio-porter-diesel-ldw-1404\/","title":{"rendered":"Oberer K\u00fchlrohr aus Eisen f\u00fcr Piaggio Porter Diesel LDW-1404"},"content":{"rendered":"<p><strong>Oberes K\u00fchlrohr aus Eisen f\u00fcr Piaggio Porter Diesel LDW-1404<\/strong><\/p>\n<p>Oberes <strong>K\u00fchlrohr<\/strong> aus <strong>Eisen<\/strong> kompatibel mit <strong>Piaggio Porter Diesel<\/strong> Motorisierung <strong>LDW-1404<\/strong>. Erm\u00f6glicht die korrekte F\u00fchrung des K\u00fchlmittels im oberen Teil des Kreislaufs und sorgt f\u00fcr eine effiziente und konstante Zirkulation.<\/p>\n<p>Hergestellt aus metallischem Material, das hohen Temperaturen und Korrosion widersteht, ist es ideal f\u00fcr den Austausch von verschlissenen oder oxidierten Leitungen. Zuverl\u00e4ssiger Ersatz, um die einwandfreie Funktion des K\u00fchlsystems des Motors zu gew\u00e4hrleisten.<\/p>\n<div class=\"text-sm text-gray-800 font-medium mb-2\"><div class=\"text-sm text-gray-800 font-medium mb-2\"><strong>Referenzcodes:<\/strong> 616367<\/div><\/div>\n<div class=\"oem-box mb-4\">\t\t\t\t<div class=\"oem-box mb-4\">\n\t\t\t\t\t<p class=\"text-sm text-gray-800 font-medium mb-2\">Typ: <strong>Original Piaggio<\/strong><\/p>\n\t\t\t\t\t<p class=\"text-sm text-gray-700 mb-1\">Originalteil von Piaggio, f\u00fcr korrekte Passform und Leistung entwickelt.<\/p>\n\t\t\t\t\t<p class=\"text-xs text-gray-500 mt-2\">*Marken geh\u00f6ren den jeweiligen Inhabern.<\/p>\n\t\t\t\t<\/div>\n\t\t\t<\/div>\n<section class=\"compatibility-block mb-4\"><section class=\"compatibility-block mb-4\"><div class=\"product-extra-details hide-below-992\"><table class=\"woocommerce-product-attributes\"><tbody><tr><th colspan=\"2\"><span class=\"text-sm font-medium mb-2\">Kompatibel mit:<\/span><\/th><\/tr><tr><th>Fahrzeugmodell \u2013 Rahmenpr\u00e4fix:<\/th><td><a href=\"https:\/\/damicoline.com\/de\/shop\/?vx_brand=PIAGGIO&#038;vx_model=PORTER%20Pianale%20piatto%201.4%20D%20(1998-2005)&#038;vx_engine=LDW1404\/P&#038;vx_years=1998-2005\">\ud83d\ude9a PIAGGIO PORTER Pianale piatto 1.4 D (1998-2005) LDW1404\/P (1998-2005) - ZAPS&#56;&#53;&#48;&#48;&#48;&#48;&#48;&#52;, ZAPS&#56;&#53;&#48;&#48;&#48;&#48;&#48;&#55;, ZAPS85V00004, ZAPS85V00007<\/a><\/td><\/tr><\/tbody><\/table><\/div><\/section><\/section>\n","protected":false},"excerpt":{"rendered":"<p>Oberes K\u00fchlrohr aus Eisen f\u00fcr Piaggio Porter Diesel LDW-1404 Oberes K\u00fchlrohr aus Eisen kompatibel mit Piaggio Porter Diesel Motorisierung LDW-1404. Erm\u00f6glicht die korrekte F\u00fchrung des K\u00fchlmittels im oberen Teil des Kreislaufs und sorgt f\u00fcr eine effiziente und konstante Zirkulation. Hergestellt aus metallischem Material, das hohen Temperaturen und Korrosion widersteht, ist es ideal f\u00fcr den Austausch<\/p>\n<div class=\"klb-readmore button\"><a class=\"btn link\" href=\"https:\/\/damicoline.com\/de\/produkt\/oberer-kuhlrohr-aus-eisen-fur-piaggio-porter-diesel-ldw-1404\/\">Read More <i class=\"klbth-icon-right-arrow\"><\/i><\/a><\/div>\n","protected":false},"featured_media":16009,"template":"","meta":{"_sitemap_exclude":false,"_sitemap_priority":"","_sitemap_frequency":""},"product_brand":[2672],"product_cat":[403,3391],"product_tag":[3644],"class_list":{"0":"post-16020","1":"product","2":"type-product","3":"status-publish","4":"has-post-thumbnail","6":"product_brand-piaggio","7":"product_cat-kuhlsystem","8":"product_cat-schlauche-und-rohre","9":"product_tag-3644","11":"first","12":"instock","13":"sale","14":"taxable","15":"shipping-taxable","16":"purchasable","17":"product-type-simple"},"_links":{"self":[{"href":"https:\/\/damicoline.com\/de\/wp-json\/wp\/v2\/product\/16020","targetHints":{"allow":["GET"]}}],"collection":[{"href":"https:\/\/damicoline.com\/de\/wp-json\/wp\/v2\/product"}],"about":[{"href":"https:\/\/damicoline.com\/de\/wp-json\/wp\/v2\/types\/product"}],"wp:featuredmedia":[{"embeddable":true,"href":"https:\/\/damicoline.com\/de\/wp-json\/wp\/v2\/media\/16009"}],"wp:attachment":[{"href":"https:\/\/damicoline.com\/de\/wp-json\/wp\/v2\/media?parent=16020"}],"wp:term":[{"taxonomy":"product_brand","embeddable":true,"href":"https:\/\/damicoline.com\/de\/wp-json\/wp\/v2\/product_brand?post=16020"},{"taxonomy":"product_cat","embeddable":true,"href":"https:\/\/damicoline.com\/de\/wp-json\/wp\/v2\/product_cat?post=16020"},{"taxonomy":"product_tag","embeddable":true,"href":"https:\/\/damicoline.com\/de\/wp-json\/wp\/v2\/product_tag?post=16020"}],"curies":[{"name":"wp","href":"https:\/\/api.w.org\/{rel}","templated":true}]}}