{"id":16089,"date":"2026-01-27T17:23:22","date_gmt":"2026-01-27T16:23:22","guid":{"rendered":"https:\/\/damicoline.com\/prodotto\/semiasse-completo-piaggio-quargo-pronto-al-montaggio\/"},"modified":"2026-01-27T17:49:47","modified_gmt":"2026-01-27T16:49:47","slug":"komplette-antriebswelle-fur-piaggio-quargo-montagefertig","status":"publish","type":"product","link":"https:\/\/damicoline.com\/de\/produkt\/komplette-antriebswelle-fur-piaggio-quargo-montagefertig\/","title":{"rendered":"Komplette Antriebswelle f\u00fcr Piaggio Quargo, montagefertig"},"content":{"rendered":"<p><strong>Komplette Antriebswelle f\u00fcr Piaggio Quargo, montagefertig<\/strong><\/p>\n<p>Komplette und vormontierte Antriebswelle, kompatibel mit <strong>Piaggio Quargo<\/strong>. Exklusives Ersatzteil, bereit zur Installation, ideal f\u00fcr schnelle und problemlose Eingriffe.<\/p>\n<p>Die Antriebswelle wird <strong>bereits montiert<\/strong> mit allen notwendigen Komponenten geliefert:<\/p>\n<ul>\n<li><strong>\u00d6ldichtmanschetten<\/strong> bereits installiert<\/li>\n<li><strong>Gelenkanschlussnabe<\/strong> montiert<\/li>\n<li><strong>Verriegelungsschraube<\/strong> bereits vormontiert<\/li>\n<\/ul>\n<p>Plug &amp; Play-L\u00f6sung: Kein R\u00fcckgewinn alter Teile, keine zus\u00e4tzliche Montage erforderlich. Gew\u00e4hrleistet einen reibungslosen Antrieb, Reduzierung von Vibrationen und maximale Zuverl\u00e4ssigkeit \u00fcber die Zeit.<\/p>\n<p>Ideal f\u00fcr Werkst\u00e4tten und schnelle Reparaturen, spart Zeit und vermeidet Montagefehler.<\/p>\n<div class=\"text-sm text-gray-800 font-medium mb-2\"><div class=\"text-sm text-gray-800 font-medium mb-2\"><strong>Referenzcodes:<\/strong> 850516<\/div><\/div>\n<div class=\"oem-box mb-4\">\t\t\t\t<div class=\"oem-box mb-4\">\n\t\t\t\t\t<p class=\"text-sm text-gray-800 font-medium mb-2\">Typ: <strong>Aftermarket<\/strong><\/p>\n\t\t\t\t\t<p class=\"text-sm text-gray-700 mb-1\">Aftermarket-Komponente in Profiqualit\u00e4t, kompatibel mit den auf dieser Seite aufgef\u00fchrten Fahrzeugen.<\/p>\n\t\t\t\t\t<p class=\"text-xs text-gray-500 mt-2\">*Nicht von Piaggio hergestellt oder gebrandet. Marken geh\u00f6ren den jeweiligen Inhabern.<\/p>\n\t\t\t\t<\/div>\n\t\t\t<\/div>\n<section class=\"compatibility-block mb-4\"><section class=\"compatibility-block mb-4\"><div class=\"product-extra-details hide-below-992\"><table class=\"woocommerce-product-attributes\"><tbody><tr><th colspan=\"2\"><span class=\"text-sm font-medium mb-2\">Kompatibel mit:<\/span><\/th><\/tr><tr><th>Fahrzeugmodell \u2013 Rahmenpr\u00e4fix:<\/th><td><a href=\"https:\/\/damicoline.com\/de\/shop\/?vx_brand=PIAGGIO&#038;vx_model=QUARGO%20702%20Diesel%20(2004-2006)&#038;vx_engine=LDW702\/P&#038;vx_years=2004-2006\">\ud83d\ude9a PIAGGIO QUARGO 702 Diesel (2004-2006) LDW702\/P (2004-2006) - ZAPP10000<\/a><\/td><\/tr><tr><th>Fahrzeugmodell \u2013 Rahmenpr\u00e4fix:<\/th><td><a href=\"https:\/\/damicoline.com\/de\/shop\/?vx_brand=PIAGGIO&#038;vx_model=QUARGO%20702%20Diesel%20(2007-2017)&#038;vx_engine=LDW702\/P&#038;vx_years=2007-2017\">\ud83d\ude9a PIAGGIO QUARGO 702 Diesel (2007-2017) LDW702\/P (2007-2017) - ZAP4P10000<\/a><\/td><\/tr><\/tbody><\/table><\/div><\/section><\/section>\n","protected":false},"excerpt":{"rendered":"<p>Komplette Antriebswelle f\u00fcr Piaggio Quargo, montagefertig Komplette und vormontierte Antriebswelle, kompatibel mit Piaggio Quargo. Exklusives Ersatzteil, bereit zur Installation, ideal f\u00fcr schnelle und problemlose Eingriffe. Die Antriebswelle wird bereits montiert mit allen notwendigen Komponenten geliefert: \u00d6ldichtmanschetten bereits installiert Gelenkanschlussnabe montiert Verriegelungsschraube bereits vormontiert Plug &amp; Play-L\u00f6sung: Kein R\u00fcckgewinn alter Teile, keine zus\u00e4tzliche Montage erforderlich. Gew\u00e4hrleistet<\/p>\n<div class=\"klb-readmore button\"><a class=\"btn link\" href=\"https:\/\/damicoline.com\/de\/produkt\/komplette-antriebswelle-fur-piaggio-quargo-montagefertig\/\">Read More <i class=\"klbth-icon-right-arrow\"><\/i><\/a><\/div>\n","protected":false},"featured_media":16066,"template":"","meta":{"_sitemap_exclude":false,"_sitemap_priority":"","_sitemap_frequency":""},"product_brand":[2670],"product_cat":[1430,1425],"product_tag":[1438],"class_list":{"0":"post-16089","1":"product","2":"type-product","3":"status-publish","4":"has-post-thumbnail","6":"product_brand-aftermarket","7":"product_cat-antriebswelle","8":"product_cat-hintere-kraftubertragung","9":"product_tag-1438","11":"first","12":"outofstock","13":"sale","14":"taxable","15":"shipping-taxable","16":"purchasable","17":"product-type-simple"},"_links":{"self":[{"href":"https:\/\/damicoline.com\/de\/wp-json\/wp\/v2\/product\/16089","targetHints":{"allow":["GET"]}}],"collection":[{"href":"https:\/\/damicoline.com\/de\/wp-json\/wp\/v2\/product"}],"about":[{"href":"https:\/\/damicoline.com\/de\/wp-json\/wp\/v2\/types\/product"}],"wp:featuredmedia":[{"embeddable":true,"href":"https:\/\/damicoline.com\/de\/wp-json\/wp\/v2\/media\/16066"}],"wp:attachment":[{"href":"https:\/\/damicoline.com\/de\/wp-json\/wp\/v2\/media?parent=16089"}],"wp:term":[{"taxonomy":"product_brand","embeddable":true,"href":"https:\/\/damicoline.com\/de\/wp-json\/wp\/v2\/product_brand?post=16089"},{"taxonomy":"product_cat","embeddable":true,"href":"https:\/\/damicoline.com\/de\/wp-json\/wp\/v2\/product_cat?post=16089"},{"taxonomy":"product_tag","embeddable":true,"href":"https:\/\/damicoline.com\/de\/wp-json\/wp\/v2\/product_tag?post=16089"}],"curies":[{"name":"wp","href":"https:\/\/api.w.org\/{rel}","templated":true}]}}