{"id":16136,"date":"2026-01-28T11:41:41","date_gmt":"2026-01-28T10:41:41","guid":{"rendered":"https:\/\/damicoline.com\/prodotto\/guarnizione-coperchio-punterie-piaggio-quargo\/"},"modified":"2026-03-30T17:35:06","modified_gmt":"2026-03-30T15:35:06","slug":"ventildeckeldichtung-fur-piaggio-quargo","status":"publish","type":"product","link":"https:\/\/damicoline.com\/de\/produkt\/ventildeckeldichtung-fur-piaggio-quargo\/","title":{"rendered":"Ventildeckeldichtung f\u00fcr Piaggio Quargo"},"content":{"rendered":"<p><strong>Ventildeckeldichtung f\u00fcr Piaggio Quargo<\/strong><\/p>\n<p>Dichtung f\u00fcr <strong>Ventildeckel<\/strong> kompatibel mit <strong>Piaggio Quargo<\/strong>. Sichert die perfekte Abdichtung zwischen Deckel und Zylinderkopf, verhindert \u00d6llecks und h\u00e4lt den Motorraum sauber.<\/p>\n<p>Hergestellt aus hitze- und \u00f6lbest\u00e4ndigem Material, ideal f\u00fcr regelm\u00e4\u00dfige Wartungsarbeiten oder w\u00e4hrend der Ventileinstellung. Qualit\u00e4tsersatzteil, das f\u00fcr Zuverl\u00e4ssigkeit und Langlebigkeit ausgelegt ist.<\/p>\n<div class=\"text-sm text-gray-800 font-medium mb-2\"><div class=\"text-sm text-gray-800 font-medium mb-2\"><strong>Referenzcodes:<\/strong> 493760<\/div><\/div>\n<div class=\"oem-box mb-4\">\t\t\t\t<div class=\"oem-box mb-4\">\n\t\t\t\t\t<p class=\"text-sm text-gray-800 font-medium mb-2\">Typ: <strong>Original Piaggio<\/strong><\/p>\n\t\t\t\t\t<p class=\"text-sm text-gray-700 mb-1\">Originalteil von Piaggio, f\u00fcr korrekte Passform und Leistung entwickelt.<\/p>\n\t\t\t\t\t<p class=\"text-xs text-gray-500 mt-2\">*Marken geh\u00f6ren den jeweiligen Inhabern.<\/p>\n\t\t\t\t<\/div>\n\t\t\t<\/div>\n<section class=\"compatibility-block mb-4\"><section class=\"compatibility-block mb-4\"><div class=\"product-extra-details hide-below-992\"><table class=\"woocommerce-product-attributes\"><tbody><tr><th colspan=\"2\"><span class=\"text-sm font-medium mb-2\">Kompatibel mit:<\/span><\/th><\/tr><tr><th>Fahrzeugmodell \u2013 Rahmenpr\u00e4fix:<\/th><td><a href=\"https:\/\/damicoline.com\/de\/shop\/?vx_brand=PIAGGIO&#038;vx_model=QUARGO%20702%20Diesel%20(2004-2006)&#038;vx_engine=LDW702\/P&#038;vx_years=2004-2006\">\ud83d\ude9a PIAGGIO QUARGO 702 Diesel (2004-2006) LDW702\/P (2004-2006) - ZAPP10000<\/a><\/td><\/tr><tr><th>Fahrzeugmodell \u2013 Rahmenpr\u00e4fix:<\/th><td><a href=\"https:\/\/damicoline.com\/de\/shop\/?vx_brand=PIAGGIO&#038;vx_model=QUARGO%20702%20Diesel%20(2007-2017)&#038;vx_engine=LDW702\/P&#038;vx_years=2007-2017\">\ud83d\ude9a PIAGGIO QUARGO 702 Diesel (2007-2017) LDW702\/P (2007-2017) - ZAP4P10000<\/a><\/td><\/tr><\/tbody><\/table><\/div><\/section><\/section>\n","protected":false},"excerpt":{"rendered":"<p>Ventildeckeldichtung f\u00fcr Piaggio Quargo Dichtung f\u00fcr Ventildeckel kompatibel mit Piaggio Quargo. Sichert die perfekte Abdichtung zwischen Deckel und Zylinderkopf, verhindert \u00d6llecks und h\u00e4lt den Motorraum sauber. Hergestellt aus hitze- und \u00f6lbest\u00e4ndigem Material, ideal f\u00fcr regelm\u00e4\u00dfige Wartungsarbeiten oder w\u00e4hrend der Ventileinstellung. Qualit\u00e4tsersatzteil, das f\u00fcr Zuverl\u00e4ssigkeit und Langlebigkeit ausgelegt ist.<\/p>\n","protected":false},"featured_media":16112,"template":"","meta":{"_sitemap_exclude":false,"_sitemap_priority":"","_sitemap_frequency":""},"product_brand":[2672],"product_cat":[1078,64],"product_tag":[2191],"class_list":{"0":"post-16136","1":"product","2":"type-product","3":"status-publish","4":"has-post-thumbnail","6":"product_brand-piaggio","7":"product_cat-guarnizioni-motore","8":"product_cat-parti-del-motore","9":"product_tag-2191","11":"first","12":"outofstock","13":"sale","14":"taxable","15":"shipping-taxable","16":"purchasable","17":"product-type-simple"},"_links":{"self":[{"href":"https:\/\/damicoline.com\/de\/wp-json\/wp\/v2\/product\/16136","targetHints":{"allow":["GET"]}}],"collection":[{"href":"https:\/\/damicoline.com\/de\/wp-json\/wp\/v2\/product"}],"about":[{"href":"https:\/\/damicoline.com\/de\/wp-json\/wp\/v2\/types\/product"}],"wp:featuredmedia":[{"embeddable":true,"href":"https:\/\/damicoline.com\/de\/wp-json\/wp\/v2\/media\/16112"}],"wp:attachment":[{"href":"https:\/\/damicoline.com\/de\/wp-json\/wp\/v2\/media?parent=16136"}],"wp:term":[{"taxonomy":"product_brand","embeddable":true,"href":"https:\/\/damicoline.com\/de\/wp-json\/wp\/v2\/product_brand?post=16136"},{"taxonomy":"product_cat","embeddable":true,"href":"https:\/\/damicoline.com\/de\/wp-json\/wp\/v2\/product_cat?post=16136"},{"taxonomy":"product_tag","embeddable":true,"href":"https:\/\/damicoline.com\/de\/wp-json\/wp\/v2\/product_tag?post=16136"}],"curies":[{"name":"wp","href":"https:\/\/api.w.org\/{rel}","templated":true}]}}