{"id":16141,"date":"2026-01-28T11:41:42","date_gmt":"2026-01-28T10:41:42","guid":{"rendered":"https:\/\/damicoline.com\/prodotto\/raccordo-coperchio-termostato-piaggio-quargo\/"},"modified":"2026-04-22T15:02:16","modified_gmt":"2026-04-22T13:02:16","slug":"thermostatdeckelanschluss-fur-piaggio-quargo","status":"publish","type":"product","link":"https:\/\/damicoline.com\/de\/produkt\/thermostatdeckelanschluss-fur-piaggio-quargo\/","title":{"rendered":"Thermostatdeckelanschluss f\u00fcr Piaggio Quargo"},"content":{"rendered":"<p><strong>Thermostatdeckelanschluss f\u00fcr Piaggio Quargo<\/strong><\/p>\n<p>Anschluss f\u00fcr <strong>Thermostatdeckel<\/strong> kompatibel mit <strong>Piaggio Quargo<\/strong>. Ein wesentliches Bauteil des K\u00fchlsystems, das den korrekten Anschluss der Schl\u00e4uche und den Durchfluss des K\u00fchlmittels erm\u00f6glicht und so den reibungslosen Betrieb des Thermostats gew\u00e4hrleistet.<\/p>\n<p>Hergestellt aus hochtemperatur- und druckbest\u00e4ndigem Material, hilft es, Fl\u00fcssigkeitsverluste und \u00dcberhitzungsprobleme zu verhindern. Idealer Ersatz bei Abnutzung, Rissen oder w\u00e4hrend des Thermostataustauschs.<\/p>\n<div class=\"text-sm text-gray-800 font-medium mb-2\"><div class=\"text-sm text-gray-800 font-medium mb-2\"><strong>Referenzcodes:<\/strong> 850022<\/div><\/div>\n<div class=\"oem-box mb-4\"><div class=\"oem-box mb-4\"><p class=\"text-sm text-gray-800 font-medium mb-2\">Typ: <strong>Original Piaggio<\/strong><\/p><p class=\"text-sm text-gray-700 mb-1\">Originalteil von Piaggio, f\u00fcr korrekte Passform und Leistung entwickelt.<\/p><p class=\"text-xs text-gray-500 mt-2\">Marken geh\u00f6ren den jeweiligen Inhabern.<\/p><\/div><\/div>\n<section class=\"compatibility-block mb-4\"><section class=\"compatibility-block mb-4\"><div class=\"product-extra-details hide-below-992\"><table class=\"woocommerce-product-attributes\"><tbody><tr><th colspan=\"2\"><span class=\"text-sm font-medium mb-2\">Kompatibel mit:<\/span><\/th><\/tr><tr><th>Fahrzeugmodell \u2013 Rahmenpr\u00e4fix:<\/th><td><a href=\"https:\/\/damicoline.com\/de\/shop\/?vx_brand=PIAGGIO&#038;vx_model=QUARGO%20702%20Diesel%20(2004-2006)&#038;vx_engine=LDW702\/P&#038;vx_years=2004-2006\">\ud83d\ude9a PIAGGIO QUARGO 702 Diesel (2004-2006) LDW702\/P (2004-2006) - ZAPP10000<\/a><\/td><\/tr><tr><th>Fahrzeugmodell \u2013 Rahmenpr\u00e4fix:<\/th><td><a href=\"https:\/\/damicoline.com\/de\/shop\/?vx_brand=PIAGGIO&#038;vx_model=QUARGO%20702%20Diesel%20(2007-2017)&#038;vx_engine=LDW702\/P&#038;vx_years=2007-2017\">\ud83d\ude9a PIAGGIO QUARGO 702 Diesel (2007-2017) LDW702\/P (2007-2017) - ZAP4P10000<\/a><\/td><\/tr><\/tbody><\/table><\/div><\/section><\/section>\n","protected":false},"excerpt":{"rendered":"<p>Thermostatdeckelanschluss f\u00fcr Piaggio Quargo Anschluss f\u00fcr Thermostatdeckel kompatibel mit Piaggio Quargo. Ein wesentliches Bauteil des K\u00fchlsystems, das den korrekten Anschluss der Schl\u00e4uche und den Durchfluss des K\u00fchlmittels erm\u00f6glicht und so den reibungslosen Betrieb des Thermostats gew\u00e4hrleistet. Hergestellt aus hochtemperatur- und druckbest\u00e4ndigem Material, hilft es, Fl\u00fcssigkeitsverluste und \u00dcberhitzungsprobleme zu verhindern. Idealer Ersatz bei Abnutzung, Rissen oder<\/p>\n<div class=\"klb-readmore button\"><a class=\"btn link\" href=\"https:\/\/damicoline.com\/de\/produkt\/thermostatdeckelanschluss-fur-piaggio-quargo\/\">Read More <i class=\"klbth-icon-right-arrow\"><\/i><\/a><\/div>\n","protected":false},"featured_media":16118,"template":"","meta":{"_sitemap_exclude":false,"_sitemap_priority":"","_sitemap_frequency":""},"product_brand":[2672],"product_cat":[403,1404],"product_tag":[3687],"class_list":{"0":"post-16141","1":"product","2":"type-product","3":"status-publish","4":"has-post-thumbnail","6":"product_brand-piaggio","7":"product_cat-kuhlsystem","8":"product_cat-thermostat-de","9":"product_tag-3687","11":"first","12":"outofstock","13":"sale","14":"taxable","15":"shipping-taxable","16":"purchasable","17":"product-type-simple"},"_links":{"self":[{"href":"https:\/\/damicoline.com\/de\/wp-json\/wp\/v2\/product\/16141","targetHints":{"allow":["GET"]}}],"collection":[{"href":"https:\/\/damicoline.com\/de\/wp-json\/wp\/v2\/product"}],"about":[{"href":"https:\/\/damicoline.com\/de\/wp-json\/wp\/v2\/types\/product"}],"wp:featuredmedia":[{"embeddable":true,"href":"https:\/\/damicoline.com\/de\/wp-json\/wp\/v2\/media\/16118"}],"wp:attachment":[{"href":"https:\/\/damicoline.com\/de\/wp-json\/wp\/v2\/media?parent=16141"}],"wp:term":[{"taxonomy":"product_brand","embeddable":true,"href":"https:\/\/damicoline.com\/de\/wp-json\/wp\/v2\/product_brand?post=16141"},{"taxonomy":"product_cat","embeddable":true,"href":"https:\/\/damicoline.com\/de\/wp-json\/wp\/v2\/product_cat?post=16141"},{"taxonomy":"product_tag","embeddable":true,"href":"https:\/\/damicoline.com\/de\/wp-json\/wp\/v2\/product_tag?post=16141"}],"curies":[{"name":"wp","href":"https:\/\/api.w.org\/{rel}","templated":true}]}}