{"id":16146,"date":"2026-01-28T11:41:43","date_gmt":"2026-01-28T10:41:43","guid":{"rendered":"https:\/\/damicoline.com\/prodotto\/termostato-liquido-raffreddamento-piaggio-quargo-porter-diesel\/"},"modified":"2026-04-22T15:02:21","modified_gmt":"2026-04-22T13:02:21","slug":"kuhlflussigkeitsthermostat-fur-piaggio-quargo-und-porter-diesel","status":"publish","type":"product","link":"https:\/\/damicoline.com\/de\/produkt\/kuhlflussigkeitsthermostat-fur-piaggio-quargo-und-porter-diesel\/","title":{"rendered":"K\u00fchlfl\u00fcssigkeitsthermostat f\u00fcr Piaggio Quargo und Porter Diesel"},"content":{"rendered":"<p><strong>K\u00fchlfl\u00fcssigkeitsthermostat f\u00fcr Piaggio Quargo und Porter Diesel<\/strong><\/p>\n<p>Thermostat f\u00fcr <strong>K\u00fchlfl\u00fcssigkeit<\/strong> kompatibel mit <strong>Piaggio Quargo<\/strong> und <strong>Piaggio Porter Diesel<\/strong>. Regelt korrekt die Motortemperatur, f\u00f6rdert ein schnelles Aufheizen bei K\u00e4lte und h\u00e4lt optimale Werte w\u00e4hrend des Betriebs.<\/p>\n<p>Ein grundlegender Bestandteil des K\u00fchlsystems, hilft \u00dcberhitzungen oder <strong>zu niedrige Temperaturen<\/strong> zu verhindern, verbessert die Zuverl\u00e4ssigkeit, den Verbrauch und die Effizienz des Motors. Qualit\u00e4tsersatzteil, entwickelt, um Langlebigkeit und perfekte Kompatibilit\u00e4t zu gew\u00e4hrleisten.<\/p>\n<div class=\"text-sm text-gray-800 font-medium mb-2\"><div class=\"text-sm text-gray-800 font-medium mb-2\"><strong>Referenzcodes:<\/strong> 493883<\/div><\/div>\n<div class=\"oem-box mb-4\"><div class=\"oem-box mb-4\"><p class=\"text-sm text-gray-800 font-medium mb-2\">Typ: <strong>Aftermarket<\/strong><\/p><p class=\"text-sm text-gray-700 mb-1\">Aftermarket-Komponente in Profiqualit\u00e4t, kompatibel mit den auf dieser Seite aufgef\u00fchrten Fahrzeugen.<\/p><p class=\"text-xs text-gray-500 mt-2\">Nicht von Piaggio hergestellt oder gebrandet. Marken geh\u00f6ren den jeweiligen Inhabern.<\/p><\/div><\/div>\n<section class=\"compatibility-block mb-4\"><section class=\"compatibility-block mb-4\"><div class=\"product-extra-details hide-below-992\"><table class=\"woocommerce-product-attributes\"><tbody><tr><th colspan=\"2\"><span class=\"text-sm font-medium mb-2\">Kompatibel mit:<\/span><\/th><\/tr><tr><th>Fahrzeugmodell \u2013 Rahmenpr\u00e4fix:<\/th><td><a href=\"https:\/\/damicoline.com\/de\/shop\/?vx_brand=PIAGGIO&#038;vx_model=PORTER%20Pianale%20piatto%201.4%20D%20(1998-2005)&#038;vx_engine=LDW1404\/P&#038;vx_years=1998-2005\">\ud83d\ude9a PIAGGIO PORTER Pianale piatto 1.4 D (1998-2005) LDW1404\/P (1998-2005) - ZAPS&#56;&#53;&#48;&#48;&#48;&#48;&#48;&#52;, ZAPS&#56;&#53;&#48;&#48;&#48;&#48;&#48;&#55;, ZAPS85V00004, ZAPS85V00007<\/a><\/td><\/tr><tr><th>Fahrzeugmodell \u2013 Rahmenpr\u00e4fix:<\/th><td><a href=\"https:\/\/damicoline.com\/de\/shop\/?vx_brand=PIAGGIO&#038;vx_model=QUARGO%20702%20Diesel%20(2004-2006)&#038;vx_engine=LDW702\/P&#038;vx_years=2004-2006\">\ud83d\ude9a PIAGGIO QUARGO 702 Diesel (2004-2006) LDW702\/P (2004-2006) - ZAPP10000<\/a><\/td><\/tr><tr><th>Fahrzeugmodell \u2013 Rahmenpr\u00e4fix:<\/th><td><a href=\"https:\/\/damicoline.com\/de\/shop\/?vx_brand=PIAGGIO&#038;vx_model=QUARGO%20702%20Diesel%20(2007-2017)&#038;vx_engine=LDW702\/P&#038;vx_years=2007-2017\">\ud83d\ude9a PIAGGIO QUARGO 702 Diesel (2007-2017) LDW702\/P (2007-2017) - ZAP4P10000<\/a><\/td><\/tr><\/tbody><\/table><\/div><\/section><\/section>\n","protected":false},"excerpt":{"rendered":"<p>K\u00fchlfl\u00fcssigkeitsthermostat f\u00fcr Piaggio Quargo und Porter Diesel Thermostat f\u00fcr K\u00fchlfl\u00fcssigkeit kompatibel mit Piaggio Quargo und Piaggio Porter Diesel. Regelt korrekt die Motortemperatur, f\u00f6rdert ein schnelles Aufheizen bei K\u00e4lte und h\u00e4lt optimale Werte w\u00e4hrend des Betriebs. Ein grundlegender Bestandteil des K\u00fchlsystems, hilft \u00dcberhitzungen oder zu niedrige Temperaturen zu verhindern, verbessert die Zuverl\u00e4ssigkeit, den Verbrauch und die<\/p>\n<div class=\"klb-readmore button\"><a class=\"btn link\" href=\"https:\/\/damicoline.com\/de\/produkt\/kuhlflussigkeitsthermostat-fur-piaggio-quargo-und-porter-diesel\/\">Read More <i class=\"klbth-icon-right-arrow\"><\/i><\/a><\/div>\n","protected":false},"featured_media":16131,"template":"","meta":{"_sitemap_exclude":false,"_sitemap_priority":"","_sitemap_frequency":""},"product_brand":[2670],"product_cat":[403,1404],"product_tag":[3692],"class_list":{"0":"post-16146","1":"product","2":"type-product","3":"status-publish","4":"has-post-thumbnail","6":"product_brand-aftermarket","7":"product_cat-kuhlsystem","8":"product_cat-thermostat-de","9":"product_tag-3692","11":"first","12":"outofstock","13":"sale","14":"taxable","15":"shipping-taxable","16":"purchasable","17":"product-type-simple"},"_links":{"self":[{"href":"https:\/\/damicoline.com\/de\/wp-json\/wp\/v2\/product\/16146","targetHints":{"allow":["GET"]}}],"collection":[{"href":"https:\/\/damicoline.com\/de\/wp-json\/wp\/v2\/product"}],"about":[{"href":"https:\/\/damicoline.com\/de\/wp-json\/wp\/v2\/types\/product"}],"wp:featuredmedia":[{"embeddable":true,"href":"https:\/\/damicoline.com\/de\/wp-json\/wp\/v2\/media\/16131"}],"wp:attachment":[{"href":"https:\/\/damicoline.com\/de\/wp-json\/wp\/v2\/media?parent=16146"}],"wp:term":[{"taxonomy":"product_brand","embeddable":true,"href":"https:\/\/damicoline.com\/de\/wp-json\/wp\/v2\/product_brand?post=16146"},{"taxonomy":"product_cat","embeddable":true,"href":"https:\/\/damicoline.com\/de\/wp-json\/wp\/v2\/product_cat?post=16146"},{"taxonomy":"product_tag","embeddable":true,"href":"https:\/\/damicoline.com\/de\/wp-json\/wp\/v2\/product_tag?post=16146"}],"curies":[{"name":"wp","href":"https:\/\/api.w.org\/{rel}","templated":true}]}}