{"id":16224,"date":"2026-02-02T14:43:15","date_gmt":"2026-02-02T13:43:15","guid":{"rendered":"https:\/\/damicoline.com\/prodotto\/vite-bullone-interno-giunto-semiasse-piaggio-quargo\/"},"modified":"2026-02-02T15:39:01","modified_gmt":"2026-02-02T14:39:01","slug":"innensechskantschraube-fur-antriebswellenverbindung-piaggio-quargo","status":"publish","type":"product","link":"https:\/\/damicoline.com\/de\/produkt\/innensechskantschraube-fur-antriebswellenverbindung-piaggio-quargo\/","title":{"rendered":"Innensechskantschraube f\u00fcr Antriebswellenverbindung Piaggio Quargo"},"content":{"rendered":"<p><strong>Innensechskantschraube f\u00fcr Antriebswellenverbindung Piaggio Quargo<\/strong><\/p>\n<p>Innensechskantschraube f\u00fcr <strong>Antriebswellenverbindung<\/strong> kompatibel mit <strong>Piaggio Quargo<\/strong>. Wesentliches Bauteil f\u00fcr die korrekte Befestigung der Verbindung an der Antriebswelle, gew\u00e4hrleistet sicheren Halt, Stabilit\u00e4t der \u00dcbertragung und zuverl\u00e4ssige Funktion im Laufe der Zeit.<\/p>\n<p>Hergestellt aus hochfestem Stahl, ist sie daf\u00fcr ausgelegt, hohen Belastungen standzuhalten und Lockerungen oder Spiel zu verhindern. Empfohlenes Ersatzteil bei der \u00dcberholung oder dem Austausch der Antriebswelle.<\/p>\n<div class=\"text-sm text-gray-800 font-medium mb-2\"><div class=\"text-sm text-gray-800 font-medium mb-2\"><strong>Referenzcodes:<\/strong> B007665<\/div><\/div>\n<div class=\"oem-box mb-4\">\t\t\t\t<div class=\"oem-box mb-4\">\n\t\t\t\t\t<p class=\"text-sm text-gray-800 font-medium mb-2\">Typ: <strong>Original Piaggio<\/strong><\/p>\n\t\t\t\t\t<p class=\"text-sm text-gray-700 mb-1\">Originalteil von Piaggio, f\u00fcr korrekte Passform und Leistung entwickelt.<\/p>\n\t\t\t\t\t<p class=\"text-xs text-gray-500 mt-2\">*Marken geh\u00f6ren den jeweiligen Inhabern.<\/p>\n\t\t\t\t<\/div>\n\t\t\t<\/div>\n<section class=\"compatibility-block mb-4\"><section class=\"compatibility-block mb-4\"><div class=\"product-extra-details hide-below-992\"><table class=\"woocommerce-product-attributes\"><tbody><tr><th colspan=\"2\"><span class=\"text-sm font-medium mb-2\">Kompatibel mit:<\/span><\/th><\/tr><tr><th>Fahrzeugmodell \u2013 Rahmenpr\u00e4fix:<\/th><td><a href=\"https:\/\/damicoline.com\/de\/shop\/?vx_brand=PIAGGIO&#038;vx_model=QUARGO%20702%20Diesel%20(2004-2006)&#038;vx_engine=LDW702\/P&#038;vx_years=2004-2006\">\ud83d\ude9a PIAGGIO QUARGO 702 Diesel (2004-2006) LDW702\/P (2004-2006) - ZAPP10000<\/a><\/td><\/tr><tr><th>Fahrzeugmodell \u2013 Rahmenpr\u00e4fix:<\/th><td><a href=\"https:\/\/damicoline.com\/de\/shop\/?vx_brand=PIAGGIO&#038;vx_model=QUARGO%20702%20Diesel%20(2007-2017)&#038;vx_engine=LDW702\/P&#038;vx_years=2007-2017\">\ud83d\ude9a PIAGGIO QUARGO 702 Diesel (2007-2017) LDW702\/P (2007-2017) - ZAP4P10000<\/a><\/td><\/tr><\/tbody><\/table><\/div><\/section><\/section>\n","protected":false},"excerpt":{"rendered":"<p>Innensechskantschraube f\u00fcr Antriebswellenverbindung Piaggio Quargo Innensechskantschraube f\u00fcr Antriebswellenverbindung kompatibel mit Piaggio Quargo. Wesentliches Bauteil f\u00fcr die korrekte Befestigung der Verbindung an der Antriebswelle, gew\u00e4hrleistet sicheren Halt, Stabilit\u00e4t der \u00dcbertragung und zuverl\u00e4ssige Funktion im Laufe der Zeit. Hergestellt aus hochfestem Stahl, ist sie daf\u00fcr ausgelegt, hohen Belastungen standzuhalten und Lockerungen oder Spiel zu verhindern. Empfohlenes Ersatzteil<\/p>\n<div class=\"klb-readmore button\"><a class=\"btn link\" href=\"https:\/\/damicoline.com\/de\/produkt\/innensechskantschraube-fur-antriebswellenverbindung-piaggio-quargo\/\">Read More <i class=\"klbth-icon-right-arrow\"><\/i><\/a><\/div>\n","protected":false},"featured_media":16219,"template":"","meta":{"_sitemap_exclude":false,"_sitemap_priority":"","_sitemap_frequency":""},"product_brand":[2672],"product_cat":[1421,1420],"product_tag":[3698],"class_list":{"0":"post-16224","1":"product","2":"type-product","3":"status-publish","4":"has-post-thumbnail","6":"product_brand-piaggio","7":"product_cat-semiasse","8":"product_cat-trasmissione-posteriore","9":"product_tag-b007665","11":"first","12":"instock","13":"sale","14":"taxable","15":"shipping-taxable","16":"purchasable","17":"product-type-simple"},"_links":{"self":[{"href":"https:\/\/damicoline.com\/de\/wp-json\/wp\/v2\/product\/16224","targetHints":{"allow":["GET"]}}],"collection":[{"href":"https:\/\/damicoline.com\/de\/wp-json\/wp\/v2\/product"}],"about":[{"href":"https:\/\/damicoline.com\/de\/wp-json\/wp\/v2\/types\/product"}],"wp:featuredmedia":[{"embeddable":true,"href":"https:\/\/damicoline.com\/de\/wp-json\/wp\/v2\/media\/16219"}],"wp:attachment":[{"href":"https:\/\/damicoline.com\/de\/wp-json\/wp\/v2\/media?parent=16224"}],"wp:term":[{"taxonomy":"product_brand","embeddable":true,"href":"https:\/\/damicoline.com\/de\/wp-json\/wp\/v2\/product_brand?post=16224"},{"taxonomy":"product_cat","embeddable":true,"href":"https:\/\/damicoline.com\/de\/wp-json\/wp\/v2\/product_cat?post=16224"},{"taxonomy":"product_tag","embeddable":true,"href":"https:\/\/damicoline.com\/de\/wp-json\/wp\/v2\/product_tag?post=16224"}],"curies":[{"name":"wp","href":"https:\/\/api.w.org\/{rel}","templated":true}]}}