{"id":16236,"date":"2026-02-02T14:45:02","date_gmt":"2026-02-02T13:45:02","guid":{"rendered":"https:\/\/damicoline.com\/prodotto\/guarnizione-collettore-aspirazione-piaggio-quargo\/"},"modified":"2026-02-02T15:46:45","modified_gmt":"2026-02-02T14:46:45","slug":"ansaugkrummerdichtung-fur-piaggio-quargo","status":"publish","type":"product","link":"https:\/\/damicoline.com\/de\/produkt\/ansaugkrummerdichtung-fur-piaggio-quargo\/","title":{"rendered":"Ansaugkr\u00fcmmerdichtung f\u00fcr Piaggio Quargo"},"content":{"rendered":"<p><strong>Ansaugkr\u00fcmmerdichtung f\u00fcr Piaggio Quargo<\/strong><\/p>\n<p>Dichtung f\u00fcr <strong>Ansaugkr\u00fcmmer<\/strong> kompatibel mit <strong>Piaggio Quargo<\/strong>. Wesentliches Bauteil, um die perfekte Abdichtung zwischen Kr\u00fcmmer und Motor zu gew\u00e4hrleisten, Luftlecks zu vermeiden und eine korrekte Versorgung sicherzustellen.<\/p>\n<p>Hergestellt aus materialbest\u00e4ndig gegen hohe Temperaturen und Belastungen, tr\u00e4gt sie dazu bei, die optimalen Motorleistungen zu erhalten, Betriebsunregelm\u00e4\u00dfigkeiten und Verluste zu reduzieren. Empfohlenes Ersatzteil bei Wartungsarbeiten oder Demontage des Kr\u00fcmmers.<\/p>\n<div class=\"text-sm text-gray-800 font-medium mb-2\"><div class=\"text-sm text-gray-800 font-medium mb-2\"><strong>Referenzcodes:<\/strong> 850036<\/div><\/div>\n<div class=\"oem-box mb-4\">\t\t\t\t<div class=\"oem-box mb-4\">\n\t\t\t\t\t<p class=\"text-sm text-gray-800 font-medium mb-2\">Typ: <strong>Original Piaggio<\/strong><\/p>\n\t\t\t\t\t<p class=\"text-sm text-gray-700 mb-1\">Originalteil von Piaggio, f\u00fcr korrekte Passform und Leistung entwickelt.<\/p>\n\t\t\t\t\t<p class=\"text-xs text-gray-500 mt-2\">*Marken geh\u00f6ren den jeweiligen Inhabern.<\/p>\n\t\t\t\t<\/div>\n\t\t\t<\/div>\n<section class=\"compatibility-block mb-4\"><section class=\"compatibility-block mb-4\"><div class=\"product-extra-details hide-below-992\"><table class=\"woocommerce-product-attributes\"><tbody><tr><th colspan=\"2\"><span class=\"text-sm font-medium mb-2\">Kompatibel mit:<\/span><\/th><\/tr><tr><th>Fahrzeugmodell \u2013 Rahmenpr\u00e4fix:<\/th><td><a href=\"https:\/\/damicoline.com\/de\/shop\/?vx_brand=PIAGGIO&#038;vx_model=QUARGO%20702%20Diesel%20(2004-2006)&#038;vx_engine=LDW702\/P&#038;vx_years=2004-2006\">\ud83d\ude9a PIAGGIO QUARGO 702 Diesel (2004-2006) LDW702\/P (2004-2006) - ZAPP10000<\/a><\/td><\/tr><tr><th>Fahrzeugmodell \u2013 Rahmenpr\u00e4fix:<\/th><td><a href=\"https:\/\/damicoline.com\/de\/shop\/?vx_brand=PIAGGIO&#038;vx_model=QUARGO%20702%20Diesel%20(2007-2017)&#038;vx_engine=LDW702\/P&#038;vx_years=2007-2017\">\ud83d\ude9a PIAGGIO QUARGO 702 Diesel (2007-2017) LDW702\/P (2007-2017) - ZAP4P10000<\/a><\/td><\/tr><\/tbody><\/table><\/div><\/section><\/section>\n","protected":false},"excerpt":{"rendered":"<p>Ansaugkr\u00fcmmerdichtung f\u00fcr Piaggio Quargo Dichtung f\u00fcr Ansaugkr\u00fcmmer kompatibel mit Piaggio Quargo. Wesentliches Bauteil, um die perfekte Abdichtung zwischen Kr\u00fcmmer und Motor zu gew\u00e4hrleisten, Luftlecks zu vermeiden und eine korrekte Versorgung sicherzustellen. Hergestellt aus materialbest\u00e4ndig gegen hohe Temperaturen und Belastungen, tr\u00e4gt sie dazu bei, die optimalen Motorleistungen zu erhalten, Betriebsunregelm\u00e4\u00dfigkeiten und Verluste zu reduzieren. Empfohlenes Ersatzteil<\/p>\n<div class=\"klb-readmore button\"><a class=\"btn link\" href=\"https:\/\/damicoline.com\/de\/produkt\/ansaugkrummerdichtung-fur-piaggio-quargo\/\">Read More <i class=\"klbth-icon-right-arrow\"><\/i><\/a><\/div>\n","protected":false},"featured_media":16231,"template":"","meta":{"_sitemap_exclude":false,"_sitemap_priority":"","_sitemap_frequency":""},"product_brand":[2672],"product_cat":[1078,64],"product_tag":[3699],"class_list":{"0":"post-16236","1":"product","2":"type-product","3":"status-publish","4":"has-post-thumbnail","6":"product_brand-piaggio","7":"product_cat-guarnizioni-motore","8":"product_cat-parti-del-motore","9":"product_tag-3699","11":"first","12":"instock","13":"sale","14":"taxable","15":"shipping-taxable","16":"purchasable","17":"product-type-simple"},"_links":{"self":[{"href":"https:\/\/damicoline.com\/de\/wp-json\/wp\/v2\/product\/16236","targetHints":{"allow":["GET"]}}],"collection":[{"href":"https:\/\/damicoline.com\/de\/wp-json\/wp\/v2\/product"}],"about":[{"href":"https:\/\/damicoline.com\/de\/wp-json\/wp\/v2\/types\/product"}],"wp:featuredmedia":[{"embeddable":true,"href":"https:\/\/damicoline.com\/de\/wp-json\/wp\/v2\/media\/16231"}],"wp:attachment":[{"href":"https:\/\/damicoline.com\/de\/wp-json\/wp\/v2\/media?parent=16236"}],"wp:term":[{"taxonomy":"product_brand","embeddable":true,"href":"https:\/\/damicoline.com\/de\/wp-json\/wp\/v2\/product_brand?post=16236"},{"taxonomy":"product_cat","embeddable":true,"href":"https:\/\/damicoline.com\/de\/wp-json\/wp\/v2\/product_cat?post=16236"},{"taxonomy":"product_tag","embeddable":true,"href":"https:\/\/damicoline.com\/de\/wp-json\/wp\/v2\/product_tag?post=16236"}],"curies":[{"name":"wp","href":"https:\/\/api.w.org\/{rel}","templated":true}]}}