{"id":16264,"date":"2026-02-02T16:18:03","date_gmt":"2026-02-02T15:18:03","guid":{"rendered":"https:\/\/damicoline.com\/prodotto\/guarnizione-depressore-freni-piaggio-quargo-porter-diesel\/"},"modified":"2026-02-02T16:41:21","modified_gmt":"2026-02-02T15:41:21","slug":"bremssaugerdichtung-fur-piaggio-quargo-und-porter-diesel","status":"publish","type":"product","link":"https:\/\/damicoline.com\/de\/produkt\/bremssaugerdichtung-fur-piaggio-quargo-und-porter-diesel\/","title":{"rendered":"Bremssaugerdichtung f\u00fcr Piaggio Quargo und Porter Diesel"},"content":{"rendered":"<p><strong>Bremssaugerdichtung f\u00fcr Piaggio Quargo und Porter Diesel<\/strong><\/p>\n<p>Dichtung f\u00fcr <strong>Bremssauger<\/strong> kompatibel mit <strong>Piaggio Quargo<\/strong> und <strong>Piaggio Porter Diesel<\/strong>. Wesentliches Bauteil zur Gew\u00e4hrleistung der korrekten Abdichtung des Unterdruckkreislaufs und des optimalen Betriebs des Bremskraftverst\u00e4rkers.<\/p>\n<p>Verhindert Vakuumverluste, Bremskraftunterst\u00fctzungsausf\u00e4lle und Lufteintritt, was zu einer sicheren und gleichm\u00e4\u00dfigen Bremsleistung beitr\u00e4gt. Qualit\u00e4tsersatzteil, ideal bei Austausch oder \u00dcberholung des Bremssaugers.<\/p>\n<div class=\"text-sm text-gray-800 font-medium mb-2\"><div class=\"text-sm text-gray-800 font-medium mb-2\"><strong>Referenzcodes:<\/strong> 493112<\/div><\/div>\n<div class=\"oem-box mb-4\">\t\t\t\t<div class=\"oem-box mb-4\">\n\t\t\t\t\t<p class=\"text-sm text-gray-800 font-medium mb-2\">Typ: <strong>Original Piaggio<\/strong><\/p>\n\t\t\t\t\t<p class=\"text-sm text-gray-700 mb-1\">Originalteil von Piaggio, f\u00fcr korrekte Passform und Leistung entwickelt.<\/p>\n\t\t\t\t\t<p class=\"text-xs text-gray-500 mt-2\">*Marken geh\u00f6ren den jeweiligen Inhabern.<\/p>\n\t\t\t\t<\/div>\n\t\t\t<\/div>\n<section class=\"compatibility-block mb-4\"><section class=\"compatibility-block mb-4\"><div class=\"product-extra-details hide-below-992\"><table class=\"woocommerce-product-attributes\"><tbody><tr><th colspan=\"2\"><span class=\"text-sm font-medium mb-2\">Kompatibel mit:<\/span><\/th><\/tr><tr><th>Fahrzeugmodell \u2013 Rahmenpr\u00e4fix:<\/th><td><a href=\"https:\/\/damicoline.com\/de\/shop\/?vx_brand=PIAGGIO&#038;vx_model=PORTER%20Pianale%20piatto%201.4%20D%20(1998-2005)&#038;vx_engine=LDW1404\/P&#038;vx_years=1998-2005\">\ud83d\ude9a PIAGGIO PORTER Pianale piatto 1.4 D (1998-2005) LDW1404\/P (1998-2005) - ZAPS&#56;&#53;&#48;&#48;&#48;&#48;&#48;&#52;, ZAPS&#56;&#53;&#48;&#48;&#48;&#48;&#48;&#55;, ZAPS85V00004, ZAPS85V00007<\/a><\/td><\/tr><tr><th>Fahrzeugmodell \u2013 Rahmenpr\u00e4fix:<\/th><td><a href=\"https:\/\/damicoline.com\/de\/shop\/?vx_brand=PIAGGIO&#038;vx_model=QUARGO%20702%20Diesel%20(2004-2006)&#038;vx_engine=LDW702\/P&#038;vx_years=2004-2006\">\ud83d\ude9a PIAGGIO QUARGO 702 Diesel (2004-2006) LDW702\/P (2004-2006) - ZAPP10000<\/a><\/td><\/tr><tr><th>Fahrzeugmodell \u2013 Rahmenpr\u00e4fix:<\/th><td><a href=\"https:\/\/damicoline.com\/de\/shop\/?vx_brand=PIAGGIO&#038;vx_model=QUARGO%20702%20Diesel%20(2007-2017)&#038;vx_engine=LDW702\/P&#038;vx_years=2007-2017\">\ud83d\ude9a PIAGGIO QUARGO 702 Diesel (2007-2017) LDW702\/P (2007-2017) - ZAP4P10000<\/a><\/td><\/tr><\/tbody><\/table><\/div><\/section><\/section>\n","protected":false},"excerpt":{"rendered":"<p>Bremssaugerdichtung f\u00fcr Piaggio Quargo und Porter Diesel Dichtung f\u00fcr Bremssauger kompatibel mit Piaggio Quargo und Piaggio Porter Diesel. Wesentliches Bauteil zur Gew\u00e4hrleistung der korrekten Abdichtung des Unterdruckkreislaufs und des optimalen Betriebs des Bremskraftverst\u00e4rkers. Verhindert Vakuumverluste, Bremskraftunterst\u00fctzungsausf\u00e4lle und Lufteintritt, was zu einer sicheren und gleichm\u00e4\u00dfigen Bremsleistung beitr\u00e4gt. Qualit\u00e4tsersatzteil, ideal bei Austausch oder \u00dcberholung des Bremssaugers.<\/p>\n","protected":false},"featured_media":16259,"template":"","meta":{"_sitemap_exclude":false,"_sitemap_priority":"","_sitemap_frequency":""},"product_brand":[2672],"product_cat":[1078,64],"product_tag":[3722],"class_list":{"0":"post-16264","1":"product","2":"type-product","3":"status-publish","4":"has-post-thumbnail","6":"product_brand-piaggio","7":"product_cat-guarnizioni-motore","8":"product_cat-parti-del-motore","9":"product_tag-3722","11":"first","12":"instock","13":"sale","14":"taxable","15":"shipping-taxable","16":"purchasable","17":"product-type-simple"},"_links":{"self":[{"href":"https:\/\/damicoline.com\/de\/wp-json\/wp\/v2\/product\/16264","targetHints":{"allow":["GET"]}}],"collection":[{"href":"https:\/\/damicoline.com\/de\/wp-json\/wp\/v2\/product"}],"about":[{"href":"https:\/\/damicoline.com\/de\/wp-json\/wp\/v2\/types\/product"}],"wp:featuredmedia":[{"embeddable":true,"href":"https:\/\/damicoline.com\/de\/wp-json\/wp\/v2\/media\/16259"}],"wp:attachment":[{"href":"https:\/\/damicoline.com\/de\/wp-json\/wp\/v2\/media?parent=16264"}],"wp:term":[{"taxonomy":"product_brand","embeddable":true,"href":"https:\/\/damicoline.com\/de\/wp-json\/wp\/v2\/product_brand?post=16264"},{"taxonomy":"product_cat","embeddable":true,"href":"https:\/\/damicoline.com\/de\/wp-json\/wp\/v2\/product_cat?post=16264"},{"taxonomy":"product_tag","embeddable":true,"href":"https:\/\/damicoline.com\/de\/wp-json\/wp\/v2\/product_tag?post=16264"}],"curies":[{"name":"wp","href":"https:\/\/api.w.org\/{rel}","templated":true}]}}