{"id":16275,"date":"2026-02-02T16:18:04","date_gmt":"2026-02-02T15:18:04","guid":{"rendered":"https:\/\/damicoline.com\/prodotto\/guarnizione-flangia-depressore-freni-piaggio-quargo\/"},"modified":"2026-02-02T16:46:05","modified_gmt":"2026-02-02T15:46:05","slug":"dichtungsflansch-bremskraftverstarker-fur-piaggio-quargo","status":"publish","type":"product","link":"https:\/\/damicoline.com\/de\/produkt\/dichtungsflansch-bremskraftverstarker-fur-piaggio-quargo\/","title":{"rendered":"Dichtungsflansch Bremskraftverst\u00e4rker f\u00fcr Piaggio Quargo"},"content":{"rendered":"<p><strong>Dichtungsflansch Bremskraftverst\u00e4rker f\u00fcr Piaggio Quargo<\/strong><\/p>\n<p>Dichtung f\u00fcr <strong>Flansch Bremskraftverst\u00e4rker<\/strong> kompatibel mit <strong>Piaggio Quargo<\/strong>. Gew\u00e4hrleistet die korrekte Abdichtung zwischen Flansch und Verst\u00e4rker, verhindert Vakuumverluste und sichert die optimale Funktion des Bremsassistenzsystems.<\/p>\n<p>Wichtiges Ersatzteil bei Wartungsarbeiten oder beim Austausch des Bremskraftverst\u00e4rkers. Verhindert Lufteintritt und Vakuumverlust, die die Bremsleistung beeintr\u00e4chtigen k\u00f6nnen. Qualit\u00e4tsprodukt, zuverl\u00e4ssig und langlebig.<\/p>\n<div class=\"text-sm text-gray-800 font-medium mb-2\"><div class=\"text-sm text-gray-800 font-medium mb-2\"><strong>Referenzcodes:<\/strong> 850037<\/div><\/div>\n<div class=\"oem-box mb-4\">\t\t\t\t<div class=\"oem-box mb-4\">\n\t\t\t\t\t<p class=\"text-sm text-gray-800 font-medium mb-2\">Typ: <strong>Original Piaggio<\/strong><\/p>\n\t\t\t\t\t<p class=\"text-sm text-gray-700 mb-1\">Originalteil von Piaggio, f\u00fcr korrekte Passform und Leistung entwickelt.<\/p>\n\t\t\t\t\t<p class=\"text-xs text-gray-500 mt-2\">*Marken geh\u00f6ren den jeweiligen Inhabern.<\/p>\n\t\t\t\t<\/div>\n\t\t\t<\/div>\n<section class=\"compatibility-block mb-4\"><section class=\"compatibility-block mb-4\"><div class=\"product-extra-details hide-below-992\"><table class=\"woocommerce-product-attributes\"><tbody><tr><th colspan=\"2\"><span class=\"text-sm font-medium mb-2\">Kompatibel mit:<\/span><\/th><\/tr><tr><th>Fahrzeugmodell \u2013 Rahmenpr\u00e4fix:<\/th><td><a href=\"https:\/\/damicoline.com\/de\/shop\/?vx_brand=PIAGGIO&#038;vx_model=QUARGO%20702%20Diesel%20(2004-2006)&#038;vx_engine=LDW702\/P&#038;vx_years=2004-2006\">\ud83d\ude9a PIAGGIO QUARGO 702 Diesel (2004-2006) LDW702\/P (2004-2006) - ZAPP10000<\/a><\/td><\/tr><tr><th>Fahrzeugmodell \u2013 Rahmenpr\u00e4fix:<\/th><td><a href=\"https:\/\/damicoline.com\/de\/shop\/?vx_brand=PIAGGIO&#038;vx_model=QUARGO%20702%20Diesel%20(2007-2017)&#038;vx_engine=LDW702\/P&#038;vx_years=2007-2017\">\ud83d\ude9a PIAGGIO QUARGO 702 Diesel (2007-2017) LDW702\/P (2007-2017) - ZAP4P10000<\/a><\/td><\/tr><\/tbody><\/table><\/div><\/section><\/section>\n","protected":false},"excerpt":{"rendered":"<p>Dichtungsflansch Bremskraftverst\u00e4rker f\u00fcr Piaggio Quargo Dichtung f\u00fcr Flansch Bremskraftverst\u00e4rker kompatibel mit Piaggio Quargo. Gew\u00e4hrleistet die korrekte Abdichtung zwischen Flansch und Verst\u00e4rker, verhindert Vakuumverluste und sichert die optimale Funktion des Bremsassistenzsystems. Wichtiges Ersatzteil bei Wartungsarbeiten oder beim Austausch des Bremskraftverst\u00e4rkers. Verhindert Lufteintritt und Vakuumverlust, die die Bremsleistung beeintr\u00e4chtigen k\u00f6nnen. Qualit\u00e4tsprodukt, zuverl\u00e4ssig und langlebig.<\/p>\n","protected":false},"featured_media":16270,"template":"","meta":{"_sitemap_exclude":false,"_sitemap_priority":"","_sitemap_frequency":""},"product_brand":[2672],"product_cat":[1078,64],"product_tag":[3723],"class_list":{"0":"post-16275","1":"product","2":"type-product","3":"status-publish","4":"has-post-thumbnail","6":"product_brand-piaggio","7":"product_cat-guarnizioni-motore","8":"product_cat-parti-del-motore","9":"product_tag-3723","11":"first","12":"instock","13":"sale","14":"taxable","15":"shipping-taxable","16":"purchasable","17":"product-type-simple"},"_links":{"self":[{"href":"https:\/\/damicoline.com\/de\/wp-json\/wp\/v2\/product\/16275","targetHints":{"allow":["GET"]}}],"collection":[{"href":"https:\/\/damicoline.com\/de\/wp-json\/wp\/v2\/product"}],"about":[{"href":"https:\/\/damicoline.com\/de\/wp-json\/wp\/v2\/types\/product"}],"wp:featuredmedia":[{"embeddable":true,"href":"https:\/\/damicoline.com\/de\/wp-json\/wp\/v2\/media\/16270"}],"wp:attachment":[{"href":"https:\/\/damicoline.com\/de\/wp-json\/wp\/v2\/media?parent=16275"}],"wp:term":[{"taxonomy":"product_brand","embeddable":true,"href":"https:\/\/damicoline.com\/de\/wp-json\/wp\/v2\/product_brand?post=16275"},{"taxonomy":"product_cat","embeddable":true,"href":"https:\/\/damicoline.com\/de\/wp-json\/wp\/v2\/product_cat?post=16275"},{"taxonomy":"product_tag","embeddable":true,"href":"https:\/\/damicoline.com\/de\/wp-json\/wp\/v2\/product_tag?post=16275"}],"curies":[{"name":"wp","href":"https:\/\/api.w.org\/{rel}","templated":true}]}}