{"id":16286,"date":"2026-02-02T16:32:25","date_gmt":"2026-02-02T15:32:25","guid":{"rendered":"https:\/\/damicoline.com\/prodotto\/tubo-mandata-radiatore-piaggio-quargo\/"},"modified":"2026-02-02T17:24:10","modified_gmt":"2026-02-02T16:24:10","slug":"kuhlerzufuhrschlauch-fur-piaggio-quargo","status":"publish","type":"product","link":"https:\/\/damicoline.com\/de\/produkt\/kuhlerzufuhrschlauch-fur-piaggio-quargo\/","title":{"rendered":"K\u00fchlerzufuhrschlauch f\u00fcr Piaggio Quargo"},"content":{"rendered":"<p><strong>K\u00fchlerzufuhrschlauch f\u00fcr Piaggio Quargo<\/strong><\/p>\n<p>K\u00fchlerzufuhrschlauch kompatibel mit <strong>Piaggio Quargo<\/strong>, identifiziert als <strong>Teil Nr. 18<\/strong> im K\u00fchlsystemschema. Leitet das K\u00fchlmittel vom Motor zum K\u00fchler und gew\u00e4hrleistet die korrekte K\u00fchlung des Systems.<\/p>\n<p>Wesentliches Bauteil zur Aufrechterhaltung korrekter Betriebstemperaturen, verhindert \u00dcberhitzung und Effizienzverluste. Qualit\u00e4tsersatzteil, entwickelt f\u00fcr Dichtigkeit, Zuverl\u00e4ssigkeit und Langlebigkeit.<\/p>\n<div class=\"text-sm text-gray-800 font-medium mb-2\"><div class=\"text-sm text-gray-800 font-medium mb-2\"><strong>Referenzcodes:<\/strong> 613712<\/div><\/div>\n<div class=\"oem-box mb-4\">\t\t\t\t<div class=\"oem-box mb-4\">\n\t\t\t\t\t<p class=\"text-sm text-gray-800 font-medium mb-2\">Typ: <strong>Original Piaggio<\/strong><\/p>\n\t\t\t\t\t<p class=\"text-sm text-gray-700 mb-1\">Originalteil von Piaggio, f\u00fcr korrekte Passform und Leistung entwickelt.<\/p>\n\t\t\t\t\t<p class=\"text-xs text-gray-500 mt-2\">*Marken geh\u00f6ren den jeweiligen Inhabern.<\/p>\n\t\t\t\t<\/div>\n\t\t\t<\/div>\n<section class=\"compatibility-block mb-4\"><section class=\"compatibility-block mb-4\"><div class=\"product-extra-details hide-below-992\"><table class=\"woocommerce-product-attributes\"><tbody><tr><th colspan=\"2\"><span class=\"text-sm font-medium mb-2\">Kompatibel mit:<\/span><\/th><\/tr><tr><th>Fahrzeugmodell \u2013 Rahmenpr\u00e4fix:<\/th><td><a href=\"https:\/\/damicoline.com\/de\/shop\/?vx_brand=PIAGGIO&#038;vx_model=QUARGO%20702%20Diesel%20(2004-2006)&#038;vx_engine=LDW702\/P&#038;vx_years=2004-2006\">\ud83d\ude9a PIAGGIO QUARGO 702 Diesel (2004-2006) LDW702\/P (2004-2006) - ZAPP10000<\/a><\/td><\/tr><tr><th>Fahrzeugmodell \u2013 Rahmenpr\u00e4fix:<\/th><td><a href=\"https:\/\/damicoline.com\/de\/shop\/?vx_brand=PIAGGIO&#038;vx_model=QUARGO%20702%20Diesel%20(2007-2017)&#038;vx_engine=LDW702\/P&#038;vx_years=2007-2017\">\ud83d\ude9a PIAGGIO QUARGO 702 Diesel (2007-2017) LDW702\/P (2007-2017) - ZAP4P10000<\/a><\/td><\/tr><\/tbody><\/table><\/div><\/section><\/section>\n","protected":false},"excerpt":{"rendered":"<p>K\u00fchlerzufuhrschlauch f\u00fcr Piaggio Quargo K\u00fchlerzufuhrschlauch kompatibel mit Piaggio Quargo, identifiziert als Teil Nr. 18 im K\u00fchlsystemschema. Leitet das K\u00fchlmittel vom Motor zum K\u00fchler und gew\u00e4hrleistet die korrekte K\u00fchlung des Systems. Wesentliches Bauteil zur Aufrechterhaltung korrekter Betriebstemperaturen, verhindert \u00dcberhitzung und Effizienzverluste. Qualit\u00e4tsersatzteil, entwickelt f\u00fcr Dichtigkeit, Zuverl\u00e4ssigkeit und Langlebigkeit.<\/p>\n","protected":false},"featured_media":16281,"template":"","meta":{"_sitemap_exclude":false,"_sitemap_priority":"","_sitemap_frequency":""},"product_brand":[2672],"product_cat":[119,3384],"product_tag":[3724],"class_list":{"0":"post-16286","1":"product","2":"type-product","3":"status-publish","4":"has-post-thumbnail","6":"product_brand-piaggio","7":"product_cat-impianto-di-raffreddamento","8":"product_cat-tubi-e-manicotti","9":"product_tag-3724","11":"first","12":"instock","13":"sale","14":"taxable","15":"shipping-taxable","16":"purchasable","17":"product-type-simple"},"_links":{"self":[{"href":"https:\/\/damicoline.com\/de\/wp-json\/wp\/v2\/product\/16286","targetHints":{"allow":["GET"]}}],"collection":[{"href":"https:\/\/damicoline.com\/de\/wp-json\/wp\/v2\/product"}],"about":[{"href":"https:\/\/damicoline.com\/de\/wp-json\/wp\/v2\/types\/product"}],"wp:featuredmedia":[{"embeddable":true,"href":"https:\/\/damicoline.com\/de\/wp-json\/wp\/v2\/media\/16281"}],"wp:attachment":[{"href":"https:\/\/damicoline.com\/de\/wp-json\/wp\/v2\/media?parent=16286"}],"wp:term":[{"taxonomy":"product_brand","embeddable":true,"href":"https:\/\/damicoline.com\/de\/wp-json\/wp\/v2\/product_brand?post=16286"},{"taxonomy":"product_cat","embeddable":true,"href":"https:\/\/damicoline.com\/de\/wp-json\/wp\/v2\/product_cat?post=16286"},{"taxonomy":"product_tag","embeddable":true,"href":"https:\/\/damicoline.com\/de\/wp-json\/wp\/v2\/product_tag?post=16286"}],"curies":[{"name":"wp","href":"https:\/\/api.w.org\/{rel}","templated":true}]}}