{"id":16598,"date":"2026-02-11T13:17:54","date_gmt":"2026-02-11T12:17:54","guid":{"rendered":"https:\/\/damicoline.com\/prodotto\/serbatoio-liquido-raffreddamento-piaggio-quargo-vaso-espansione\/"},"modified":"2026-02-11T13:25:01","modified_gmt":"2026-02-11T12:25:01","slug":"kuhlflussigkeitsbehalter-piaggio-quargo-mit-deckel","status":"publish","type":"product","link":"https:\/\/damicoline.com\/de\/produkt\/kuhlflussigkeitsbehalter-piaggio-quargo-mit-deckel\/","title":{"rendered":"K\u00fchlfl\u00fcssigkeitsbeh\u00e4lter Piaggio Quargo mit Deckel"},"content":{"rendered":"<p><strong>K\u00fchlfl\u00fcssigkeitsbeh\u00e4lter f\u00fcr Piaggio Quargo<\/strong><\/p>\n<p>K\u00fchlfl\u00fcssigkeitsbeh\u00e4lter (Ausgleichsbeh\u00e4lter K\u00fchler) kompatibel mit <strong>Piaggio Quargo<\/strong>. Wesentliches Bauteil f\u00fcr das einwandfreie Funktionieren des K\u00fchlsystems, erm\u00f6glicht die Verwaltung der Ausdehnung der K\u00fchlfl\u00fcssigkeit und die Aufrechterhaltung des Drucks im Kreislauf.<\/p>\n<p>Das Produkt wird <strong>komplett mit Deckel<\/strong> geliefert, bereit f\u00fcr die Installation. Ideal bei Rissen, Lecks oder Verschlei\u00df des Originalbeh\u00e4lters.<\/p>\n<p>Qualit\u00e4tsersatzteil, hitzebest\u00e4ndig und entwickelt, um Zuverl\u00e4ssigkeit und Langlebigkeit zu gew\u00e4hrleisten.<\/p>\n<div class=\"text-sm text-gray-800 font-medium mb-2\"><div class=\"text-sm text-gray-800 font-medium mb-2\"><strong>Referenzcodes:<\/strong> 615655<\/div><\/div>\n<div class=\"oem-box mb-4\"><div class=\"oem-box mb-4\"><p class=\"text-sm text-gray-800 font-medium mb-2\">Typ: <strong>Original Piaggio<\/strong><\/p><p class=\"text-sm text-gray-700 mb-1\">Originalteil von Piaggio, f\u00fcr korrekte Passform und Leistung entwickelt.<\/p><p class=\"text-xs text-gray-500 mt-2\">Marken geh\u00f6ren den jeweiligen Inhabern.<\/p><\/div><\/div>\n<section class=\"compatibility-block mb-4\"><section class=\"compatibility-block mb-4\"><div class=\"product-extra-details hide-below-992\"><table class=\"woocommerce-product-attributes\"><tbody><tr><th colspan=\"2\"><span class=\"text-sm font-medium mb-2\">Kompatibel mit:<\/span><\/th><\/tr><tr><th>Fahrzeugmodell \u2013 Rahmenpr\u00e4fix:<\/th><td><a href=\"https:\/\/damicoline.com\/de\/shop\/?vx_brand=PIAGGIO&#038;vx_model=QUARGO%20702%20Diesel%20(2004-2006)&#038;vx_engine=LDW702\/P&#038;vx_years=2004-2006\">\ud83d\ude9a PIAGGIO QUARGO 702 Diesel (2004-2006) LDW702\/P (2004-2006) - ZAPP10000<\/a><\/td><\/tr><tr><th>Fahrzeugmodell \u2013 Rahmenpr\u00e4fix:<\/th><td><a href=\"https:\/\/damicoline.com\/de\/shop\/?vx_brand=PIAGGIO&#038;vx_model=QUARGO%20702%20Diesel%20(2007-2017)&#038;vx_engine=LDW702\/P&#038;vx_years=2007-2017\">\ud83d\ude9a PIAGGIO QUARGO 702 Diesel (2007-2017) LDW702\/P (2007-2017) - ZAP4P10000<\/a><\/td><\/tr><\/tbody><\/table><\/div><\/section><\/section>\n","protected":false},"excerpt":{"rendered":"<p>K\u00fchlfl\u00fcssigkeitsbeh\u00e4lter f\u00fcr Piaggio Quargo K\u00fchlfl\u00fcssigkeitsbeh\u00e4lter (Ausgleichsbeh\u00e4lter K\u00fchler) kompatibel mit Piaggio Quargo. Wesentliches Bauteil f\u00fcr das einwandfreie Funktionieren des K\u00fchlsystems, erm\u00f6glicht die Verwaltung der Ausdehnung der K\u00fchlfl\u00fcssigkeit und die Aufrechterhaltung des Drucks im Kreislauf. Das Produkt wird komplett mit Deckel geliefert, bereit f\u00fcr die Installation. Ideal bei Rissen, Lecks oder Verschlei\u00df des Originalbeh\u00e4lters. Qualit\u00e4tsersatzteil, hitzebest\u00e4ndig und<\/p>\n<div class=\"klb-readmore button\"><a class=\"btn link\" href=\"https:\/\/damicoline.com\/de\/produkt\/kuhlflussigkeitsbehalter-piaggio-quargo-mit-deckel\/\">Read More <i class=\"klbth-icon-right-arrow\"><\/i><\/a><\/div>\n","protected":false},"featured_media":16593,"template":"","meta":{"_sitemap_exclude":false,"_sitemap_priority":"","_sitemap_frequency":""},"product_brand":[2672],"product_cat":[3752,403],"product_tag":[3753],"class_list":{"0":"post-16598","1":"product","2":"type-product","3":"status-publish","4":"has-post-thumbnail","6":"product_brand-piaggio","7":"product_cat-flussigkeitsbehalter","8":"product_cat-kuhlsystem","9":"product_tag-3753","11":"first","12":"outofstock","13":"sale","14":"taxable","15":"shipping-taxable","16":"purchasable","17":"product-type-simple"},"_links":{"self":[{"href":"https:\/\/damicoline.com\/de\/wp-json\/wp\/v2\/product\/16598","targetHints":{"allow":["GET"]}}],"collection":[{"href":"https:\/\/damicoline.com\/de\/wp-json\/wp\/v2\/product"}],"about":[{"href":"https:\/\/damicoline.com\/de\/wp-json\/wp\/v2\/types\/product"}],"wp:featuredmedia":[{"embeddable":true,"href":"https:\/\/damicoline.com\/de\/wp-json\/wp\/v2\/media\/16593"}],"wp:attachment":[{"href":"https:\/\/damicoline.com\/de\/wp-json\/wp\/v2\/media?parent=16598"}],"wp:term":[{"taxonomy":"product_brand","embeddable":true,"href":"https:\/\/damicoline.com\/de\/wp-json\/wp\/v2\/product_brand?post=16598"},{"taxonomy":"product_cat","embeddable":true,"href":"https:\/\/damicoline.com\/de\/wp-json\/wp\/v2\/product_cat?post=16598"},{"taxonomy":"product_tag","embeddable":true,"href":"https:\/\/damicoline.com\/de\/wp-json\/wp\/v2\/product_tag?post=16598"}],"curies":[{"name":"wp","href":"https:\/\/api.w.org\/{rel}","templated":true}]}}