{"id":16833,"date":"2026-02-18T14:49:22","date_gmt":"2026-02-18T13:49:22","guid":{"rendered":"https:\/\/damicoline.com\/prodotto\/guarnizione-testata-3-fori-piaggio-quargo-ldw-702-p\/"},"modified":"2026-04-22T15:03:35","modified_gmt":"2026-04-22T13:03:35","slug":"zylinderkopfdichtung-3-locher-piaggio-quargo-ldw-702-p","status":"publish","type":"product","link":"https:\/\/damicoline.com\/de\/produkt\/zylinderkopfdichtung-3-locher-piaggio-quargo-ldw-702-p\/","title":{"rendered":"Zylinderkopfdichtung 3 L\u00f6cher Piaggio Quargo LDW-702\/P"},"content":{"rendered":"<p><strong>Zylinderkopfdichtung 3 L\u00f6cher f\u00fcr Piaggio Quargo LDW-702\/P<\/strong><\/p>\n<p>Zylinderkopfdichtung kompatibel mit <strong>Piaggio Quargo<\/strong> mit Motor <strong>LDW-702\/P<\/strong>, Version <strong>3 L\u00f6cher<\/strong>. Die richtige Wahl h\u00e4ngt von der gemessenen <strong>Kolben\u00fcberstand<\/strong> am Motor ab.<\/p>\n<p><strong>Verwenden Sie die 3-Loch-Dichtung<\/strong>, wenn der <strong>Kolben\u00fcberstand<\/strong> im Bereich von <strong>1,61 \u2013 1,69<\/strong> liegt.<\/p>\n<p>Qualit\u00e4tsersatzteil, um eine zuverl\u00e4ssige Abdichtung zwischen Zylinderkopf und Motorblock zu gew\u00e4hrleisten. <strong>\u00dcberpr\u00fcfen Sie den Kolben\u00fcberstand<\/strong> und\/oder die Anzahl der L\u00f6cher der installierten Dichtung vor dem Kauf.<\/p>\n<div class=\"text-sm text-gray-800 font-medium mb-2\"><div class=\"text-sm text-gray-800 font-medium mb-2\"><strong>Referenzcodes:<\/strong> 850041<\/div><\/div>\n<div class=\"oem-box mb-4\"><div class=\"oem-box mb-4\"><p class=\"text-sm text-gray-800 font-medium mb-2\">Typ: <strong>Original Piaggio<\/strong><\/p><p class=\"text-sm text-gray-700 mb-1\">Originalteil von Piaggio, f\u00fcr korrekte Passform und Leistung entwickelt.<\/p><p class=\"text-xs text-gray-500 mt-2\">Marken geh\u00f6ren den jeweiligen Inhabern.<\/p><\/div><\/div>\n<section class=\"compatibility-block mb-4\"><section class=\"compatibility-block mb-4\"><div class=\"product-extra-details hide-below-992\"><table class=\"woocommerce-product-attributes\"><tbody><tr><th colspan=\"2\"><span class=\"text-sm font-medium mb-2\">Kompatibel mit:<\/span><\/th><\/tr><tr><th>Fahrzeugmodell \u2013 Rahmenpr\u00e4fix:<\/th><td><a href=\"https:\/\/damicoline.com\/de\/shop\/?vx_brand=PIAGGIO&#038;vx_model=QUARGO%20702%20Diesel%20(2004-2006)&#038;vx_engine=LDW702\/P&#038;vx_years=2004-2006\">\ud83d\ude9a PIAGGIO QUARGO 702 Diesel (2004-2006) LDW702\/P (2004-2006) - ZAPP10000<\/a><\/td><\/tr><tr><th>Fahrzeugmodell \u2013 Rahmenpr\u00e4fix:<\/th><td><a href=\"https:\/\/damicoline.com\/de\/shop\/?vx_brand=PIAGGIO&#038;vx_model=QUARGO%20702%20Diesel%20(2007-2017)&#038;vx_engine=LDW702\/P&#038;vx_years=2007-2017\">\ud83d\ude9a PIAGGIO QUARGO 702 Diesel (2007-2017) LDW702\/P (2007-2017) - ZAP4P10000<\/a><\/td><\/tr><\/tbody><\/table><\/div><\/section><\/section>\n","protected":false},"excerpt":{"rendered":"<p>Zylinderkopfdichtung 3 L\u00f6cher f\u00fcr Piaggio Quargo LDW-702\/P Zylinderkopfdichtung kompatibel mit Piaggio Quargo mit Motor LDW-702\/P, Version 3 L\u00f6cher. Die richtige Wahl h\u00e4ngt von der gemessenen Kolben\u00fcberstand am Motor ab. Verwenden Sie die 3-Loch-Dichtung, wenn der Kolben\u00fcberstand im Bereich von 1,61 \u2013 1,69 liegt. Qualit\u00e4tsersatzteil, um eine zuverl\u00e4ssige Abdichtung zwischen Zylinderkopf und Motorblock zu gew\u00e4hrleisten. \u00dcberpr\u00fcfen<\/p>\n<div class=\"klb-readmore button\"><a class=\"btn link\" href=\"https:\/\/damicoline.com\/de\/produkt\/zylinderkopfdichtung-3-locher-piaggio-quargo-ldw-702-p\/\">Read More <i class=\"klbth-icon-right-arrow\"><\/i><\/a><\/div>\n","protected":false},"featured_media":16828,"template":"","meta":{"_sitemap_exclude":false,"_sitemap_priority":"","_sitemap_frequency":""},"product_brand":[2672],"product_cat":[1078,64],"product_tag":[3762],"class_list":{"0":"post-16833","1":"product","2":"type-product","3":"status-publish","4":"has-post-thumbnail","6":"product_brand-piaggio","7":"product_cat-guarnizioni-motore","8":"product_cat-parti-del-motore","9":"product_tag-3762","11":"first","12":"outofstock","13":"sale","14":"taxable","15":"shipping-taxable","16":"purchasable","17":"product-type-simple"},"_links":{"self":[{"href":"https:\/\/damicoline.com\/de\/wp-json\/wp\/v2\/product\/16833","targetHints":{"allow":["GET"]}}],"collection":[{"href":"https:\/\/damicoline.com\/de\/wp-json\/wp\/v2\/product"}],"about":[{"href":"https:\/\/damicoline.com\/de\/wp-json\/wp\/v2\/types\/product"}],"wp:featuredmedia":[{"embeddable":true,"href":"https:\/\/damicoline.com\/de\/wp-json\/wp\/v2\/media\/16828"}],"wp:attachment":[{"href":"https:\/\/damicoline.com\/de\/wp-json\/wp\/v2\/media?parent=16833"}],"wp:term":[{"taxonomy":"product_brand","embeddable":true,"href":"https:\/\/damicoline.com\/de\/wp-json\/wp\/v2\/product_brand?post=16833"},{"taxonomy":"product_cat","embeddable":true,"href":"https:\/\/damicoline.com\/de\/wp-json\/wp\/v2\/product_cat?post=16833"},{"taxonomy":"product_tag","embeddable":true,"href":"https:\/\/damicoline.com\/de\/wp-json\/wp\/v2\/product_tag?post=16833"}],"curies":[{"name":"wp","href":"https:\/\/api.w.org\/{rel}","templated":true}]}}