{"id":16857,"date":"2026-02-18T14:44:48","date_gmt":"2026-02-18T13:44:48","guid":{"rendered":"https:\/\/damicoline.com\/prodotto\/valvola-aspirazione-piaggio-quargo-ldw-702-p-porter-ldw-1404-p\/"},"modified":"2026-04-22T15:03:14","modified_gmt":"2026-04-22T13:03:14","slug":"einlassventil-piaggio-quargo-ldw-702-p-und-porter-diesel","status":"publish","type":"product","link":"https:\/\/damicoline.com\/de\/produkt\/einlassventil-piaggio-quargo-ldw-702-p-und-porter-diesel\/","title":{"rendered":"Einlassventil Piaggio Quargo LDW-702\/P und Porter Diesel"},"content":{"rendered":"<p><strong>Einlassventil f\u00fcr Piaggio Quargo LDW-702\/P und Porter Diesel LDW-1404\/P<\/strong><\/p>\n<p>Einlassventil kompatibel mit <strong>Piaggio Quargo Motor LDW-702\/P<\/strong> und <strong>Piaggio Porter Diesel Motor LDW-1404\/P<\/strong>.<\/p>\n<p>Im Piaggio Quargo ist der Motor mit <strong>4 Ventilen insgesamt<\/strong> (2 Einlass + 2 Auslass) ausgestattet.<br \/>\nIm Piaggio Porter Diesel LDW-1404\/P sind <strong>8 Ventile insgesamt<\/strong> (4 Einlass + 4 Auslass) vorhanden.<\/p>\n<p>Qualit\u00e4tsersatzteil, entwickelt, um korrekten Verschluss, optimale Dichtung und Zuverl\u00e4ssigkeit im Laufe der Zeit zu gew\u00e4hrleisten. Ideal bei Zylinderkopf\u00fcberholung oder Motorwiederherstellung.<\/p>\n<div class=\"text-sm text-gray-800 font-medium mb-2\"><div class=\"text-sm text-gray-800 font-medium mb-2\"><strong>Referenzcodes:<\/strong> 493545<\/div><\/div>\n<div class=\"oem-box mb-4\"><div class=\"oem-box mb-4\"><p class=\"text-sm text-gray-800 font-medium mb-2\">Typ: <strong>Original Piaggio<\/strong><\/p><p class=\"text-sm text-gray-700 mb-1\">Originalteil von Piaggio, f\u00fcr korrekte Passform und Leistung entwickelt.<\/p><p class=\"text-xs text-gray-500 mt-2\">Marken geh\u00f6ren den jeweiligen Inhabern.<\/p><\/div><\/div>\n<section class=\"compatibility-block mb-4\"><section class=\"compatibility-block mb-4\"><div class=\"product-extra-details hide-below-992\"><table class=\"woocommerce-product-attributes\"><tbody><tr><th colspan=\"2\"><span class=\"text-sm font-medium mb-2\">Kompatibel mit:<\/span><\/th><\/tr><tr><th>Fahrzeugmodell \u2013 Rahmenpr\u00e4fix:<\/th><td><a href=\"https:\/\/damicoline.com\/de\/shop\/?vx_brand=PIAGGIO&#038;vx_model=PORTER%20Pianale%20piatto%201.4%20D%20(1998-2005)&#038;vx_engine=LDW1404\/P&#038;vx_years=1998-2005\">\ud83d\ude9a PIAGGIO PORTER Pianale piatto 1.4 D (1998-2005) LDW1404\/P (1998-2005) - ZAPS&#56;&#53;&#48;&#48;&#48;&#48;&#48;&#52;, ZAPS&#56;&#53;&#48;&#48;&#48;&#48;&#48;&#55;, ZAPS85V00004, ZAPS85V00007<\/a><\/td><\/tr><tr><th>Fahrzeugmodell \u2013 Rahmenpr\u00e4fix:<\/th><td><a href=\"https:\/\/damicoline.com\/de\/shop\/?vx_brand=PIAGGIO&#038;vx_model=QUARGO%20702%20Diesel%20(2004-2006)&#038;vx_engine=LDW702\/P&#038;vx_years=2004-2006\">\ud83d\ude9a PIAGGIO QUARGO 702 Diesel (2004-2006) LDW702\/P (2004-2006) - ZAPP10000<\/a><\/td><\/tr><tr><th>Fahrzeugmodell \u2013 Rahmenpr\u00e4fix:<\/th><td><a href=\"https:\/\/damicoline.com\/de\/shop\/?vx_brand=PIAGGIO&#038;vx_model=QUARGO%20702%20Diesel%20(2007-2017)&#038;vx_engine=LDW702\/P&#038;vx_years=2007-2017\">\ud83d\ude9a PIAGGIO QUARGO 702 Diesel (2007-2017) LDW702\/P (2007-2017) - ZAP4P10000<\/a><\/td><\/tr><\/tbody><\/table><\/div><\/section><\/section>\n","protected":false},"excerpt":{"rendered":"<p>Einlassventil f\u00fcr Piaggio Quargo LDW-702\/P und Porter Diesel LDW-1404\/P Einlassventil kompatibel mit Piaggio Quargo Motor LDW-702\/P und Piaggio Porter Diesel Motor LDW-1404\/P. Im Piaggio Quargo ist der Motor mit 4 Ventilen insgesamt (2 Einlass + 2 Auslass) ausgestattet. Im Piaggio Porter Diesel LDW-1404\/P sind 8 Ventile insgesamt (4 Einlass + 4 Auslass) vorhanden. Qualit\u00e4tsersatzteil, entwickelt,<\/p>\n<div class=\"klb-readmore button\"><a class=\"btn link\" href=\"https:\/\/damicoline.com\/de\/produkt\/einlassventil-piaggio-quargo-ldw-702-p-und-porter-diesel\/\">Read More <i class=\"klbth-icon-right-arrow\"><\/i><\/a><\/div>\n","protected":false},"featured_media":16840,"template":"","meta":{"_sitemap_exclude":false,"_sitemap_priority":"","_sitemap_frequency":""},"product_brand":[2672],"product_cat":[64,1071],"product_tag":[3758],"class_list":{"0":"post-16857","1":"product","2":"type-product","3":"status-publish","4":"has-post-thumbnail","6":"product_brand-piaggio","7":"product_cat-parti-del-motore","8":"product_cat-testata","9":"product_tag-3758","11":"first","12":"instock","13":"sale","14":"taxable","15":"shipping-taxable","16":"purchasable","17":"product-type-simple"},"_links":{"self":[{"href":"https:\/\/damicoline.com\/de\/wp-json\/wp\/v2\/product\/16857","targetHints":{"allow":["GET"]}}],"collection":[{"href":"https:\/\/damicoline.com\/de\/wp-json\/wp\/v2\/product"}],"about":[{"href":"https:\/\/damicoline.com\/de\/wp-json\/wp\/v2\/types\/product"}],"wp:featuredmedia":[{"embeddable":true,"href":"https:\/\/damicoline.com\/de\/wp-json\/wp\/v2\/media\/16840"}],"wp:attachment":[{"href":"https:\/\/damicoline.com\/de\/wp-json\/wp\/v2\/media?parent=16857"}],"wp:term":[{"taxonomy":"product_brand","embeddable":true,"href":"https:\/\/damicoline.com\/de\/wp-json\/wp\/v2\/product_brand?post=16857"},{"taxonomy":"product_cat","embeddable":true,"href":"https:\/\/damicoline.com\/de\/wp-json\/wp\/v2\/product_cat?post=16857"},{"taxonomy":"product_tag","embeddable":true,"href":"https:\/\/damicoline.com\/de\/wp-json\/wp\/v2\/product_tag?post=16857"}],"curies":[{"name":"wp","href":"https:\/\/api.w.org\/{rel}","templated":true}]}}