{"id":5797,"date":"2025-03-06T08:05:11","date_gmt":"2025-03-06T07:05:11","guid":{"rendered":"https:\/\/damicoline.com\/product\/auspufftopf-fuer-piaggio-quargo-ldw-702\/"},"modified":"2026-04-22T14:30:04","modified_gmt":"2026-04-22T12:30:04","slug":"auspuff-schalldampfer-piaggio-quargo-ldw-702-top","status":"publish","type":"product","link":"https:\/\/damicoline.com\/de\/produkt\/auspuff-schalldampfer-piaggio-quargo-ldw-702-top\/","title":{"rendered":"Auspuff Schalld\u00e4mpfer Piaggio Quargo LDW-702 top"},"content":{"rendered":"<p><strong>Auspuff Schalld\u00e4mpfer f\u00fcr Piaggio Quargo LDW-702<\/strong><\/p>\n<div class=\"text-sm text-gray-800 font-medium mb-2\"><div class=\"text-sm text-gray-800 font-medium mb-2\"><strong>Referenzcodes:<\/strong> 850088<\/div><\/div>\n<div class=\"oem-box mb-4\"><div class=\"oem-box mb-4\"><p class=\"text-sm text-gray-800 font-medium mb-2\">Typ: <strong>Aftermarket<\/strong><\/p><p class=\"text-sm text-gray-700 mb-1\">Aftermarket-Komponente in Profiqualit\u00e4t, kompatibel mit den auf dieser Seite aufgef\u00fchrten Fahrzeugen.<\/p><p class=\"text-xs text-gray-500 mt-2\">Nicht von Piaggio hergestellt oder gebrandet. Marken geh\u00f6ren den jeweiligen Inhabern.<\/p><\/div><\/div>\n<p>Der <strong>Auspuff Schalld\u00e4mpfer f\u00fcr Piaggio Quargo LDW-702<\/strong> ist entwickelt, um die Motorger\u00e4usche effektiv zu reduzieren und die Effizienz der Abgasanlage zu verbessern. Hergestellt aus widerstandsf\u00e4higen Materialien, gew\u00e4hrleistet er eine lange Lebensdauer und perfekte Kompatibilit\u00e4t mit allen Modellen, die mit dem <strong>LDW-702<\/strong> Motor ausgestattet sind.<\/p>\n<section class=\"compatibility-block mb-4\"><section class=\"compatibility-block mb-4\"><div class=\"product-extra-details hide-below-992\"><table class=\"woocommerce-product-attributes\"><tbody><tr><th colspan=\"2\"><span class=\"text-sm font-medium mb-2\">Kompatibel mit:<\/span><\/th><\/tr><tr><th>Fahrzeugmodell \u2013 Rahmenpr\u00e4fix:<\/th><td><a href=\"https:\/\/damicoline.com\/de\/shop\/?vx_brand=PIAGGIO&#038;vx_model=QUARGO%20702%20Diesel%20(2004-2006)&#038;vx_engine=LDW702\/P&#038;vx_years=2004-2006\">\ud83d\ude9a PIAGGIO QUARGO 702 Diesel (2004-2006) LDW702\/P (2004-2006) - ZAPP10000<\/a><\/td><\/tr><tr><th>Fahrzeugmodell \u2013 Rahmenpr\u00e4fix:<\/th><td><a href=\"https:\/\/damicoline.com\/de\/shop\/?vx_brand=PIAGGIO&#038;vx_model=QUARGO%20702%20Diesel%20(2007-2017)&#038;vx_engine=LDW702\/P&#038;vx_years=2007-2017\">\ud83d\ude9a PIAGGIO QUARGO 702 Diesel (2007-2017) LDW702\/P (2007-2017) - ZAP4P10000<\/a><\/td><\/tr><\/tbody><\/table><\/div><\/section><\/section>\n","protected":false},"excerpt":{"rendered":"<p>\u2714 <strong>Perfekte Kompatibilit\u00e4t<\/strong><br data-start=\"257\" data-end=\"260\" \/>\u2714 <strong data-start=\"262\" data-end=\"286\">Langlebiges Material<\/strong><br data-start=\"373\" data-end=\"376\" \/>\u2714 <strong data-start=\"378\" data-end=\"402\">Optimale Leistung<\/strong><\/p>\n","protected":false},"featured_media":8670,"template":"","meta":{"_sitemap_exclude":false,"_sitemap_priority":"","_sitemap_frequency":""},"product_brand":[2670],"product_cat":[454,64],"product_tag":[241],"class_list":{"0":"post-5797","1":"product","2":"type-product","3":"status-publish","4":"has-post-thumbnail","6":"product_brand-aftermarket","7":"product_cat-impianto-di-scarico","8":"product_cat-parti-del-motore","9":"product_tag-241","11":"first","12":"instock","13":"sale","14":"taxable","15":"shipping-taxable","16":"purchasable","17":"product-type-simple"},"_links":{"self":[{"href":"https:\/\/damicoline.com\/de\/wp-json\/wp\/v2\/product\/5797","targetHints":{"allow":["GET"]}}],"collection":[{"href":"https:\/\/damicoline.com\/de\/wp-json\/wp\/v2\/product"}],"about":[{"href":"https:\/\/damicoline.com\/de\/wp-json\/wp\/v2\/types\/product"}],"wp:featuredmedia":[{"embeddable":true,"href":"https:\/\/damicoline.com\/de\/wp-json\/wp\/v2\/media\/8670"}],"wp:attachment":[{"href":"https:\/\/damicoline.com\/de\/wp-json\/wp\/v2\/media?parent=5797"}],"wp:term":[{"taxonomy":"product_brand","embeddable":true,"href":"https:\/\/damicoline.com\/de\/wp-json\/wp\/v2\/product_brand?post=5797"},{"taxonomy":"product_cat","embeddable":true,"href":"https:\/\/damicoline.com\/de\/wp-json\/wp\/v2\/product_cat?post=5797"},{"taxonomy":"product_tag","embeddable":true,"href":"https:\/\/damicoline.com\/de\/wp-json\/wp\/v2\/product_tag?post=5797"}],"curies":[{"name":"wp","href":"https:\/\/api.w.org\/{rel}","templated":true}]}}