{"id":7346,"date":"2025-04-12T08:01:14","date_gmt":"2025-04-12T06:01:14","guid":{"rendered":"https:\/\/damicoline.com\/product\/pastiglie-freno-disco-piaggio-porter-quargo\/"},"modified":"2026-03-03T21:53:07","modified_gmt":"2026-03-03T20:53:07","slug":"scheibenbremsbelage-fur-piaggio-porter-und-quargo","status":"publish","type":"product","link":"https:\/\/damicoline.com\/de\/produkt\/scheibenbremsbelage-fur-piaggio-porter-und-quargo\/","title":{"rendered":"Scheibenbremsbel\u00e4ge f\u00fcr Piaggio Porter und Quargo"},"content":{"rendered":"<p><strong>Scheibenbremsbel\u00e4ge f\u00fcr Piaggio Porter und Quargo<\/strong><\/p>\n<div class=\"text-sm text-gray-800 font-medium mb-2\"><div class=\"text-sm text-gray-800 font-medium mb-2\"><strong>Referenzcodes:<\/strong> 837146<\/div><\/div>\n<div class=\"oem-box mb-4\">\t\t\t\t<div class=\"oem-box mb-4\">\n\t\t\t\t\t<p class=\"text-sm text-gray-800 font-medium mb-2\">Typ: <strong>Aftermarket<\/strong><\/p>\n\t\t\t\t\t<p class=\"text-sm text-gray-700 mb-1\">Aftermarket-Komponente in Profiqualit\u00e4t, kompatibel mit den auf dieser Seite aufgef\u00fchrten Fahrzeugen.<\/p>\n\t\t\t\t\t<p class=\"text-xs text-gray-500 mt-2\">*Nicht von Piaggio hergestellt oder gebrandet. Marken geh\u00f6ren den jeweiligen Inhabern.<\/p>\n\t\t\t\t<\/div>\n\t\t\t<\/div>\n<p>Die <strong>Scheibenbremsbel\u00e4ge f\u00fcr Piaggio Porter und Quargo<\/strong> garantieren eine sichere und effektive Bremsung. Hergestellt aus verschlei\u00dffesten Materialien, bieten sie zuverl\u00e4ssige Leistung auf der Stra\u00dfe und eine lange Lebensdauer.<\/p>\n<section class=\"compatibility-block mb-4\"><section class=\"compatibility-block mb-4\"><div class=\"product-extra-details hide-below-992\"><table class=\"woocommerce-product-attributes\"><tbody><tr><th colspan=\"2\"><span class=\"text-sm font-medium mb-2\">Kompatibel mit:<\/span><\/th><\/tr><tr><th>Fahrzeugmodell \u2013 Rahmenpr\u00e4fix:<\/th><td><a href=\"https:\/\/damicoline.com\/de\/shop\/?vx_brand=PIAGGIO&#038;vx_model=PORTER%20Maxxi%201.2%20D%20(2011-2015)&#038;vx_engine=P120&#038;vx_years=2011-2015\">\ud83d\ude9a PIAGGIO PORTER Maxxi 1.2 D (2011-2015) P120 (2011-2015) - ZAPS90AKW, ZAPS90DKW, ZAPS90RKW<\/a><\/td><\/tr><tr><th>Fahrzeugmodell \u2013 Rahmenpr\u00e4fix:<\/th><td><a href=\"https:\/\/damicoline.com\/de\/shop\/?vx_brand=PIAGGIO&#038;vx_model=PORTER%20Maxxi%201.3%20(2010-2015)&#038;vx_engine=DA471QLR&#038;vx_years=2010-2015\">\ud83d\ude9a PIAGGIO PORTER Maxxi 1.3 (2010-2015) DA471QLR (2010-2015) - ZAPS90DJ, ZAPS90AJ, ZAPS90RJ<\/a><\/td><\/tr><tr><th>Fahrzeugmodell \u2013 Rahmenpr\u00e4fix:<\/th><td><a href=\"https:\/\/damicoline.com\/de\/shop\/?vx_brand=PIAGGIO&#038;vx_model=PORTER%20Maxxi%201.3%2016V%20(2007-2009)&#038;vx_engine=HC-EL&#038;vx_years=2007-2009\">\ud83d\ude9a PIAGGIO PORTER Maxxi 1.3 16V (2007-2009) HC-EL (2007-2009) - ZAPS95000<\/a><\/td><\/tr><tr><th>Fahrzeugmodell \u2013 Rahmenpr\u00e4fix:<\/th><td><a href=\"https:\/\/damicoline.com\/de\/shop\/?vx_brand=PIAGGIO&#038;vx_model=PORTER%20Maxxi%201.3%2016V%20Up-Date%20E3%20(2009-2010)&#038;vx_engine=HC-EL&#038;vx_years=2009-2010\">\ud83d\ude9a PIAGGIO PORTER Maxxi 1.3 16V Up-Date E3 (2009-2010) HC-EL (2009-2010) - ZAPS90AH, ZAPS90DH, ZAPS90RH<\/a><\/td><\/tr><tr><th>Fahrzeugmodell \u2013 Rahmenpr\u00e4fix:<\/th><td><a href=\"https:\/\/damicoline.com\/de\/shop\/?vx_brand=PIAGGIO&#038;vx_model=PORTER%20Maxxi%201.3%20LPG%20(2015-2020)&#038;vx_engine=DAM13R&#038;vx_years=2015-2020\">\ud83d\ude9a PIAGGIO PORTER Maxxi 1.3 LPG (2015-2020) DAM13R (2015-2020) - ZAPS90AG, ZAPS90DG, ZAPS90RG<\/a><\/td><\/tr><tr><th>Fahrzeugmodell \u2013 Rahmenpr\u00e4fix:<\/th><td><a href=\"https:\/\/damicoline.com\/de\/shop\/?vx_brand=PIAGGIO&#038;vx_model=PORTER%20Pianale%20piatto%201.4%20D%20(1998-2005)&#038;vx_engine=LDW1404\/P&#038;vx_years=1998-2005\">\ud83d\ude9a PIAGGIO PORTER Pianale piatto 1.4 D (1998-2005) LDW1404\/P (1998-2005) - ZAPS&#56;&#53;&#48;&#48;&#48;&#48;&#48;&#52;, ZAPS&#56;&#53;&#48;&#48;&#48;&#48;&#48;&#55;, ZAPS85V00004, ZAPS85V00007<\/a><\/td><\/tr><tr><th>Fahrzeugmodell \u2013 Rahmenpr\u00e4fix:<\/th><td><a href=\"https:\/\/damicoline.com\/de\/shop\/?vx_brand=PIAGGIO&#038;vx_model=PORTER%20Pianale%20piatto\/Telaio%201.2%20D%20(2010-2015)&#038;vx_engine=P120&#038;vx_years=2010-2015\">\ud83d\ude9a PIAGGIO PORTER Pianale piatto\/Telaio 1.2 D (2010-2015) P120 (2010-2015) - ZAPS90CKW, ZAPS90PKW, ZAPS90TKW, ZAPS90VKW<\/a><\/td><\/tr><tr><th>Fahrzeugmodell \u2013 Rahmenpr\u00e4fix:<\/th><td><a href=\"https:\/\/damicoline.com\/de\/shop\/?vx_brand=PIAGGIO&#038;vx_model=PORTER%20Pianale%20piatto\/Telaio%201.3%20(2010-2015)&#038;vx_engine=DA471QLR&#038;vx_years=2010-2015\">\ud83d\ude9a PIAGGIO PORTER Pianale piatto\/Telaio 1.3 (2010-2015) DA471QLR (2010-2015) - ZAPS90CJ, ZAPS90PJ, ZAPS90TJ, ZAPS90VJ<\/a><\/td><\/tr><tr><th>Fahrzeugmodell \u2013 Rahmenpr\u00e4fix:<\/th><td><a href=\"https:\/\/damicoline.com\/de\/shop\/?vx_brand=PIAGGIO&#038;vx_model=PORTER%20Pianale%20piatto\/Telaio%201.3%2016V%20(1998-2009)&#038;vx_engine=HC-EL&#038;vx_years=1998-2009\">\ud83d\ude9a PIAGGIO PORTER Pianale piatto\/Telaio 1.3 16V (1998-2009) HC-EL (1998-2009) - ZAPS85000, ZAPS85V00<\/a><\/td><\/tr><tr><th>Fahrzeugmodell \u2013 Rahmenpr\u00e4fix:<\/th><td><a href=\"https:\/\/damicoline.com\/de\/shop\/?vx_brand=PIAGGIO&#038;vx_model=PORTER%20Pianale%20piatto\/Telaio%201.3%2016V%20Up-Date%20E3%20(2009-2010)&#038;vx_engine=HC-EL&#038;vx_years=2009-2010\">\ud83d\ude9a PIAGGIO PORTER Pianale piatto\/Telaio 1.3 16V Up-Date E3 (2009-2010) HC-EL (2009-2010) - ZAPS90CH, ZAPS90PH, ZAPS90TH, ZAPS90VH<\/a><\/td><\/tr><tr><th>Fahrzeugmodell \u2013 Rahmenpr\u00e4fix:<\/th><td><a href=\"https:\/\/damicoline.com\/de\/shop\/?vx_brand=PIAGGIO&#038;vx_model=PORTER%20Pianale%20piatto\/Telaio%201.3%20LPG%20(2015-2020)&#038;vx_engine=DAM13R&#038;vx_years=2015-2020\">\ud83d\ude9a PIAGGIO PORTER Pianale piatto\/Telaio 1.3 LPG (2015-2020) DAM13R (2015-2020) - ZAPS89CGW, ZAPS89PGW, ZAPS90VGW, ZAPS90TGW, ZAPS90PGW, ZAPS90CGW<\/a><\/td><\/tr><tr><th>Fahrzeugmodell \u2013 Rahmenpr\u00e4fix:<\/th><td><a href=\"https:\/\/damicoline.com\/de\/shop\/?vx_brand=PIAGGIO&#038;vx_model=QUARGO%20702%20Diesel%20(2007-2017)&#038;vx_engine=LDW702\/P&#038;vx_years=2007-2017\">\ud83d\ude9a PIAGGIO QUARGO 702 Diesel (2007-2017) LDW702\/P (2007-2017) - ZAP4P10000<\/a><\/td><\/tr><\/tbody><\/table><\/div><\/section><\/section>\n","protected":false},"excerpt":{"rendered":"<p>Scheibenbremsbel\u00e4ge f\u00fcr Piaggio Porter und Quargo Die Scheibenbremsbel\u00e4ge f\u00fcr Piaggio Porter und Quargo garantieren eine sichere und effektive Bremsung. Hergestellt aus verschlei\u00dffesten Materialien, bieten sie zuverl\u00e4ssige Leistung auf der Stra\u00dfe und eine lange Lebensdauer.<\/p>\n","protected":false},"featured_media":8616,"template":"","meta":{"_sitemap_exclude":false,"_sitemap_priority":"","_sitemap_frequency":""},"product_brand":[2670],"product_cat":[408,217],"product_tag":[661],"class_list":{"0":"post-7346","1":"product","2":"type-product","3":"status-publish","4":"has-post-thumbnail","6":"product_brand-aftermarket","7":"product_cat-bremssystem","8":"product_cat-scheibenbremse","9":"product_tag-661","11":"first","12":"instock","13":"sale","14":"featured","15":"taxable","16":"shipping-taxable","17":"purchasable","18":"product-type-simple"},"_links":{"self":[{"href":"https:\/\/damicoline.com\/de\/wp-json\/wp\/v2\/product\/7346","targetHints":{"allow":["GET"]}}],"collection":[{"href":"https:\/\/damicoline.com\/de\/wp-json\/wp\/v2\/product"}],"about":[{"href":"https:\/\/damicoline.com\/de\/wp-json\/wp\/v2\/types\/product"}],"wp:featuredmedia":[{"embeddable":true,"href":"https:\/\/damicoline.com\/de\/wp-json\/wp\/v2\/media\/8616"}],"wp:attachment":[{"href":"https:\/\/damicoline.com\/de\/wp-json\/wp\/v2\/media?parent=7346"}],"wp:term":[{"taxonomy":"product_brand","embeddable":true,"href":"https:\/\/damicoline.com\/de\/wp-json\/wp\/v2\/product_brand?post=7346"},{"taxonomy":"product_cat","embeddable":true,"href":"https:\/\/damicoline.com\/de\/wp-json\/wp\/v2\/product_cat?post=7346"},{"taxonomy":"product_tag","embeddable":true,"href":"https:\/\/damicoline.com\/de\/wp-json\/wp\/v2\/product_tag?post=7346"}],"curies":[{"name":"wp","href":"https:\/\/api.w.org\/{rel}","templated":true}]}}