{"id":7918,"date":"2025-04-30T18:18:07","date_gmt":"2025-04-30T16:18:07","guid":{"rendered":"https:\/\/damicoline.com\/product\/disco-freno-anteriore-6-fori-piaggio-porter-np6-maxxi\/"},"modified":"2025-05-18T10:22:33","modified_gmt":"2025-05-18T08:22:33","slug":"6-loch-vorderradbremsscheibe-fur-piaggio-porter-np6-maxxi","status":"publish","type":"product","link":"https:\/\/damicoline.com\/de\/produkt\/6-loch-vorderradbremsscheibe-fur-piaggio-porter-np6-maxxi\/","title":{"rendered":"6-Loch-Vorderradbremsscheibe f\u00fcr Piaggio Porter NP6 Maxxi"},"content":{"rendered":"<p><strong>6-Loch-Vorderradbremsscheibe f\u00fcr Piaggio Porter NP6 Maxxi<\/strong><\/p>\n<p>Spezifischer Ersatz f\u00fcr die <strong>Maxxi-Version des Piaggio Porter NP6<\/strong>, die eine Vorderradbremsscheibe mit <strong>6 L\u00f6chern<\/strong> verwendet. Die Standardversion hingegen verwendet eine Scheibe mit 5 L\u00f6chern. \u00dcberpr\u00fcfen Sie immer die Anzahl der L\u00f6cher vor dem Kauf.<\/p>\n<div class=\"text-sm text-gray-800 font-medium mb-2\"><div class=\"text-sm text-gray-800 font-medium mb-2\"><strong>Referenzcodes:<\/strong> WET&#51;&#48;&#48;&#48;&#49;&#48;&#49;&#48;&#49;A0<\/div><\/div>\n<div class=\"oem-box mb-4\">\t\t\t\t<div class=\"oem-box mb-4\">\n\t\t\t\t\t<p class=\"text-sm text-gray-800 font-medium mb-2\">Typ: <strong>OEM (Foton)<\/strong><\/p>\n\t\t\t\t\t<p class=\"text-sm text-gray-700 mb-1\">OEM-Niveau-Komponente von <strong>Foton<\/strong>, nach Originalspezifikation f\u00fcr korrekte Passform und Funktion.<\/p>\n\t\t\t\t\t<p class=\"text-xs text-gray-500 mt-2\">*Nicht von Piaggio gebrandet. Marken geh\u00f6ren den jeweiligen Inhabern.<\/p>\n\t\t\t\t<\/div>\n\t\t\t<\/div>\n<section class=\"compatibility-block mb-4\"><section class=\"compatibility-block mb-4\"><div class=\"product-extra-details hide-below-992\"><table class=\"woocommerce-product-attributes\"><tbody><tr><th colspan=\"2\"><span class=\"text-sm font-medium mb-2\">Kompatibel mit:<\/span><\/th><\/tr><tr><th>Fahrzeugmodell \u2013 Rahmenpr\u00e4fix:<\/th><td><a href=\"https:\/\/damicoline.com\/de\/shop\/?vx_brand=PIAGGIO&#038;vx_model=PORTER%20NP6%20MAXXI%20TW3000%201.5%20CNG%20(2021-)&#038;vx_engine=M15KRP&#038;vx_years=2021-\">\ud83d\ude9a PIAGGIO PORTER NP6 MAXXI TW3000 1.5 CNG (2021-) M15KRP (2021-) - ZAPNP6C1C0P, ZAPNP6B1C0P<\/a><\/td><\/tr><tr><th>Fahrzeugmodell \u2013 Rahmenpr\u00e4fix:<\/th><td><a href=\"https:\/\/damicoline.com\/de\/shop\/?vx_brand=PIAGGIO&#038;vx_model=PORTER%20NP6%20MAXXI%20TW3250%201.5%20CNG%20(2021-)&#038;vx_engine=M15KRP&#038;vx_years=2021-\">\ud83d\ude9a PIAGGIO PORTER NP6 MAXXI TW3250 1.5 CNG (2021-) M15KRP (2021-) - ZAPNP6C1D0P, ZAPNP6B1D0P<\/a><\/td><\/tr><\/tbody><\/table><\/div><\/section><\/section>\n","protected":false},"excerpt":{"rendered":"<p>6-Loch-Vorderradbremsscheibe f\u00fcr Piaggio Porter NP6 Maxxi Spezifischer Ersatz f\u00fcr die Maxxi-Version des Piaggio Porter NP6, die eine Vorderradbremsscheibe mit 6 L\u00f6chern verwendet. Die Standardversion hingegen verwendet eine Scheibe mit 5 L\u00f6chern. \u00dcberpr\u00fcfen Sie immer die Anzahl der L\u00f6cher vor dem Kauf.<\/p>\n","protected":false},"featured_media":8582,"template":"","meta":{"_sitemap_exclude":false,"_sitemap_priority":"","_sitemap_frequency":""},"product_brand":[2671],"product_cat":[408,217],"product_tag":[734],"class_list":{"0":"post-7918","1":"product","2":"type-product","3":"status-publish","4":"has-post-thumbnail","6":"product_brand-foton","7":"product_cat-bremssystem","8":"product_cat-scheibenbremse","9":"product_tag-wet300010101a0","11":"first","12":"instock","13":"sale","14":"featured","15":"taxable","16":"shipping-taxable","17":"purchasable","18":"product-type-simple"},"_links":{"self":[{"href":"https:\/\/damicoline.com\/de\/wp-json\/wp\/v2\/product\/7918","targetHints":{"allow":["GET"]}}],"collection":[{"href":"https:\/\/damicoline.com\/de\/wp-json\/wp\/v2\/product"}],"about":[{"href":"https:\/\/damicoline.com\/de\/wp-json\/wp\/v2\/types\/product"}],"wp:featuredmedia":[{"embeddable":true,"href":"https:\/\/damicoline.com\/de\/wp-json\/wp\/v2\/media\/8582"}],"wp:attachment":[{"href":"https:\/\/damicoline.com\/de\/wp-json\/wp\/v2\/media?parent=7918"}],"wp:term":[{"taxonomy":"product_brand","embeddable":true,"href":"https:\/\/damicoline.com\/de\/wp-json\/wp\/v2\/product_brand?post=7918"},{"taxonomy":"product_cat","embeddable":true,"href":"https:\/\/damicoline.com\/de\/wp-json\/wp\/v2\/product_cat?post=7918"},{"taxonomy":"product_tag","embeddable":true,"href":"https:\/\/damicoline.com\/de\/wp-json\/wp\/v2\/product_tag?post=7918"}],"curies":[{"name":"wp","href":"https:\/\/api.w.org\/{rel}","templated":true}]}}