{"id":7942,"date":"2025-05-05T07:49:56","date_gmt":"2025-05-05T05:49:56","guid":{"rendered":"https:\/\/damicoline.com\/product\/cilindretto-freno-posteriore-piaggio-porter-np6-sw-3070-2650\/"},"modified":"2026-04-22T14:29:22","modified_gmt":"2026-04-22T12:29:22","slug":"hinterradbremse-zylinder-fur-piaggio-porter-np6-sw-3070-2650","status":"publish","type":"product","link":"https:\/\/damicoline.com\/de\/produkt\/hinterradbremse-zylinder-fur-piaggio-porter-np6-sw-3070-2650\/","title":{"rendered":"Hinterradbremse Zylinder f\u00fcr Piaggio Porter NP6 SW 3070\/2650"},"content":{"rendered":"<p><strong>Hinterradbremse Zylinder f\u00fcr Piaggio Porter NP6 SW 3070\/2650<\/strong><\/p>\n<p>Ersatzteil speziell f\u00fcr die Modelle <strong>Piaggio Porter NP6 SW 3070 und SW 2650<\/strong>. Dieser Hinterradbremse Zylinder sorgt f\u00fcr Effizienz und Zuverl\u00e4ssigkeit im Bremssystem. Ideal f\u00fcr schnelle und genaue Wechsel.<\/p>\n<div class=\"text-sm text-gray-800 font-medium mb-2\"><div class=\"text-sm text-gray-800 font-medium mb-2\"><strong>Referenzcodes:<\/strong> WET&#50;&#52;&#48;&#49;&#51;&#48;&#49;&#48;&#48;A0<\/div><\/div>\n<div class=\"oem-box mb-4\"><div class=\"oem-box mb-4\"><p class=\"text-sm text-gray-800 font-medium mb-2\">Typ: <strong>OEM (Foton)<\/strong><\/p><p class=\"text-sm text-gray-700 mb-1\">OEM-Niveau-Komponente von Foton, nach Originalspezifikation f\u00fcr korrekte Passform und Funktion.<\/p><p class=\"text-xs text-gray-500 mt-2\">Nicht von Piaggio gebrandet. Marken geh\u00f6ren den jeweiligen Inhabern.<\/p><\/div><\/div>\n<section class=\"compatibility-block mb-4\"><section class=\"compatibility-block mb-4\"><div class=\"product-extra-details hide-below-992\"><table class=\"woocommerce-product-attributes\"><tbody><tr><th colspan=\"2\"><span class=\"text-sm font-medium mb-2\">Kompatibel mit:<\/span><\/th><\/tr><tr><th>Fahrzeugmodell \u2013 Rahmenpr\u00e4fix:<\/th><td><a href=\"https:\/\/damicoline.com\/de\/shop\/?vx_brand=PIAGGIO&#038;vx_model=PORTER%20NP6%20STANDARD%20SW2650%201.5%20CNG%20(2021-)&#038;vx_engine=M15KRP&#038;vx_years=2021-\">\ud83d\ude9a PIAGGIO PORTER NP6 STANDARD SW2650 1.5 CNG (2021-) M15KRP (2021-) - ZAPNP6C1A0P, ZAPNP6B1A0P<\/a><\/td><\/tr><tr><th>Fahrzeugmodell \u2013 Rahmenpr\u00e4fix:<\/th><td><a href=\"https:\/\/damicoline.com\/de\/shop\/?vx_brand=PIAGGIO&#038;vx_model=PORTER%20NP6%20STANDARD%20SW3070%201.5%20CNG%20(2021-)&#038;vx_engine=M15KRP&#038;vx_years=2021-\">\ud83d\ude9a PIAGGIO PORTER NP6 STANDARD SW3070 1.5 CNG (2021-) M15KRP (2021-) - ZAPNP6C1B0P, ZAPNP6B1B0P<\/a><\/td><\/tr><\/tbody><\/table><\/div><\/section><\/section>\n","protected":false},"excerpt":{"rendered":"<p>Hinterradbremse Zylinder f\u00fcr Piaggio Porter NP6 SW 3070\/2650 Ersatzteil speziell f\u00fcr die Modelle Piaggio Porter NP6 SW 3070 und SW 2650. Dieser Hinterradbremse Zylinder sorgt f\u00fcr Effizienz und Zuverl\u00e4ssigkeit im Bremssystem. Ideal f\u00fcr schnelle und genaue Wechsel.<\/p>\n","protected":false},"featured_media":8562,"template":"","meta":{"_sitemap_exclude":false,"_sitemap_priority":"","_sitemap_frequency":""},"product_brand":[2671],"product_cat":[408,413],"product_tag":[754],"class_list":{"0":"post-7942","1":"product","2":"type-product","3":"status-publish","4":"has-post-thumbnail","6":"product_brand-foton","7":"product_cat-bremssystem","8":"product_cat-trommelbremse","9":"product_tag-wet240130100a0","11":"first","12":"instock","13":"sale","14":"taxable","15":"shipping-taxable","16":"purchasable","17":"product-type-simple"},"_links":{"self":[{"href":"https:\/\/damicoline.com\/de\/wp-json\/wp\/v2\/product\/7942","targetHints":{"allow":["GET"]}}],"collection":[{"href":"https:\/\/damicoline.com\/de\/wp-json\/wp\/v2\/product"}],"about":[{"href":"https:\/\/damicoline.com\/de\/wp-json\/wp\/v2\/types\/product"}],"wp:featuredmedia":[{"embeddable":true,"href":"https:\/\/damicoline.com\/de\/wp-json\/wp\/v2\/media\/8562"}],"wp:attachment":[{"href":"https:\/\/damicoline.com\/de\/wp-json\/wp\/v2\/media?parent=7942"}],"wp:term":[{"taxonomy":"product_brand","embeddable":true,"href":"https:\/\/damicoline.com\/de\/wp-json\/wp\/v2\/product_brand?post=7942"},{"taxonomy":"product_cat","embeddable":true,"href":"https:\/\/damicoline.com\/de\/wp-json\/wp\/v2\/product_cat?post=7942"},{"taxonomy":"product_tag","embeddable":true,"href":"https:\/\/damicoline.com\/de\/wp-json\/wp\/v2\/product_tag?post=7942"}],"curies":[{"name":"wp","href":"https:\/\/api.w.org\/{rel}","templated":true}]}}