{"id":7991,"date":"2025-05-06T12:27:36","date_gmt":"2025-05-06T10:27:36","guid":{"rendered":"https:\/\/damicoline.com\/product\/ganasce-freno-posteriori-piaggio-porter-np6\/"},"modified":"2026-01-20T18:41:22","modified_gmt":"2026-01-20T17:41:22","slug":"hintere-bremsbacken-fur-porter-np6-standard-und-maxxi-kit-4-stuck","status":"publish","type":"product","link":"https:\/\/damicoline.com\/de\/produkt\/hintere-bremsbacken-fur-porter-np6-standard-und-maxxi-kit-4-stuck\/","title":{"rendered":"Hintere Bremsbacken f\u00fcr Porter NP6 Standard und Maxxi \u2013 Kit 4 St\u00fcck"},"content":{"rendered":"<p><strong>Hintere Bremsbacken 4 St\u00fcck f\u00fcr Piaggio Porter NP6<\/strong><\/p>\n<p>Kit <strong>hintere Bremsbacken<\/strong> kompatibel mit <strong>Piaggio Porter NP6<\/strong>, sowohl in der <strong>Standard<\/strong> als auch in der <strong>Maxxi mit Doppelrad<\/strong> Version. Das Set umfasst <strong>4 Bremsbacken<\/strong>, ausreichend f\u00fcr beide Seiten der Hinterachse.<\/p>\n<p>Die Bremsbacken sind von <strong>hervorragender Qualit\u00e4t<\/strong> und gew\u00e4hrleisten eine effektive Bremsung, Langlebigkeit und <strong>perfekte Kompatibilit\u00e4t<\/strong> mit der Originalanlage, ideal f\u00fcr Wartung und Wiederherstellung der Effizienz der Bremsanlage.<\/p>\n<p><em>Wichtiger Hinweis:<\/em> Die Bremsbacken werden <strong>ohne die Feststellbremshebel<\/strong> geliefert. Der Hebel muss <strong>von den derzeit installierten Bremsbacken \u00fcbernommen<\/strong> werden, indem der Befestigungsstift einfach entfernt und auf den neuen Bremsbacken wieder installiert wird.<\/p>\n<div class=\"text-sm text-gray-800 font-medium mb-2\"><div class=\"text-sm text-gray-800 font-medium mb-2\"><strong>Referenzcodes:<\/strong> 1R000531<\/div><\/div>\n<div class=\"oem-box mb-4\"><div class=\"oem-box mb-4\"><p class=\"text-sm text-gray-800 font-medium mb-2\">Typ: <strong>Aftermarket<\/strong><\/p><p class=\"text-sm text-gray-700 mb-1\">Aftermarket-Komponente in Profiqualit\u00e4t, kompatibel mit den auf dieser Seite aufgef\u00fchrten Fahrzeugen.<\/p><p class=\"text-xs text-gray-500 mt-2\">Nicht von Piaggio hergestellt oder gebrandet. Marken geh\u00f6ren den jeweiligen Inhabern.<\/p><\/div><\/div>\n<section class=\"compatibility-block mb-4\"><section class=\"compatibility-block mb-4\"><div class=\"product-extra-details hide-below-992\"><table class=\"woocommerce-product-attributes\"><tbody><tr><th colspan=\"2\"><span class=\"text-sm font-medium mb-2\">Kompatibel mit:<\/span><\/th><\/tr><tr><th>Fahrzeugmodell \u2013 Rahmenpr\u00e4fix:<\/th><td><a href=\"https:\/\/damicoline.com\/de\/shop\/?vx_brand=PIAGGIO&#038;vx_model=PORTER%20NP6%20MAXXI%20TW3000%201.5%20CNG%20(2021-)&#038;vx_engine=M15KRP&#038;vx_years=2021-\">\ud83d\ude9a PIAGGIO PORTER NP6 MAXXI TW3000 1.5 CNG (2021-) M15KRP (2021-) - ZAPNP6C1C0P, ZAPNP6B1C0P<\/a><\/td><\/tr><tr><th>Fahrzeugmodell \u2013 Rahmenpr\u00e4fix:<\/th><td><a href=\"https:\/\/damicoline.com\/de\/shop\/?vx_brand=PIAGGIO&#038;vx_model=PORTER%20NP6%20MAXXI%20TW3250%201.5%20CNG%20(2021-)&#038;vx_engine=M15KRP&#038;vx_years=2021-\">\ud83d\ude9a PIAGGIO PORTER NP6 MAXXI TW3250 1.5 CNG (2021-) M15KRP (2021-) - ZAPNP6C1D0P, ZAPNP6B1D0P<\/a><\/td><\/tr><tr><th>Fahrzeugmodell \u2013 Rahmenpr\u00e4fix:<\/th><td><a href=\"https:\/\/damicoline.com\/de\/shop\/?vx_brand=PIAGGIO&#038;vx_model=PORTER%20NP6%20STANDARD%20SW2650%201.5%20CNG%20(2021-)&#038;vx_engine=M15KRP&#038;vx_years=2021-\">\ud83d\ude9a PIAGGIO PORTER NP6 STANDARD SW2650 1.5 CNG (2021-) M15KRP (2021-) - ZAPNP6C1A0P, ZAPNP6B1A0P<\/a><\/td><\/tr><tr><th>Fahrzeugmodell \u2013 Rahmenpr\u00e4fix:<\/th><td><a href=\"https:\/\/damicoline.com\/de\/shop\/?vx_brand=PIAGGIO&#038;vx_model=PORTER%20NP6%20STANDARD%20SW3070%201.5%20CNG%20(2021-)&#038;vx_engine=M15KRP&#038;vx_years=2021-\">\ud83d\ude9a PIAGGIO PORTER NP6 STANDARD SW3070 1.5 CNG (2021-) M15KRP (2021-) - ZAPNP6C1B0P, ZAPNP6B1B0P<\/a><\/td><\/tr><\/tbody><\/table><\/div><\/section><\/section>\n","protected":false},"excerpt":{"rendered":"<p>Hintere Bremsbacken 4 St\u00fcck f\u00fcr Piaggio Porter NP6 Kit hintere Bremsbacken kompatibel mit Piaggio Porter NP6, sowohl in der Standard als auch in der Maxxi mit Doppelrad Version. Das Set umfasst 4 Bremsbacken, ausreichend f\u00fcr beide Seiten der Hinterachse. Die Bremsbacken sind von hervorragender Qualit\u00e4t und gew\u00e4hrleisten eine effektive Bremsung, Langlebigkeit und perfekte Kompatibilit\u00e4t mit<\/p>\n<div class=\"klb-readmore button\"><a class=\"btn link\" href=\"https:\/\/damicoline.com\/de\/produkt\/hintere-bremsbacken-fur-porter-np6-standard-und-maxxi-kit-4-stuck\/\">Read More <i class=\"klbth-icon-right-arrow\"><\/i><\/a><\/div>\n","protected":false},"featured_media":8504,"template":"","meta":{"_sitemap_exclude":false,"_sitemap_priority":"","_sitemap_frequency":""},"product_brand":[2670],"product_cat":[408,413],"product_tag":[774],"class_list":{"0":"post-7991","1":"product","2":"type-product","3":"status-publish","4":"has-post-thumbnail","6":"product_brand-aftermarket","7":"product_cat-bremssystem","8":"product_cat-trommelbremse","9":"product_tag-1r000531","11":"first","12":"instock","13":"sale","14":"taxable","15":"shipping-taxable","16":"purchasable","17":"product-type-simple"},"_links":{"self":[{"href":"https:\/\/damicoline.com\/de\/wp-json\/wp\/v2\/product\/7991","targetHints":{"allow":["GET"]}}],"collection":[{"href":"https:\/\/damicoline.com\/de\/wp-json\/wp\/v2\/product"}],"about":[{"href":"https:\/\/damicoline.com\/de\/wp-json\/wp\/v2\/types\/product"}],"wp:featuredmedia":[{"embeddable":true,"href":"https:\/\/damicoline.com\/de\/wp-json\/wp\/v2\/media\/8504"}],"wp:attachment":[{"href":"https:\/\/damicoline.com\/de\/wp-json\/wp\/v2\/media?parent=7991"}],"wp:term":[{"taxonomy":"product_brand","embeddable":true,"href":"https:\/\/damicoline.com\/de\/wp-json\/wp\/v2\/product_brand?post=7991"},{"taxonomy":"product_cat","embeddable":true,"href":"https:\/\/damicoline.com\/de\/wp-json\/wp\/v2\/product_cat?post=7991"},{"taxonomy":"product_tag","embeddable":true,"href":"https:\/\/damicoline.com\/de\/wp-json\/wp\/v2\/product_tag?post=7991"}],"curies":[{"name":"wp","href":"https:\/\/api.w.org\/{rel}","templated":true}]}}