{"id":8808,"date":"2025-05-09T15:51:51","date_gmt":"2025-05-09T13:51:51","guid":{"rendered":"https:\/\/damicoline.com\/product\/cavo-primario-freno-stazionamento-piaggio-porter-np6-tw-3250\/"},"modified":"2026-04-22T14:31:11","modified_gmt":"2026-04-22T12:31:11","slug":"primar-bremskabel-fur-piaggio-porter-np6-tw-3250","status":"publish","type":"product","link":"https:\/\/damicoline.com\/de\/produkt\/primar-bremskabel-fur-piaggio-porter-np6-tw-3250\/","title":{"rendered":"Prim\u00e4r-Bremskabel f\u00fcr Piaggio Porter NP6 TW 3250"},"content":{"rendered":"<p><strong>Prim\u00e4res Feststellbremskabel f\u00fcr Piaggio Porter NP6 TW 3250<\/strong><\/p>\n<p>Ersatzteil f\u00fcr <strong>Piaggio Porter NP6 Version TW 3250<\/strong>. Dieses <strong>prim\u00e4re Bremskabel<\/strong> verbindet den Feststellbremshebel mit den beiden sekund\u00e4ren Kabeln, die zu den Hinterr\u00e4dern f\u00fchren. Entwickelt, um \u00fcber die Zeit hinweg St\u00e4rke und Zuverl\u00e4ssigkeit zu gew\u00e4hrleisten.<\/p>\n<div class=\"text-sm text-gray-800 font-medium mb-2\"><div class=\"text-sm text-gray-800 font-medium mb-2\"><strong>Referenzcodes:<\/strong> WET&#51;&#53;&#51;&#48;&#51;&#48;&#49;&#48;&#51;A0 \u2013 WET&#51;&#53;&#51;&#48;&#51;&#48;&#49;&#49;&#55;A0<\/div><\/div>\n<div class=\"oem-box mb-4\"><div class=\"oem-box mb-4\"><p class=\"text-sm text-gray-800 font-medium mb-2\">Typ: <strong>OEM (Foton)<\/strong><\/p><p class=\"text-sm text-gray-700 mb-1\">OEM-Niveau-Komponente von Foton, nach Originalspezifikation f\u00fcr korrekte Passform und Funktion.<\/p><p class=\"text-xs text-gray-500 mt-2\">Nicht von Piaggio gebrandet. Marken geh\u00f6ren den jeweiligen Inhabern.<\/p><\/div><\/div>\n<section class=\"compatibility-block mb-4\"><section class=\"compatibility-block mb-4\"><div class=\"product-extra-details hide-below-992\"><table class=\"woocommerce-product-attributes\"><tbody><tr><th colspan=\"2\"><span class=\"text-sm font-medium mb-2\">Kompatibel mit:<\/span><\/th><\/tr><tr><th>Fahrzeugmodell \u2013 Rahmenpr\u00e4fix:<\/th><td><a href=\"https:\/\/damicoline.com\/de\/shop\/?vx_brand=PIAGGIO&#038;vx_model=PORTER%20NP6%20MAXXI%20TW3250%201.5%20CNG%20(2021-)&#038;vx_engine=M15KRP&#038;vx_years=2021-\">\ud83d\ude9a PIAGGIO PORTER NP6 MAXXI TW3250 1.5 CNG (2021-) M15KRP (2021-) - ZAPNP6C1D0P, ZAPNP6B1D0P<\/a><\/td><\/tr><\/tbody><\/table><\/div><\/section><\/section>\n","protected":false},"excerpt":{"rendered":"<p>Prim\u00e4res Feststellbremskabel f\u00fcr Piaggio Porter NP6 TW 3250 Ersatzteil f\u00fcr Piaggio Porter NP6 Version TW 3250. Dieses prim\u00e4re Bremskabel verbindet den Feststellbremshebel mit den beiden sekund\u00e4ren Kabeln, die zu den Hinterr\u00e4dern f\u00fchren. Entwickelt, um \u00fcber die Zeit hinweg St\u00e4rke und Zuverl\u00e4ssigkeit zu gew\u00e4hrleisten.<\/p>\n","protected":false},"featured_media":8389,"template":"","meta":{"_sitemap_exclude":false,"_sitemap_priority":"","_sitemap_frequency":""},"product_brand":[2671],"product_cat":[538,408],"product_tag":[1010,1011],"class_list":{"0":"post-8808","1":"product","2":"type-product","3":"status-publish","4":"has-post-thumbnail","6":"product_brand-foton","7":"product_cat-bremskabel","8":"product_cat-bremssystem","9":"product_tag-wet353030103a0","10":"product_tag-wet353030117a0","12":"first","13":"instock","14":"sale","15":"taxable","16":"shipping-taxable","17":"purchasable","18":"product-type-simple"},"_links":{"self":[{"href":"https:\/\/damicoline.com\/de\/wp-json\/wp\/v2\/product\/8808","targetHints":{"allow":["GET"]}}],"collection":[{"href":"https:\/\/damicoline.com\/de\/wp-json\/wp\/v2\/product"}],"about":[{"href":"https:\/\/damicoline.com\/de\/wp-json\/wp\/v2\/types\/product"}],"wp:featuredmedia":[{"embeddable":true,"href":"https:\/\/damicoline.com\/de\/wp-json\/wp\/v2\/media\/8389"}],"wp:attachment":[{"href":"https:\/\/damicoline.com\/de\/wp-json\/wp\/v2\/media?parent=8808"}],"wp:term":[{"taxonomy":"product_brand","embeddable":true,"href":"https:\/\/damicoline.com\/de\/wp-json\/wp\/v2\/product_brand?post=8808"},{"taxonomy":"product_cat","embeddable":true,"href":"https:\/\/damicoline.com\/de\/wp-json\/wp\/v2\/product_cat?post=8808"},{"taxonomy":"product_tag","embeddable":true,"href":"https:\/\/damicoline.com\/de\/wp-json\/wp\/v2\/product_tag?post=8808"}],"curies":[{"name":"wp","href":"https:\/\/api.w.org\/{rel}","templated":true}]}}