{"id":8813,"date":"2025-05-09T16:16:54","date_gmt":"2025-05-09T14:16:54","guid":{"rendered":"https:\/\/damicoline.com\/product\/cavo-primario-freno-stazionamento-piaggio-porter-np6-tw-3000\/"},"modified":"2026-04-22T14:31:16","modified_gmt":"2026-04-22T12:31:16","slug":"primar-bremskabel-fur-piaggio-porter-np6-tw-3000","status":"publish","type":"product","link":"https:\/\/damicoline.com\/de\/produkt\/primar-bremskabel-fur-piaggio-porter-np6-tw-3000\/","title":{"rendered":"Prim\u00e4r-Bremskabel f\u00fcr Piaggio Porter NP6 TW 3000"},"content":{"rendered":"<p><strong>Prim\u00e4res Feststellbremskabel f\u00fcr Piaggio Porter NP6 TW 3000<\/strong><\/p>\n<p>Entwickelt f\u00fcr <strong>Piaggio Porter NP6 Version TW 3000<\/strong>, verbindet dieses <strong>prim\u00e4re Bremskabel<\/strong> den Hebel der Feststellbremse mit den beiden sekund\u00e4ren Kabeln, die zu den Hinterr\u00e4dern f\u00fchren. Zuverl\u00e4ssiges Ersatzteil, ideal um Funktionalit\u00e4t und Langlebigkeit des Bremssystems zu gew\u00e4hrleisten.<\/p>\n<div class=\"text-sm text-gray-800 font-medium mb-2\"><div class=\"text-sm text-gray-800 font-medium mb-2\"><strong>Referenzcodes:<\/strong> WET&#51;&#53;&#51;&#48;&#51;&#48;&#49;&#48;&#50;A0 \u2013 WET&#51;&#53;&#51;&#48;&#51;&#48;&#49;&#49;&#54;A0<\/div><\/div>\n<div class=\"oem-box mb-4\"><div class=\"oem-box mb-4\"><p class=\"text-sm text-gray-800 font-medium mb-2\">Typ: <strong>OEM (Foton)<\/strong><\/p><p class=\"text-sm text-gray-700 mb-1\">OEM-Niveau-Komponente von Foton, nach Originalspezifikation f\u00fcr korrekte Passform und Funktion.<\/p><p class=\"text-xs text-gray-500 mt-2\">Nicht von Piaggio gebrandet. Marken geh\u00f6ren den jeweiligen Inhabern.<\/p><\/div><\/div>\n<section class=\"compatibility-block mb-4\"><section class=\"compatibility-block mb-4\"><div class=\"product-extra-details hide-below-992\"><table class=\"woocommerce-product-attributes\"><tbody><tr><th colspan=\"2\"><span class=\"text-sm font-medium mb-2\">Kompatibel mit:<\/span><\/th><\/tr><tr><th>Fahrzeugmodell \u2013 Rahmenpr\u00e4fix:<\/th><td><a href=\"https:\/\/damicoline.com\/de\/shop\/?vx_brand=PIAGGIO&#038;vx_model=PORTER%20NP6%20MAXXI%20TW3000%201.5%20CNG%20(2021-)&#038;vx_engine=M15KRP&#038;vx_years=2021-\">\ud83d\ude9a PIAGGIO PORTER NP6 MAXXI TW3000 1.5 CNG (2021-) M15KRP (2021-) - ZAPNP6C1C0P, ZAPNP6B1C0P<\/a><\/td><\/tr><\/tbody><\/table><\/div><\/section><\/section>\n","protected":false},"excerpt":{"rendered":"<p>Prim\u00e4res Feststellbremskabel f\u00fcr Piaggio Porter NP6 TW 3000 Entwickelt f\u00fcr Piaggio Porter NP6 Version TW 3000, verbindet dieses prim\u00e4re Bremskabel den Hebel der Feststellbremse mit den beiden sekund\u00e4ren Kabeln, die zu den Hinterr\u00e4dern f\u00fchren. Zuverl\u00e4ssiges Ersatzteil, ideal um Funktionalit\u00e4t und Langlebigkeit des Bremssystems zu gew\u00e4hrleisten.<\/p>\n","protected":false},"featured_media":8383,"template":"","meta":{"_sitemap_exclude":false,"_sitemap_priority":"","_sitemap_frequency":""},"product_brand":[2671],"product_cat":[538,408],"product_tag":[1020,1021],"class_list":{"0":"post-8813","1":"product","2":"type-product","3":"status-publish","4":"has-post-thumbnail","6":"product_brand-foton","7":"product_cat-bremskabel","8":"product_cat-bremssystem","9":"product_tag-wet353030102a0","10":"product_tag-wet353030116a0","12":"first","13":"instock","14":"sale","15":"taxable","16":"shipping-taxable","17":"purchasable","18":"product-type-simple"},"_links":{"self":[{"href":"https:\/\/damicoline.com\/de\/wp-json\/wp\/v2\/product\/8813","targetHints":{"allow":["GET"]}}],"collection":[{"href":"https:\/\/damicoline.com\/de\/wp-json\/wp\/v2\/product"}],"about":[{"href":"https:\/\/damicoline.com\/de\/wp-json\/wp\/v2\/types\/product"}],"wp:featuredmedia":[{"embeddable":true,"href":"https:\/\/damicoline.com\/de\/wp-json\/wp\/v2\/media\/8383"}],"wp:attachment":[{"href":"https:\/\/damicoline.com\/de\/wp-json\/wp\/v2\/media?parent=8813"}],"wp:term":[{"taxonomy":"product_brand","embeddable":true,"href":"https:\/\/damicoline.com\/de\/wp-json\/wp\/v2\/product_brand?post=8813"},{"taxonomy":"product_cat","embeddable":true,"href":"https:\/\/damicoline.com\/de\/wp-json\/wp\/v2\/product_cat?post=8813"},{"taxonomy":"product_tag","embeddable":true,"href":"https:\/\/damicoline.com\/de\/wp-json\/wp\/v2\/product_tag?post=8813"}],"curies":[{"name":"wp","href":"https:\/\/api.w.org\/{rel}","templated":true}]}}