{"id":8818,"date":"2025-05-09T16:23:10","date_gmt":"2025-05-09T14:23:10","guid":{"rendered":"https:\/\/damicoline.com\/product\/cavo-primario-freno-stazionamento-piaggio-porter-np6-sw-3070\/"},"modified":"2025-05-18T18:45:46","modified_gmt":"2025-05-18T16:45:46","slug":"primare-bremskabel-fur-piaggio-porter-np6-sw-3070","status":"publish","type":"product","link":"https:\/\/damicoline.com\/de\/produkt\/primare-bremskabel-fur-piaggio-porter-np6-sw-3070\/","title":{"rendered":"Prim\u00e4re Bremskabel f\u00fcr Piaggio Porter NP6 SW 3070"},"content":{"rendered":"<p><strong>Prim\u00e4res Feststellbremskabel f\u00fcr Piaggio Porter NP6 SW 3070<\/strong><\/p>\n<p>Kompatibel mit <strong>Piaggio Porter NP6 Version SW 3070<\/strong>, verbindet dieses <strong>prim\u00e4re Bremskabel<\/strong> den Feststellbremshebel mit den sekund\u00e4ren Kabeln der Hinterr\u00e4der. Ersatzteil, das entwickelt wurde, um Effizienz, Langlebigkeit und Zuverl\u00e4ssigkeit im Bremssystem zu gew\u00e4hrleisten.<\/p>\n<div class=\"text-sm text-gray-800 font-medium mb-2\"><div class=\"text-sm text-gray-800 font-medium mb-2\"><strong>Referenzcodes:<\/strong> WET&#51;&#53;&#51;&#48;&#51;&#48;&#49;&#48;&#49;A0 \u2013 WET&#51;&#53;&#51;&#48;&#51;&#48;&#49;&#49;&#53;A0<\/div><\/div>\n<div class=\"oem-box mb-4\">\t\t\t\t<div class=\"oem-box mb-4\">\n\t\t\t\t\t<p class=\"text-sm text-gray-800 font-medium mb-2\">Typ: <strong>OEM (Foton)<\/strong><\/p>\n\t\t\t\t\t<p class=\"text-sm text-gray-700 mb-1\">OEM-Niveau-Komponente von <strong>Foton<\/strong>, nach Originalspezifikation f\u00fcr korrekte Passform und Funktion.<\/p>\n\t\t\t\t\t<p class=\"text-xs text-gray-500 mt-2\">*Nicht von Piaggio gebrandet. Marken geh\u00f6ren den jeweiligen Inhabern.<\/p>\n\t\t\t\t<\/div>\n\t\t\t<\/div>\n<section class=\"compatibility-block mb-4\"><section class=\"compatibility-block mb-4\"><div class=\"product-extra-details hide-below-992\"><table class=\"woocommerce-product-attributes\"><tbody><tr><th colspan=\"2\"><span class=\"text-sm font-medium mb-2\">Kompatibel mit:<\/span><\/th><\/tr><tr><th>Fahrzeugmodell \u2013 Rahmenpr\u00e4fix:<\/th><td><a href=\"https:\/\/damicoline.com\/de\/shop\/?vx_brand=PIAGGIO&#038;vx_model=PORTER%20NP6%20STANDARD%20SW3070%201.5%20CNG%20(2021-)&#038;vx_engine=M15KRP&#038;vx_years=2021-\">\ud83d\ude9a PIAGGIO PORTER NP6 STANDARD SW3070 1.5 CNG (2021-) M15KRP (2021-) - ZAPNP6C1B0P, ZAPNP6B1B0P<\/a><\/td><\/tr><\/tbody><\/table><\/div><\/section><\/section>\n","protected":false},"excerpt":{"rendered":"<p>Prim\u00e4res Feststellbremskabel f\u00fcr Piaggio Porter NP6 SW 3070 Kompatibel mit Piaggio Porter NP6 Version SW 3070, verbindet dieses prim\u00e4re Bremskabel den Feststellbremshebel mit den sekund\u00e4ren Kabeln der Hinterr\u00e4der. Ersatzteil, das entwickelt wurde, um Effizienz, Langlebigkeit und Zuverl\u00e4ssigkeit im Bremssystem zu gew\u00e4hrleisten.<\/p>\n","protected":false},"featured_media":8377,"template":"","meta":{"_sitemap_exclude":false,"_sitemap_priority":"","_sitemap_frequency":""},"product_brand":[2671],"product_cat":[538,408],"product_tag":[1030,1031],"class_list":{"0":"post-8818","1":"product","2":"type-product","3":"status-publish","4":"has-post-thumbnail","6":"product_brand-foton","7":"product_cat-bremskabel","8":"product_cat-bremssystem","9":"product_tag-wet353030101a0","10":"product_tag-wet353030115a0","12":"first","13":"instock","14":"sale","15":"taxable","16":"shipping-taxable","17":"purchasable","18":"product-type-simple"},"_links":{"self":[{"href":"https:\/\/damicoline.com\/de\/wp-json\/wp\/v2\/product\/8818","targetHints":{"allow":["GET"]}}],"collection":[{"href":"https:\/\/damicoline.com\/de\/wp-json\/wp\/v2\/product"}],"about":[{"href":"https:\/\/damicoline.com\/de\/wp-json\/wp\/v2\/types\/product"}],"wp:featuredmedia":[{"embeddable":true,"href":"https:\/\/damicoline.com\/de\/wp-json\/wp\/v2\/media\/8377"}],"wp:attachment":[{"href":"https:\/\/damicoline.com\/de\/wp-json\/wp\/v2\/media?parent=8818"}],"wp:term":[{"taxonomy":"product_brand","embeddable":true,"href":"https:\/\/damicoline.com\/de\/wp-json\/wp\/v2\/product_brand?post=8818"},{"taxonomy":"product_cat","embeddable":true,"href":"https:\/\/damicoline.com\/de\/wp-json\/wp\/v2\/product_cat?post=8818"},{"taxonomy":"product_tag","embeddable":true,"href":"https:\/\/damicoline.com\/de\/wp-json\/wp\/v2\/product_tag?post=8818"}],"curies":[{"name":"wp","href":"https:\/\/api.w.org\/{rel}","templated":true}]}}