{"id":8823,"date":"2025-05-09T16:56:18","date_gmt":"2025-05-09T14:56:18","guid":{"rendered":"https:\/\/damicoline.com\/product\/cavo-secondario-freno-mano-sinistro-piaggio-porter-np6-sw-3070\/"},"modified":"2026-04-22T14:31:27","modified_gmt":"2026-04-22T12:31:27","slug":"linke-handbremsseil-np6-sw-2650-und-sw-3070-fur-hinterrad","status":"publish","type":"product","link":"https:\/\/damicoline.com\/de\/produkt\/linke-handbremsseil-np6-sw-2650-und-sw-3070-fur-hinterrad\/","title":{"rendered":"Linke Handbremsseil NP6 SW 2650 und SW 3070 f\u00fcr Hinterrad"},"content":{"rendered":"<p><strong>Sekund\u00e4res linkes Handbremsseil f\u00fcr Piaggio Porter NP6 SW 2650 und SW 3070<\/strong><\/p>\n<p>Ersatzteil entwickelt f\u00fcr <strong>Piaggio Porter NP6 Version SW 2650 und SW 3070<\/strong>. Dieses <strong>sekund\u00e4re Seil auf der linken Seite<\/strong> verbindet das prim\u00e4re Seil, das am Handbremshebel montiert ist, mit dem linken Hinterrad. Die Seite wird immer aus der Sicht des Fahrers angegeben.<\/p>\n<div class=\"text-sm text-gray-800 font-medium mb-2\"><div class=\"text-sm text-gray-800 font-medium mb-2\"><strong>Referenzcodes:<\/strong> WET&#50;&#52;&#48;&#49;&#54;&#48;&#54;&#48;&#49;A0<\/div><\/div>\n<div class=\"oem-box mb-4\"><div class=\"oem-box mb-4\"><p class=\"text-sm text-gray-800 font-medium mb-2\">Typ: <strong>OEM (Foton)<\/strong><\/p><p class=\"text-sm text-gray-700 mb-1\">OEM-Niveau-Komponente von Foton, nach Originalspezifikation f\u00fcr korrekte Passform und Funktion.<\/p><p class=\"text-xs text-gray-500 mt-2\">Nicht von Piaggio gebrandet. Marken geh\u00f6ren den jeweiligen Inhabern.<\/p><\/div><\/div>\n<section class=\"compatibility-block mb-4\"><section class=\"compatibility-block mb-4\"><div class=\"product-extra-details hide-below-992\"><table class=\"woocommerce-product-attributes\"><tbody><tr><th colspan=\"2\"><span class=\"text-sm font-medium mb-2\">Kompatibel mit:<\/span><\/th><\/tr><tr><th>Fahrzeugmodell \u2013 Rahmenpr\u00e4fix:<\/th><td><a href=\"https:\/\/damicoline.com\/de\/shop\/?vx_brand=PIAGGIO&#038;vx_model=PORTER%20NP6%20STANDARD%20SW2650%201.5%20CNG%20(2021-)&#038;vx_engine=M15KRP&#038;vx_years=2021-\">\ud83d\ude9a PIAGGIO PORTER NP6 STANDARD SW2650 1.5 CNG (2021-) M15KRP (2021-) - ZAPNP6C1A0P, ZAPNP6B1A0P<\/a><\/td><\/tr><tr><th>Fahrzeugmodell \u2013 Rahmenpr\u00e4fix:<\/th><td><a href=\"https:\/\/damicoline.com\/de\/shop\/?vx_brand=PIAGGIO&#038;vx_model=PORTER%20NP6%20STANDARD%20SW3070%201.5%20CNG%20(2021-)&#038;vx_engine=M15KRP&#038;vx_years=2021-\">\ud83d\ude9a PIAGGIO PORTER NP6 STANDARD SW3070 1.5 CNG (2021-) M15KRP (2021-) - ZAPNP6C1B0P, ZAPNP6B1B0P<\/a><\/td><\/tr><\/tbody><\/table><\/div><\/section><\/section>\n","protected":false},"excerpt":{"rendered":"<p>Sekund\u00e4res linkes Handbremsseil f\u00fcr Piaggio Porter NP6 SW 2650 und SW 3070 Ersatzteil entwickelt f\u00fcr Piaggio Porter NP6 Version SW 2650 und SW 3070. Dieses sekund\u00e4re Seil auf der linken Seite verbindet das prim\u00e4re Seil, das am Handbremshebel montiert ist, mit dem linken Hinterrad. Die Seite wird immer aus der Sicht des Fahrers angegeben.<\/p>\n","protected":false},"featured_media":8371,"template":"","meta":{"_sitemap_exclude":false,"_sitemap_priority":"","_sitemap_frequency":""},"product_brand":[],"product_cat":[538,408],"product_tag":[1038],"class_list":{"0":"post-8823","1":"product","2":"type-product","3":"status-publish","4":"has-post-thumbnail","6":"product_cat-bremskabel","7":"product_cat-bremssystem","8":"product_tag-wet240160601a0","10":"first","11":"instock","12":"sale","13":"taxable","14":"shipping-taxable","15":"purchasable","16":"product-type-simple"},"_links":{"self":[{"href":"https:\/\/damicoline.com\/de\/wp-json\/wp\/v2\/product\/8823","targetHints":{"allow":["GET"]}}],"collection":[{"href":"https:\/\/damicoline.com\/de\/wp-json\/wp\/v2\/product"}],"about":[{"href":"https:\/\/damicoline.com\/de\/wp-json\/wp\/v2\/types\/product"}],"wp:featuredmedia":[{"embeddable":true,"href":"https:\/\/damicoline.com\/de\/wp-json\/wp\/v2\/media\/8371"}],"wp:attachment":[{"href":"https:\/\/damicoline.com\/de\/wp-json\/wp\/v2\/media?parent=8823"}],"wp:term":[{"taxonomy":"product_brand","embeddable":true,"href":"https:\/\/damicoline.com\/de\/wp-json\/wp\/v2\/product_brand?post=8823"},{"taxonomy":"product_cat","embeddable":true,"href":"https:\/\/damicoline.com\/de\/wp-json\/wp\/v2\/product_cat?post=8823"},{"taxonomy":"product_tag","embeddable":true,"href":"https:\/\/damicoline.com\/de\/wp-json\/wp\/v2\/product_tag?post=8823"}],"curies":[{"name":"wp","href":"https:\/\/api.w.org\/{rel}","templated":true}]}}