{"id":8828,"date":"2025-05-09T17:22:52","date_gmt":"2025-05-09T15:22:52","guid":{"rendered":"https:\/\/damicoline.com\/product\/cavo-secondario-freno-mano-sinistro-piaggio-porter-np6-tw-3250-3000\/"},"modified":"2025-05-18T18:55:45","modified_gmt":"2025-05-18T16:55:45","slug":"linke-handbremsseil-np6-tw-3250-3000-fur-hinterrad","status":"publish","type":"product","link":"https:\/\/damicoline.com\/de\/produkt\/linke-handbremsseil-np6-tw-3250-3000-fur-hinterrad\/","title":{"rendered":"Linke Handbremsseil NP6 TW 3250\/3000 f\u00fcr Hinterrad"},"content":{"rendered":"<p><strong>Sekund\u00e4res linkes Handbremsseil f\u00fcr Piaggio Porter NP6 TW 3250\/3000<\/strong><\/p>\n<p>Entworfen f\u00fcr die Versionen <strong>TW 3250 und TW 3000<\/strong> des Piaggio Porter NP6, verbindet dieses Seil die prim\u00e4re Handbremse mit dem linken Hinterrad. Robustes und zuverl\u00e4ssiges Ersatzteil, das zur Aufrechterhaltung der Effizienz des Bremssystems geeignet ist. Die linke Seite ist vom Fahrersitz aus betrachtet.<\/p>\n<div class=\"text-sm text-gray-800 font-medium mb-2\"><div class=\"text-sm text-gray-800 font-medium mb-2\"><strong>Referenzcodes:<\/strong> WET&#50;&#52;&#48;&#49;&#54;&#48;&#50;&#48;&#48;A0<\/div><\/div>\n<div class=\"oem-box mb-4\">\t\t\t\t<div class=\"oem-box mb-4\">\n\t\t\t\t\t<p class=\"text-sm text-gray-800 font-medium mb-2\">Typ: <strong>OEM (Foton)<\/strong><\/p>\n\t\t\t\t\t<p class=\"text-sm text-gray-700 mb-1\">OEM-Niveau-Komponente von <strong>Foton<\/strong>, nach Originalspezifikation f\u00fcr korrekte Passform und Funktion.<\/p>\n\t\t\t\t\t<p class=\"text-xs text-gray-500 mt-2\">*Nicht von Piaggio gebrandet. Marken geh\u00f6ren den jeweiligen Inhabern.<\/p>\n\t\t\t\t<\/div>\n\t\t\t<\/div>\n<section class=\"compatibility-block mb-4\"><section class=\"compatibility-block mb-4\"><div class=\"product-extra-details hide-below-992\"><table class=\"woocommerce-product-attributes\"><tbody><tr><th colspan=\"2\"><span class=\"text-sm font-medium mb-2\">Kompatibel mit:<\/span><\/th><\/tr><tr><th>Fahrzeugmodell \u2013 Rahmenpr\u00e4fix:<\/th><td><a href=\"https:\/\/damicoline.com\/de\/shop\/?vx_brand=PIAGGIO&#038;vx_model=PORTER%20NP6%20MAXXI%20TW3000%201.5%20CNG%20(2021-)&#038;vx_engine=M15KRP&#038;vx_years=2021-\">\ud83d\ude9a PIAGGIO PORTER NP6 MAXXI TW3000 1.5 CNG (2021-) M15KRP (2021-) - ZAPNP6C1C0P, ZAPNP6B1C0P<\/a><\/td><\/tr><tr><th>Fahrzeugmodell \u2013 Rahmenpr\u00e4fix:<\/th><td><a href=\"https:\/\/damicoline.com\/de\/shop\/?vx_brand=PIAGGIO&#038;vx_model=PORTER%20NP6%20MAXXI%20TW3250%201.5%20CNG%20(2021-)&#038;vx_engine=M15KRP&#038;vx_years=2021-\">\ud83d\ude9a PIAGGIO PORTER NP6 MAXXI TW3250 1.5 CNG (2021-) M15KRP (2021-) - ZAPNP6C1D0P, ZAPNP6B1D0P<\/a><\/td><\/tr><\/tbody><\/table><\/div><\/section><\/section>\n","protected":false},"excerpt":{"rendered":"<p>Sekund\u00e4res linkes Handbremsseil f\u00fcr Piaggio Porter NP6 TW 3250\/3000 Entworfen f\u00fcr die Versionen TW 3250 und TW 3000 des Piaggio Porter NP6, verbindet dieses Seil die prim\u00e4re Handbremse mit dem linken Hinterrad. Robustes und zuverl\u00e4ssiges Ersatzteil, das zur Aufrechterhaltung der Effizienz des Bremssystems geeignet ist. Die linke Seite ist vom Fahrersitz aus betrachtet.<\/p>\n","protected":false},"featured_media":8365,"template":"","meta":{"_sitemap_exclude":false,"_sitemap_priority":"","_sitemap_frequency":""},"product_brand":[2671],"product_cat":[538,408],"product_tag":[1045],"class_list":{"0":"post-8828","1":"product","2":"type-product","3":"status-publish","4":"has-post-thumbnail","6":"product_brand-foton","7":"product_cat-bremskabel","8":"product_cat-bremssystem","9":"product_tag-wet240160200a0","11":"first","12":"instock","13":"sale","14":"taxable","15":"shipping-taxable","16":"purchasable","17":"product-type-simple"},"_links":{"self":[{"href":"https:\/\/damicoline.com\/de\/wp-json\/wp\/v2\/product\/8828","targetHints":{"allow":["GET"]}}],"collection":[{"href":"https:\/\/damicoline.com\/de\/wp-json\/wp\/v2\/product"}],"about":[{"href":"https:\/\/damicoline.com\/de\/wp-json\/wp\/v2\/types\/product"}],"wp:featuredmedia":[{"embeddable":true,"href":"https:\/\/damicoline.com\/de\/wp-json\/wp\/v2\/media\/8365"}],"wp:attachment":[{"href":"https:\/\/damicoline.com\/de\/wp-json\/wp\/v2\/media?parent=8828"}],"wp:term":[{"taxonomy":"product_brand","embeddable":true,"href":"https:\/\/damicoline.com\/de\/wp-json\/wp\/v2\/product_brand?post=8828"},{"taxonomy":"product_cat","embeddable":true,"href":"https:\/\/damicoline.com\/de\/wp-json\/wp\/v2\/product_cat?post=8828"},{"taxonomy":"product_tag","embeddable":true,"href":"https:\/\/damicoline.com\/de\/wp-json\/wp\/v2\/product_tag?post=8828"}],"curies":[{"name":"wp","href":"https:\/\/api.w.org\/{rel}","templated":true}]}}