{"id":8833,"date":"2025-05-09T17:35:52","date_gmt":"2025-05-09T15:35:52","guid":{"rendered":"https:\/\/damicoline.com\/product\/cavo-secondario-freno-mano-destro-piaggio-porter-np6-tw-3250-3000\/"},"modified":"2026-04-22T14:30:44","modified_gmt":"2026-04-22T12:30:44","slug":"rechter-bremskabel-np6-tw-3250-3000-fur-hinterrad","status":"publish","type":"product","link":"https:\/\/damicoline.com\/de\/produkt\/rechter-bremskabel-np6-tw-3250-3000-fur-hinterrad\/","title":{"rendered":"Rechter Bremskabel NP6 TW 3250\/3000 f\u00fcr Hinterrad"},"content":{"rendered":"<p><strong>Sekund\u00e4res Handbremskabel rechts f\u00fcr Piaggio Porter NP6 TW 3250\/3000<\/strong><\/p>\n<p>Kompatibel mit den Modellen <strong>TW 3250 und TW 3000<\/strong> des Piaggio Porter NP6, verbindet dieses Kabel die prim\u00e4re Handbremse mit dem rechten Hinterrad. Robustes Ersatzteil, ideal, um die korrekte Spannung des Bremssystems zu gew\u00e4hrleisten. Die rechte Seite wird aus der Sitzposition des Fahrers betrachtet.<\/p>\n<div class=\"text-sm text-gray-800 font-medium mb-2\"><div class=\"text-sm text-gray-800 font-medium mb-2\"><strong>Referenzcodes:<\/strong> WET&#50;&#52;&#48;&#49;&#54;&#48;&#53;&#48;&#48;A0<\/div><\/div>\n<div class=\"oem-box mb-4\"><div class=\"oem-box mb-4\"><p class=\"text-sm text-gray-800 font-medium mb-2\">Typ: <strong>OEM (Foton)<\/strong><\/p><p class=\"text-sm text-gray-700 mb-1\">OEM-Niveau-Komponente von Foton, nach Originalspezifikation f\u00fcr korrekte Passform und Funktion.<\/p><p class=\"text-xs text-gray-500 mt-2\">Nicht von Piaggio gebrandet. Marken geh\u00f6ren den jeweiligen Inhabern.<\/p><\/div><\/div>\n<section class=\"compatibility-block mb-4\"><section class=\"compatibility-block mb-4\"><div class=\"product-extra-details hide-below-992\"><table class=\"woocommerce-product-attributes\"><tbody><tr><th colspan=\"2\"><span class=\"text-sm font-medium mb-2\">Kompatibel mit:<\/span><\/th><\/tr><tr><th>Fahrzeugmodell \u2013 Rahmenpr\u00e4fix:<\/th><td><a href=\"https:\/\/damicoline.com\/de\/shop\/?vx_brand=PIAGGIO&#038;vx_model=PORTER%20NP6%20MAXXI%20TW3000%201.5%20CNG%20(2021-)&#038;vx_engine=M15KRP&#038;vx_years=2021-\">\ud83d\ude9a PIAGGIO PORTER NP6 MAXXI TW3000 1.5 CNG (2021-) M15KRP (2021-) - ZAPNP6C1C0P, ZAPNP6B1C0P<\/a><\/td><\/tr><tr><th>Fahrzeugmodell \u2013 Rahmenpr\u00e4fix:<\/th><td><a href=\"https:\/\/damicoline.com\/de\/shop\/?vx_brand=PIAGGIO&#038;vx_model=PORTER%20NP6%20MAXXI%20TW3250%201.5%20CNG%20(2021-)&#038;vx_engine=M15KRP&#038;vx_years=2021-\">\ud83d\ude9a PIAGGIO PORTER NP6 MAXXI TW3250 1.5 CNG (2021-) M15KRP (2021-) - ZAPNP6C1D0P, ZAPNP6B1D0P<\/a><\/td><\/tr><\/tbody><\/table><\/div><\/section><\/section>\n","protected":false},"excerpt":{"rendered":"<p>Sekund\u00e4res Handbremskabel rechts f\u00fcr Piaggio Porter NP6 TW 3250\/3000 Kompatibel mit den Modellen TW 3250 und TW 3000 des Piaggio Porter NP6, verbindet dieses Kabel die prim\u00e4re Handbremse mit dem rechten Hinterrad. Robustes Ersatzteil, ideal, um die korrekte Spannung des Bremssystems zu gew\u00e4hrleisten. Die rechte Seite wird aus der Sitzposition des Fahrers betrachtet.<\/p>\n","protected":false},"featured_media":8317,"template":"","meta":{"_sitemap_exclude":false,"_sitemap_priority":"","_sitemap_frequency":""},"product_brand":[2671],"product_cat":[538,408],"product_tag":[1051],"class_list":{"0":"post-8833","1":"product","2":"type-product","3":"status-publish","4":"has-post-thumbnail","6":"product_brand-foton","7":"product_cat-bremskabel","8":"product_cat-bremssystem","9":"product_tag-wet240160500a0","11":"first","12":"instock","13":"sale","14":"taxable","15":"shipping-taxable","16":"purchasable","17":"product-type-simple"},"_links":{"self":[{"href":"https:\/\/damicoline.com\/de\/wp-json\/wp\/v2\/product\/8833","targetHints":{"allow":["GET"]}}],"collection":[{"href":"https:\/\/damicoline.com\/de\/wp-json\/wp\/v2\/product"}],"about":[{"href":"https:\/\/damicoline.com\/de\/wp-json\/wp\/v2\/types\/product"}],"wp:featuredmedia":[{"embeddable":true,"href":"https:\/\/damicoline.com\/de\/wp-json\/wp\/v2\/media\/8317"}],"wp:attachment":[{"href":"https:\/\/damicoline.com\/de\/wp-json\/wp\/v2\/media?parent=8833"}],"wp:term":[{"taxonomy":"product_brand","embeddable":true,"href":"https:\/\/damicoline.com\/de\/wp-json\/wp\/v2\/product_brand?post=8833"},{"taxonomy":"product_cat","embeddable":true,"href":"https:\/\/damicoline.com\/de\/wp-json\/wp\/v2\/product_cat?post=8833"},{"taxonomy":"product_tag","embeddable":true,"href":"https:\/\/damicoline.com\/de\/wp-json\/wp\/v2\/product_tag?post=8833"}],"curies":[{"name":"wp","href":"https:\/\/api.w.org\/{rel}","templated":true}]}}